{"id":431904,"date":"2023-05-18T16:41:26","date_gmt":"2023-05-18T14:41:26","guid":{"rendered":"https:\/\/www.claret.cat\/llibre\/harry-potter-y-el-prisionero-de-azkaban-9788498383430\/"},"modified":"2023-05-18T16:41:31","modified_gmt":"2023-05-18T14:41:31","slug":"harry-potter-y-el-prisionero-de-azkaban-9788498383430","status":"publish","type":"product","link":"https:\/\/www.claret.cat\/es\/libro\/harry-potter-y-el-prisionero-de-azkaban-9788498383430\/","title":{"rendered":"HARRY POTTER Y EL PRISIONERO DE AZKABAN"},"content":{"rendered":"<p>Igual que en las dos primeras partes de la serie, Harry aguarda con impaciencia el inicio del tercer curso en el Colegio Hogwarts de Magia. Tras haber cumplido los trece a\u00f1os, solo y lejos de sus amigos, Harry se pelea con su bigotuda t\u00eda Marge, a la que convierte en globo, y debe huir en un autob\u00fas m\u00e1gico. Mientras tanto, de la prisi\u00f3n de Azkaban se ha escapado un terrible villano, Sirius Black, un asesino en serie con poderes m\u00e1gicos que fue c\u00f3mplice de lord Voldemort y que parece dispuesto a borrar a Harry del mapa. Y por si esto fuera poco, Harry deber\u00e1 enfrentarse tambi\u00e9n a unos terribles monstruos, los dementores, seres abominables capaces de robarles la felicidad a los magos y de eliminar todo recuerdo hermoso de aquellos que osan mirarlos. Lo que ninguno de estos malvados personajes sabe es que Harry, con la ayuda de sus fieles amigos Ron y Hermione, es capaz de todo y mucho m\u00e1s.<\/p>\n","protected":false},"excerpt":{"rendered":"<p>ROWLING, J. K.<\/p>\n","protected":false},"featured_media":431905,"template":"","meta":{"_acf_changed":false,"om_disable_all_campaigns":false,"rs_blank_template":"","rs_page_bg_color":"","slide_template_v7":"","inline_featured_image":false,"_monsterinsights_skip_tracking":false,"_monsterinsights_sitenote_active":false,"_monsterinsights_sitenote_note":"","_monsterinsights_sitenote_category":0},"product_brand":[],"product_cat":[86,352],"product_tag":[],"class_list":{"0":"post-431904","1":"product","2":"type-product","3":"status-publish","4":"has-post-thumbnail","6":"product_cat-infantil","7":"product_cat-infantil-3_infantil-juvenil-spa","9":"first","10":"instock","11":"taxable","12":"shipping-taxable","13":"purchasable","14":"product-type-simple"},"acf":{"autor":"ROWLING, J. K.","codart":"849838343","libros-coleccion":"","ediciones":"0","encuadernacion":"R\u00fastica","fecha_de_publicacion":"13\/04\/2012","novedad":"0","paginas":"360","subtitulo":"","orden":"999","portada":"0","idioma":"spa","editorial":[{"ID":148772,"post_author":"3","post_date":"2022-10-14 12:00:51","post_date_gmt":"2022-10-14 10:00:51","post_content":"","post_title":"SALAMANDRA, S.A., EDICIONES","post_excerpt":"","post_status":"publish","comment_status":"closed","ping_status":"closed","post_password":"","post_name":"salamandra-s-a-ediciones","to_ping":"","pinged":"","post_modified":"2022-10-14 12:00:51","post_modified_gmt":"2022-10-14 10:00:51","post_content_filtered":"","post_parent":0,"guid":"http:\/\/dev.claret.cat\/editorial\/salamandra-s-a-ediciones\/","menu_order":0,"post_type":"editorial","post_mime_type":"","comment_count":"0","filter":"raw"}],"autores-libros":[{"ID":158219,"post_author":"3","post_date":"2022-10-14 15:35:06","post_date_gmt":"2022-10-14 13:35:06","post_content":"","post_title":"J. K. ROWLING","post_excerpt":"","post_status":"publish","comment_status":"closed","ping_status":"closed","post_password":"","post_name":"j-k-rowling-3","to_ping":"","pinged":"","post_modified":"2022-10-14 15:35:06","post_modified_gmt":"2022-10-14 13:35:06","post_content_filtered":"","post_parent":0,"guid":"http:\/\/dev.claret.cat\/autor\/j-k-rowling-3\/","menu_order":0,"post_type":"autor","post_mime_type":"","comment_count":"0","filter":"raw"}]},"aioseo_notices":[],"_links":{"self":[{"href":"https:\/\/www.claret.cat\/es\/wp-json\/wp\/v2\/product\/431904","targetHints":{"allow":["GET"]}}],"collection":[{"href":"https:\/\/www.claret.cat\/es\/wp-json\/wp\/v2\/product"}],"about":[{"href":"https:\/\/www.claret.cat\/es\/wp-json\/wp\/v2\/types\/product"}],"wp:featuredmedia":[{"embeddable":true,"href":"https:\/\/www.claret.cat\/es\/wp-json\/wp\/v2\/media\/431905"}],"wp:attachment":[{"href":"https:\/\/www.claret.cat\/es\/wp-json\/wp\/v2\/media?parent=431904"}],"wp:term":[{"taxonomy":"product_brand","embeddable":true,"href":"https:\/\/www.claret.cat\/es\/wp-json\/wp\/v2\/product_brand?post=431904"},{"taxonomy":"product_cat","embeddable":true,"href":"https:\/\/www.claret.cat\/es\/wp-json\/wp\/v2\/product_cat?post=431904"},{"taxonomy":"product_tag","embeddable":true,"href":"https:\/\/www.claret.cat\/es\/wp-json\/wp\/v2\/product_tag?post=431904"}],"curies":[{"name":"wp","href":"https:\/\/api.w.org\/{rel}","templated":true}]}}