{"id":431907,"date":"2023-05-18T16:41:35","date_gmt":"2023-05-18T14:41:35","guid":{"rendered":"https:\/\/www.claret.cat\/llibre\/harry-potter-y-el-caliz-de-fuego-9788498383447\/"},"modified":"2023-05-18T16:41:41","modified_gmt":"2023-05-18T14:41:41","slug":"harry-potter-y-el-caliz-de-fuego-9788498383447","status":"publish","type":"product","link":"https:\/\/www.claret.cat\/es\/libro\/harry-potter-y-el-caliz-de-fuego-9788498383447\/","title":{"rendered":"HARRY POTTER Y EL C\u00c1LIZ DE FUEGO"},"content":{"rendered":"<p>Tras otro abominable verano con los Dursley, Harry se dispone a iniciar el cuarto curso en Hogwarts, la famosa escuela de magia y hechicer\u00eda. A sus catorce a\u00f1os, a Harry le gustar\u00eda ser un joven mago como los dem\u00e1s y dedicarse a aprender nuevos sortilegios, encontrarse con sus amigos Ron y Hermione y asistir con ellos a los Mundiales de quidditch. Sin embargo, al llegar al colegio le espera una gran sorpresa que lo obligar\u00e1 a enfrentarse a los desaf\u00edos m\u00e1s temibles de toda su vida. Si logra superarlos, habr\u00e1 demostrado que ya no es un ni\u00f1o y que est\u00e1 preparado para vivir las nuevas y emocionantes experiencias que el futuro le depara.<\/p>\n","protected":false},"excerpt":{"rendered":"<p>ROWLING, J. K.<\/p>\n","protected":false},"featured_media":431908,"template":"","meta":{"_acf_changed":false,"om_disable_all_campaigns":false,"rs_blank_template":"","rs_page_bg_color":"","slide_template_v7":"","inline_featured_image":false,"_monsterinsights_skip_tracking":false,"_monsterinsights_sitenote_active":false,"_monsterinsights_sitenote_note":"","_monsterinsights_sitenote_category":0},"product_brand":[],"product_cat":[90,540],"product_tag":[],"class_list":{"0":"post-431907","1":"product","2":"type-product","3":"status-publish","4":"has-post-thumbnail","6":"product_cat-altres","7":"product_cat-otros","9":"first","10":"instock","11":"taxable","12":"shipping-taxable","13":"purchasable","14":"product-type-simple"},"acf":{"autor":"ROWLING, J. K.","codart":"849838344","libros-coleccion":"","ediciones":"1","encuadernacion":"R\u00fastica","fecha_de_publicacion":"01\/01\/2011","novedad":"0","paginas":"640","subtitulo":"","orden":"999","portada":"0","idioma":"spa","editorial":[{"ID":148772,"post_author":"3","post_date":"2022-10-14 12:00:51","post_date_gmt":"2022-10-14 10:00:51","post_content":"","post_title":"SALAMANDRA, S.A., EDICIONES","post_excerpt":"","post_status":"publish","comment_status":"closed","ping_status":"closed","post_password":"","post_name":"salamandra-s-a-ediciones","to_ping":"","pinged":"","post_modified":"2022-10-14 12:00:51","post_modified_gmt":"2022-10-14 10:00:51","post_content_filtered":"","post_parent":0,"guid":"http:\/\/dev.claret.cat\/editorial\/salamandra-s-a-ediciones\/","menu_order":0,"post_type":"editorial","post_mime_type":"","comment_count":"0","filter":"raw"}],"autores-libros":[{"ID":158219,"post_author":"3","post_date":"2022-10-14 15:35:06","post_date_gmt":"2022-10-14 13:35:06","post_content":"","post_title":"J. K. ROWLING","post_excerpt":"","post_status":"publish","comment_status":"closed","ping_status":"closed","post_password":"","post_name":"j-k-rowling-3","to_ping":"","pinged":"","post_modified":"2022-10-14 15:35:06","post_modified_gmt":"2022-10-14 13:35:06","post_content_filtered":"","post_parent":0,"guid":"http:\/\/dev.claret.cat\/autor\/j-k-rowling-3\/","menu_order":0,"post_type":"autor","post_mime_type":"","comment_count":"0","filter":"raw"}]},"aioseo_notices":[],"_links":{"self":[{"href":"https:\/\/www.claret.cat\/es\/wp-json\/wp\/v2\/product\/431907","targetHints":{"allow":["GET"]}}],"collection":[{"href":"https:\/\/www.claret.cat\/es\/wp-json\/wp\/v2\/product"}],"about":[{"href":"https:\/\/www.claret.cat\/es\/wp-json\/wp\/v2\/types\/product"}],"wp:featuredmedia":[{"embeddable":true,"href":"https:\/\/www.claret.cat\/es\/wp-json\/wp\/v2\/media\/431908"}],"wp:attachment":[{"href":"https:\/\/www.claret.cat\/es\/wp-json\/wp\/v2\/media?parent=431907"}],"wp:term":[{"taxonomy":"product_brand","embeddable":true,"href":"https:\/\/www.claret.cat\/es\/wp-json\/wp\/v2\/product_brand?post=431907"},{"taxonomy":"product_cat","embeddable":true,"href":"https:\/\/www.claret.cat\/es\/wp-json\/wp\/v2\/product_cat?post=431907"},{"taxonomy":"product_tag","embeddable":true,"href":"https:\/\/www.claret.cat\/es\/wp-json\/wp\/v2\/product_tag?post=431907"}],"curies":[{"name":"wp","href":"https:\/\/api.w.org\/{rel}","templated":true}]}}