{"id":43191,"date":"2022-10-02T21:26:36","date_gmt":"2022-10-02T19:26:36","guid":{"rendered":"http:\/\/dev.claret.cat\/producte\/la-roca-de-la-mila-i-en-carles\/"},"modified":"2023-10-06T10:54:32","modified_gmt":"2023-10-06T08:54:32","slug":"la-roca-de-la-mila-i-en-carles-9788418599583","status":"publish","type":"product","link":"https:\/\/www.claret.cat\/es\/libro\/la-roca-de-la-mila-i-en-carles-9788418599583\/","title":{"rendered":"LA ROCA DE LA MILA I EN CARLES"},"content":{"rendered":"<p>La foca Mila ha trobat una roca especial enmig del mar on se sent molt a gust. Li encanta saltar a l&#8217;aigua des del capdamunt i tamb\u00e9 estirar-s&#8217;hi a sobre per descansar. Un bon dia, un divertit accident va fer que conegu\u00e9s a la gavina Carles. Junts van compartir un temps preci\u00f3s a la roca fins que en Carles va haver d&#8217;anar-se&#8217;n amb la seva fam\u00edlia. Per\u00f2 ser\u00e0 l&#8221;\u00faltima vegada que es trobin?<\/p>\n","protected":false},"excerpt":{"rendered":"<p>MONTAGNANA, ALESSANDRO<\/p>\n","protected":false},"featured_media":59101,"template":"","meta":{"_acf_changed":false,"om_disable_all_campaigns":false,"rs_blank_template":"","rs_page_bg_color":"","slide_template_v7":"","inline_featured_image":false,"_monsterinsights_skip_tracking":false,"_monsterinsights_sitenote_active":false,"_monsterinsights_sitenote_note":"","_monsterinsights_sitenote_category":0},"product_brand":[],"product_cat":[131],"product_tag":[],"class_list":{"0":"post-43191","1":"product","2":"type-product","3":"status-publish","4":"has-post-thumbnail","6":"product_cat-contes-per-infants-0-6-anys","8":"first","9":"instock","10":"taxable","11":"shipping-taxable","12":"purchasable","13":"product-type-simple"},"acf":{"autor":"MONTAGNANA, ALESSANDRO","codart":"841859958","libros-coleccion":"CATALAN","ediciones":"1","encuadernacion":"Carton\u00e9","fecha_de_publicacion":"01\/02\/2022","novedad":"1","paginas":"40","subtitulo":"","orden":"0","portada":"0","idioma":"cat","editorial":[{"ID":148592,"post_author":"3","post_date":"2022-10-14 11:59:27","post_date_gmt":"2022-10-14 09:59:27","post_content":"","post_title":"NUBEOCHO","post_excerpt":"","post_status":"publish","comment_status":"closed","ping_status":"closed","post_password":"","post_name":"nubeocho","to_ping":"","pinged":"","post_modified":"2022-10-14 11:59:27","post_modified_gmt":"2022-10-14 09:59:27","post_content_filtered":"","post_parent":0,"guid":"http:\/\/dev.claret.cat\/editorial\/nubeocho\/","menu_order":0,"post_type":"editorial","post_mime_type":"","comment_count":"0","filter":"raw"}],"autores-libros":[{"ID":149611,"post_author":"3","post_date":"2022-10-14 14:26:17","post_date_gmt":"2022-10-14 12:26:17","post_content":"","post_title":"ALESSANDRO MONTAGNANA","post_excerpt":"","post_status":"publish","comment_status":"closed","ping_status":"closed","post_password":"","post_name":"alessandro-montagnana","to_ping":"","pinged":"","post_modified":"2022-10-14 14:26:17","post_modified_gmt":"2022-10-14 12:26:17","post_content_filtered":"","post_parent":0,"guid":"http:\/\/dev.claret.cat\/autor\/alessandro-montagnana\/","menu_order":0,"post_type":"autor","post_mime_type":"","comment_count":"0","filter":"raw"}]},"aioseo_notices":[],"_links":{"self":[{"href":"https:\/\/www.claret.cat\/es\/wp-json\/wp\/v2\/product\/43191","targetHints":{"allow":["GET"]}}],"collection":[{"href":"https:\/\/www.claret.cat\/es\/wp-json\/wp\/v2\/product"}],"about":[{"href":"https:\/\/www.claret.cat\/es\/wp-json\/wp\/v2\/types\/product"}],"wp:featuredmedia":[{"embeddable":true,"href":"https:\/\/www.claret.cat\/es\/wp-json\/wp\/v2\/media\/59101"}],"wp:attachment":[{"href":"https:\/\/www.claret.cat\/es\/wp-json\/wp\/v2\/media?parent=43191"}],"wp:term":[{"taxonomy":"product_brand","embeddable":true,"href":"https:\/\/www.claret.cat\/es\/wp-json\/wp\/v2\/product_brand?post=43191"},{"taxonomy":"product_cat","embeddable":true,"href":"https:\/\/www.claret.cat\/es\/wp-json\/wp\/v2\/product_cat?post=43191"},{"taxonomy":"product_tag","embeddable":true,"href":"https:\/\/www.claret.cat\/es\/wp-json\/wp\/v2\/product_tag?post=43191"}],"curies":[{"name":"wp","href":"https:\/\/api.w.org\/{rel}","templated":true}]}}