{"id":431922,"date":"2023-05-18T16:42:27","date_gmt":"2023-05-18T14:42:27","guid":{"rendered":"https:\/\/www.claret.cat\/llibre\/aromas-9788498385045\/"},"modified":"2023-05-18T16:42:32","modified_gmt":"2023-05-18T14:42:32","slug":"aromas-9788498385045","status":"publish","type":"product","link":"https:\/\/www.claret.cat\/es\/libro\/aromas-9788498385045\/","title":{"rendered":"AROMAS"},"content":{"rendered":"<p>Si prescindi\u00e9ramos de las im\u00e1genes y los sonidos, nuestros recuerdos ser\u00edan una sucesi\u00f3n de olores percibidos desde la infancia. A partir de esta original propuesta, Philippe Claudel \u2014autor de obras de gran repercusi\u00f3n como Almas grises y La nieta del se\u00f1or Linh\u2014 ha reunido en esta colecci\u00f3n de textos breves una serie de momentos rescatados de su memoria por el poder evocativo de los aromas que los acompa\u00f1aron.<\/p>\n<p>El perfume intenso de la tierra negra, de los r\u00edos oscuros y los bosques de abetos de su Lorena natal; la fragancia de la loci\u00f3n de su padre, en contraste con su ausencia en la casa inodora y vac\u00eda tras su muerte: tan s\u00f3lo una muestra de la infinita variedad de olores asociados a los objetos, lugares y gentes que jalonan una vida. Aromas del hogar familiar, de la adolescencia, del internado, de los primeros amores. Olores que fascinan, que incomodan, que hacen so\u00f1ar, y que van conformandola identidad de un ser humano, cada uno de ellos convertido, mediante la prosa trasl\u00facida y elegante de Claudel, en un elixir m\u00e1gico que fascina por la fuerza de su pureza y sencillez. M\u00e1s all\u00e1 de un mero ejercicio de introspecci\u00f3n intimista, estos textos son un homenaje a la tierra que lo vio nacer, a las personas relevantes de su vida, as\u00ed como una celebraci\u00f3n de todos aquellos instantes de plenitud con que suele regalarnos la existencia.<\/p>\n","protected":false},"excerpt":{"rendered":"<p>CLAUDEL, PHILIPPE<\/p>\n","protected":false},"featured_media":431923,"template":"","meta":{"_acf_changed":false,"om_disable_all_campaigns":false,"rs_blank_template":"","rs_page_bg_color":"","slide_template_v7":"","inline_featured_image":false,"_monsterinsights_skip_tracking":false,"_monsterinsights_sitenote_active":false,"_monsterinsights_sitenote_note":"","_monsterinsights_sitenote_category":0},"product_brand":[],"product_cat":[87,353],"product_tag":[],"class_list":{"0":"post-431922","1":"product","2":"type-product","3":"status-publish","4":"has-post-thumbnail","6":"product_cat-literatura","7":"product_cat-literatura-2_humanidades","9":"first","10":"instock","11":"taxable","12":"shipping-taxable","13":"purchasable","14":"product-type-simple"},"acf":{"autor":"CLAUDEL, PHILIPPE","codart":"849838504","libros-coleccion":"","ediciones":"1","encuadernacion":"R\u00fastica","fecha_de_publicacion":"01\/04\/2013","novedad":"0","paginas":"158","subtitulo":"","orden":"999","portada":"0","idioma":"spa","editorial":[{"ID":148772,"post_author":"3","post_date":"2022-10-14 12:00:51","post_date_gmt":"2022-10-14 10:00:51","post_content":"","post_title":"SALAMANDRA, S.A., EDICIONES","post_excerpt":"","post_status":"publish","comment_status":"closed","ping_status":"closed","post_password":"","post_name":"salamandra-s-a-ediciones","to_ping":"","pinged":"","post_modified":"2022-10-14 12:00:51","post_modified_gmt":"2022-10-14 10:00:51","post_content_filtered":"","post_parent":0,"guid":"http:\/\/dev.claret.cat\/editorial\/salamandra-s-a-ediciones\/","menu_order":0,"post_type":"editorial","post_mime_type":"","comment_count":"0","filter":"raw"}],"autores-libros":[{"ID":167191,"post_author":"3","post_date":"2022-10-14 18:09:15","post_date_gmt":"2022-10-14 16:09:15","post_content":"","post_title":"PHILIPPE CLAUDEL","post_excerpt":"","post_status":"publish","comment_status":"closed","ping_status":"closed","post_password":"","post_name":"philippe-claudel","to_ping":"","pinged":"","post_modified":"2022-10-14 18:09:15","post_modified_gmt":"2022-10-14 16:09:15","post_content_filtered":"","post_parent":0,"guid":"http:\/\/dev.claret.cat\/autor\/philippe-claudel\/","menu_order":0,"post_type":"autor","post_mime_type":"","comment_count":"0","filter":"raw"}]},"aioseo_notices":[],"_links":{"self":[{"href":"https:\/\/www.claret.cat\/es\/wp-json\/wp\/v2\/product\/431922","targetHints":{"allow":["GET"]}}],"collection":[{"href":"https:\/\/www.claret.cat\/es\/wp-json\/wp\/v2\/product"}],"about":[{"href":"https:\/\/www.claret.cat\/es\/wp-json\/wp\/v2\/types\/product"}],"wp:featuredmedia":[{"embeddable":true,"href":"https:\/\/www.claret.cat\/es\/wp-json\/wp\/v2\/media\/431923"}],"wp:attachment":[{"href":"https:\/\/www.claret.cat\/es\/wp-json\/wp\/v2\/media?parent=431922"}],"wp:term":[{"taxonomy":"product_brand","embeddable":true,"href":"https:\/\/www.claret.cat\/es\/wp-json\/wp\/v2\/product_brand?post=431922"},{"taxonomy":"product_cat","embeddable":true,"href":"https:\/\/www.claret.cat\/es\/wp-json\/wp\/v2\/product_cat?post=431922"},{"taxonomy":"product_tag","embeddable":true,"href":"https:\/\/www.claret.cat\/es\/wp-json\/wp\/v2\/product_tag?post=431922"}],"curies":[{"name":"wp","href":"https:\/\/api.w.org\/{rel}","templated":true}]}}