{"id":431947,"date":"2023-05-18T16:43:55","date_gmt":"2023-05-18T14:43:55","guid":{"rendered":"https:\/\/www.claret.cat\/llibre\/la-maldicion-del-titan-percy-jackson-y-los-dioses-del-olimpo-novela-grafica-3-9788498389708\/"},"modified":"2023-05-18T16:44:01","modified_gmt":"2023-05-18T14:44:01","slug":"la-maldicion-del-titan-percy-jackson-y-los-dioses-del-olimpo-novela-grafica-3-9788498389708","status":"publish","type":"product","link":"https:\/\/www.claret.cat\/es\/libro\/la-maldicion-del-titan-percy-jackson-y-los-dioses-del-olimpo-novela-grafica-3-9788498389708\/","title":{"rendered":"LA MALDICI\u00d3N DEL TIT\u00c1N (PERCY JACKSON Y LOS DIOSES DEL OLIMPO [NOVELA GR\u00c1FICA] 3"},"content":{"rendered":"<p>Una lucha milenaria. Siete adolescentes en apuros. Y el fin del mundo a la vuelta de la esquina. El destino de la humanidad pende de un hilo: Gaia, la madre Tierra, ha  abierto de par en par las Puertas de la Muerte para liberar a sus  despiadados monstruos. Los \u00fanicos que pueden cerrarlas son Percy, Jason,  Piper, Hazel, Frank, Leo y Annabeth, el equipo de semidioses griegos y  romanos elegido por una antigua profec\u00eda. Pero su misi\u00f3n es todav\u00eda m\u00e1s  dif\u00edcil de lo que parece: sospechan que para encontrar las puertas  deber\u00e1n cruzar el oc\u00e9ano, tienen solo seis d\u00edas para conseguirlo y, por  si fuera poco, acaba de estallar la guerra entre sus dos campamentos y ahora ellos son un objetivo&#8230; \u00bfLograr\u00e1n ganar esta carrera de obst\u00e1culos contrarreloj?<\/p>\n","protected":false},"excerpt":{"rendered":"<p>RIORDAN, RICK<\/p>\n","protected":false},"featured_media":431948,"template":"","meta":{"_acf_changed":false,"om_disable_all_campaigns":false,"rs_blank_template":"","rs_page_bg_color":"","slide_template_v7":"","inline_featured_image":false,"_monsterinsights_skip_tracking":false,"_monsterinsights_sitenote_active":false,"_monsterinsights_sitenote_note":"","_monsterinsights_sitenote_category":0},"product_brand":[],"product_cat":[90,540],"product_tag":[],"class_list":{"0":"post-431947","1":"product","2":"type-product","3":"status-publish","4":"has-post-thumbnail","6":"product_cat-altres","7":"product_cat-otros","9":"first","10":"instock","11":"taxable","12":"shipping-taxable","13":"purchasable","14":"product-type-simple"},"acf":{"autor":"RIORDAN, RICK","codart":"849838970","libros-coleccion":"FORA DE COL.LECCI\u00d3","ediciones":"1","encuadernacion":"R\u00fastica","fecha_de_publicacion":"01\/11\/2019","novedad":"1","paginas":"0","subtitulo":"","orden":"0","portada":"0","idioma":"spa","editorial":[{"ID":6354,"post_author":"3","post_date":"2022-07-28 17:50:23","post_date_gmt":"2022-07-28 15:50:23","post_content":"","post_title":"Salamandra Infantil y Juvenil","post_excerpt":"","post_status":"publish","comment_status":"closed","ping_status":"closed","post_password":"","post_name":"salamandra-infantil-y-juvenil","to_ping":"","pinged":"","post_modified":"2022-07-28 17:50:23","post_modified_gmt":"2022-07-28 15:50:23","post_content_filtered":"","post_parent":0,"guid":"http:\/\/dev.claret.cat\/editorial\/salamandra-infantil-y-juvenil\/","menu_order":0,"post_type":"editorial","post_mime_type":"","comment_count":"0","filter":"raw"}],"autores-libros":[{"ID":168131,"post_author":"3","post_date":"2022-10-14 18:16:46","post_date_gmt":"2022-10-14 16:16:46","post_content":"","post_title":"RICK RIORDAN","post_excerpt":"","post_status":"publish","comment_status":"closed","ping_status":"closed","post_password":"","post_name":"rick-riordan","to_ping":"","pinged":"","post_modified":"2022-10-14 18:16:46","post_modified_gmt":"2022-10-14 16:16:46","post_content_filtered":"","post_parent":0,"guid":"http:\/\/dev.claret.cat\/autor\/rick-riordan\/","menu_order":0,"post_type":"autor","post_mime_type":"","comment_count":"0","filter":"raw"}]},"aioseo_notices":[],"_links":{"self":[{"href":"https:\/\/www.claret.cat\/es\/wp-json\/wp\/v2\/product\/431947","targetHints":{"allow":["GET"]}}],"collection":[{"href":"https:\/\/www.claret.cat\/es\/wp-json\/wp\/v2\/product"}],"about":[{"href":"https:\/\/www.claret.cat\/es\/wp-json\/wp\/v2\/types\/product"}],"wp:featuredmedia":[{"embeddable":true,"href":"https:\/\/www.claret.cat\/es\/wp-json\/wp\/v2\/media\/431948"}],"wp:attachment":[{"href":"https:\/\/www.claret.cat\/es\/wp-json\/wp\/v2\/media?parent=431947"}],"wp:term":[{"taxonomy":"product_brand","embeddable":true,"href":"https:\/\/www.claret.cat\/es\/wp-json\/wp\/v2\/product_brand?post=431947"},{"taxonomy":"product_cat","embeddable":true,"href":"https:\/\/www.claret.cat\/es\/wp-json\/wp\/v2\/product_cat?post=431947"},{"taxonomy":"product_tag","embeddable":true,"href":"https:\/\/www.claret.cat\/es\/wp-json\/wp\/v2\/product_tag?post=431947"}],"curies":[{"name":"wp","href":"https:\/\/api.w.org\/{rel}","templated":true}]}}