{"id":431956,"date":"2023-05-18T16:44:23","date_gmt":"2023-05-18T14:44:23","guid":{"rendered":"https:\/\/www.claret.cat\/llibre\/hablar-con-dios-4-semanas-xiiixxiii-9788498400410\/"},"modified":"2025-10-30T10:45:22","modified_gmt":"2025-10-30T09:45:22","slug":"hablar-con-dios-4-semanas-xiiixxiii-9788498400410","status":"publish","type":"product","link":"https:\/\/www.claret.cat\/es\/libro\/hablar-con-dios-4-semanas-xiiixxiii-9788498400410\/","title":{"rendered":"HABLAR CON DIOS 4. SEMANAS XIII-XXIII"},"content":{"rendered":"<p>Cristo tiene siempre algo que decirnos, a cada uno en particular, personalmente: en el Evangelio, en la doctrina de la Iglesia, en la liturgia. <br \/>El lector se siente ayudado a conversar con Dios de la vida misma: de sus situaciones reales cotidianas, de sus penas y afanes concretos. Por eso Hablar con Dios no es un tratado para \u00b4especialistas\u00b4, sino para la gente que encontramos cada d\u00eda por la vida: para la madre de familia, para el empleado, para el oficinista, para el sacerdote, para el profesor. Los m\u00e1s de dos millones de ejemplares vendidos son un ejemplo de esto. El libro no encorseta la oraci\u00f3n; es, mas bien, un manantial de sugerencias abiertas, para cualquier circunstancia vital, pero que apunta a la vez a la concreci\u00f3n, a una aplicaci\u00f3n efectiva. La oraci\u00f3n diaria se proyecta as\u00ed sobre la convivencia y los quehaceres normales de todos los d\u00edas. El libro esta lleno de sugerencias para adelantar en el amor a Dios, en la convivencia diaria, en la mejora del car\u00e1cter y en la perfecci\u00f3n del trabajo habitual.<\/p>\n","protected":false},"excerpt":{"rendered":"<p>FERN\u00c1NDEZ-CARVAJAL, FRANC<\/p>\n","protected":false},"featured_media":1062746,"template":"","meta":{"_acf_changed":false,"om_disable_all_campaigns":false,"rs_blank_template":"","rs_page_bg_color":"","slide_template_v7":"","inline_featured_image":false,"_monsterinsights_skip_tracking":false,"_monsterinsights_sitenote_active":false,"_monsterinsights_sitenote_note":"","_monsterinsights_sitenote_category":0},"product_brand":[],"product_cat":[253,399,501,256,497,248,394,236],"product_tag":[],"class_list":{"0":"post-431956","1":"product","2":"type-product","3":"status-publish","4":"has-post-thumbnail","6":"product_cat-any-liturgic","7":"product_cat-any-liturgic-liturgia-1_espiritualidad","8":"product_cat-homiletica-liturgia-1_espiritualidad","9":"product_cat-homiletica","10":"product_cat-meditaciones","11":"product_cat-meditacions","12":"product_cat-vida-cotidiana","13":"product_cat-vida-quotidiana","15":"first","16":"outofstock","17":"taxable","18":"shipping-taxable","19":"purchasable","20":"product-type-simple"},"acf":{"autor":"FERN\u00c1NDEZ-CARVAJAL, FRANC","codart":"849840041","libros-coleccion":"Hablar con Dios","ediciones":"13","encuadernacion":"R\u00fastica","fecha_de_publicacion":"26\/02\/2007","novedad":"0","paginas":"832","subtitulo":"MEDITACIONES PARA CADA D\u00cdA DEL A\u00d1O. TIEMPO ORDINARIO (2) SEMANAS XIII-XXIII","orden":"0","portada":"0","idioma":"spa","editorial":[{"ID":6323,"post_author":"3","post_date":"2022-07-28 17:49:43","post_date_gmt":"2022-07-28 15:49:43","post_content":"","post_title":"PALABRA - excepte fulletons","post_excerpt":"","post_status":"publish","comment_status":"closed","ping_status":"closed","post_password":"","post_name":"palabra-excepte-fulletons","to_ping":"","pinged":"","post_modified":"2022-07-28 17:49:43","post_modified_gmt":"2022-07-28 15:49:43","post_content_filtered":"","post_parent":0,"guid":"http:\/\/dev.claret.cat\/editorial\/palabra-excepte-fulletons\/","menu_order":0,"post_type":"editorial","post_mime_type":"","comment_count":"0","filter":"raw"}],"autores-libros":[{"ID":5488,"post_author":"3","post_date":"2022-07-28 17:25:04","post_date_gmt":"2022-07-28 15:25:04","post_content":"","post_title":"FRANCISCO FERNANDEZ-CARVAJAL","post_excerpt":"","post_status":"publish","comment_status":"closed","ping_status":"closed","post_password":"","post_name":"francisco-fernandez-carvajal","to_ping":"","pinged":"","post_modified":"2022-07-28 17:25:04","post_modified_gmt":"2022-07-28 15:25:04","post_content_filtered":"","post_parent":0,"guid":"http:\/\/dev.claret.cat\/autor\/francisco-fernandez-carvajal\/","menu_order":0,"post_type":"autor","post_mime_type":"","comment_count":"0","filter":"raw"}],"booktrailer":"","resenas":""},"aioseo_notices":[],"_links":{"self":[{"href":"https:\/\/www.claret.cat\/es\/wp-json\/wp\/v2\/product\/431956","targetHints":{"allow":["GET"]}}],"collection":[{"href":"https:\/\/www.claret.cat\/es\/wp-json\/wp\/v2\/product"}],"about":[{"href":"https:\/\/www.claret.cat\/es\/wp-json\/wp\/v2\/types\/product"}],"wp:featuredmedia":[{"embeddable":true,"href":"https:\/\/www.claret.cat\/es\/wp-json\/wp\/v2\/media\/1062746"}],"wp:attachment":[{"href":"https:\/\/www.claret.cat\/es\/wp-json\/wp\/v2\/media?parent=431956"}],"wp:term":[{"taxonomy":"product_brand","embeddable":true,"href":"https:\/\/www.claret.cat\/es\/wp-json\/wp\/v2\/product_brand?post=431956"},{"taxonomy":"product_cat","embeddable":true,"href":"https:\/\/www.claret.cat\/es\/wp-json\/wp\/v2\/product_cat?post=431956"},{"taxonomy":"product_tag","embeddable":true,"href":"https:\/\/www.claret.cat\/es\/wp-json\/wp\/v2\/product_tag?post=431956"}],"curies":[{"name":"wp","href":"https:\/\/api.w.org\/{rel}","templated":true}]}}