{"id":432,"date":"2022-07-27T15:17:47","date_gmt":"2022-07-27T13:17:47","guid":{"rendered":"http:\/\/dev.claret.cat\/producto\/muerte-y-enterramiento-en-el-antiguo-egipto-9788418648762\/"},"modified":"2023-10-06T08:52:58","modified_gmt":"2023-10-06T06:52:58","slug":"muerte-y-enterramiento-en-el-antiguo-egipto-9788418648762","status":"publish","type":"product","link":"https:\/\/www.claret.cat\/es\/libro\/muerte-y-enterramiento-en-el-antiguo-egipto-9788418648762\/","title":{"rendered":"MUERTE Y ENTERRAMIENTO EN EL ANTIGUO EGIPTO"},"content":{"rendered":"<p>La muerte, el enterramiento y el m\u00e1s all\u00e1 eran tan importantes para los antiguos egipcios como la forma en que viv\u00edan. En esta obra, Salima Ikram, autora de Antiguo Egipto en esta misma colecci\u00f3n, explora todos los aspectos de la muerte en el Pa\u00eds del Nilo como nunca antes se hab\u00edan visto. Un recorrido por las creencias sobre el m\u00e1s all\u00e1, la momificaci\u00f3n, la protecci\u00f3n del cuerpo, las tumbas y su construcci\u00f3n y decoraci\u00f3n, los bienes funerarios, el funeral en s\u00ed y la \u00edntima relaci\u00f3n m\u00e1gico-religiosa entre los vivos y los muertos para la consecuci\u00f3n de la eternidad. La propia experiencia de Salima Ikram en la momificaci\u00f3n experimental cient\u00edfica y en la arqueolog\u00eda funeraria aporta al libro muchos conceptos e ideas completamente originales. Un libro \u00fanico que combina todos los aspectos de la muerte y el enterramiento en el Antiguo Egipto.<\/p>\n<p> \u00abMuerte y enterramiento en el Antiguo Egipto se encuentra entre los mejores libros sobre la materia. Lleva al lector desde la historia temprana del Antiguo Egipto, a trav\u00e9s de las creencias, las pr\u00e1cticas funerarias y el desarrollo de las tumbas y las pir\u00e1mides. Un trabajo excelente y muy recomendable\u00bb. Ancient History Encyclopedia <\/p>\n<p> \u00abUn libro espl\u00e9ndido para todos los estudiosos del Antiguo Egipto. Altamente recomendable\u00bb. G. R. G. Hambly, Universidad de Texas <\/p>\n<p> \u00abUna excelente introducci\u00f3n a toda el \u00e1rea tem\u00e1tica\u00bb. Rosalie David, Universidad de M\u00e1nchester<\/p>\n<p> \u00abTeniendo en cuenta el amplio alcance del libro, la fiabilidad cient\u00edfica y el asequible entendimiento del texto, es muy adecuado para cualquier persona que desee aprender m\u00e1s sobre el Antiguo Egipto en un tiempo limitado. Proporciona una buena visi\u00f3n general tanto para los profanos como para los estudiantes de arqueolog\u00eda\u00bb. PalArch?s, Revista de Arqueolog\u00eda de Egipto<\/p>\n","protected":false},"excerpt":{"rendered":"<p>SALIMA IKRAM<\/p>\n","protected":false},"featured_media":53123,"template":"","meta":{"_acf_changed":false,"om_disable_all_campaigns":false,"rs_blank_template":"","rs_page_bg_color":"","slide_template_v7":"","inline_featured_image":false,"_monsterinsights_skip_tracking":false,"_monsterinsights_sitenote_active":false,"_monsterinsights_sitenote_note":"","_monsterinsights_sitenote_category":0},"product_brand":[],"product_cat":[367],"product_tag":[],"class_list":{"0":"post-432","1":"product","2":"type-product","3":"status-publish","4":"has-post-thumbnail","6":"product_cat-antigua","8":"first","9":"instock","10":"taxable","11":"shipping-taxable","12":"purchasable","13":"product-type-simple"},"acf":{"autor":"SALIMA IKRAM","codart":"841864876","ediciones":"1","encuadernacion":"R\u00fastica","fecha_de_publicacion":"01\/06\/2022","novedad":"1","paginas":"274","subtitulo":"EL CAMINO HACIA LA ETERNIDAD","orden":"0","portada":"0","idioma":"spa","libros-coleccion":"FORA DE COL.LECCI\u00d3","autores-libros":[{"ID":6006,"post_author":"3","post_date":"2022-07-28 17:36:09","post_date_gmt":"2022-07-28 15:36:09","post_content":"","post_title":"SALIMA IKRAM","post_excerpt":"","post_status":"publish","comment_status":"closed","ping_status":"closed","post_password":"","post_name":"salima-ikram","to_ping":"","pinged":"","post_modified":"2022-07-28 17:36:09","post_modified_gmt":"2022-07-28 15:36:09","post_content_filtered":"","post_parent":0,"guid":"http:\/\/dev.claret.cat\/autor\/salima-ikram\/","menu_order":0,"post_type":"autor","post_mime_type":"","comment_count":"0","filter":"raw"}],"editorial":[{"ID":6120,"post_author":"3","post_date":"2022-07-28 17:45:19","post_date_gmt":"2022-07-28 15:45:19","post_content":"","post_title":"ALMUZARA","post_excerpt":"","post_status":"publish","comment_status":"closed","ping_status":"closed","post_password":"","post_name":"almuzara","to_ping":"","pinged":"","post_modified":"2022-07-28 17:45:19","post_modified_gmt":"2022-07-28 15:45:19","post_content_filtered":"","post_parent":0,"guid":"http:\/\/dev.claret.cat\/editorial\/almuzara\/","menu_order":0,"post_type":"editorial","post_mime_type":"","comment_count":"0","filter":"raw"}]},"aioseo_notices":[],"_links":{"self":[{"href":"https:\/\/www.claret.cat\/es\/wp-json\/wp\/v2\/product\/432","targetHints":{"allow":["GET"]}}],"collection":[{"href":"https:\/\/www.claret.cat\/es\/wp-json\/wp\/v2\/product"}],"about":[{"href":"https:\/\/www.claret.cat\/es\/wp-json\/wp\/v2\/types\/product"}],"wp:featuredmedia":[{"embeddable":true,"href":"https:\/\/www.claret.cat\/es\/wp-json\/wp\/v2\/media\/53123"}],"wp:attachment":[{"href":"https:\/\/www.claret.cat\/es\/wp-json\/wp\/v2\/media?parent=432"}],"wp:term":[{"taxonomy":"product_brand","embeddable":true,"href":"https:\/\/www.claret.cat\/es\/wp-json\/wp\/v2\/product_brand?post=432"},{"taxonomy":"product_cat","embeddable":true,"href":"https:\/\/www.claret.cat\/es\/wp-json\/wp\/v2\/product_cat?post=432"},{"taxonomy":"product_tag","embeddable":true,"href":"https:\/\/www.claret.cat\/es\/wp-json\/wp\/v2\/product_tag?post=432"}],"curies":[{"name":"wp","href":"https:\/\/api.w.org\/{rel}","templated":true}]}}