{"id":432002,"date":"2023-05-18T16:47:38","date_gmt":"2023-05-18T14:47:38","guid":{"rendered":"https:\/\/www.claret.cat\/llibre\/para-llegar-a-puerto-9788498403817\/"},"modified":"2025-01-13T15:55:18","modified_gmt":"2025-01-13T14:55:18","slug":"para-llegar-a-puerto-9788498403817","status":"publish","type":"product","link":"https:\/\/www.claret.cat\/es\/libro\/para-llegar-a-puerto-9788498403817\/","title":{"rendered":"PARA LLEGAR A PUERTO"},"content":{"rendered":"<p>Recogiendo la experiencia de muchos santos, Fern\u00e1ndez-Carvajal, el mismo autor de la gran conocida colecci\u00f3n Hablar con Dios, expone el sentido y el contenido de la direcci\u00f3n espiritual que se vive en la Iglesia.<\/p>\n","protected":false},"excerpt":{"rendered":"<p>FERN\u00c1NDEZ-CARVAJAL, FRANCISCO<\/p>\n","protected":false},"featured_media":998329,"template":"","meta":{"_acf_changed":false,"om_disable_all_campaigns":false,"rs_blank_template":"","rs_page_bg_color":"","slide_template_v7":"","inline_featured_image":false,"_monsterinsights_skip_tracking":false,"_monsterinsights_sitenote_active":false,"_monsterinsights_sitenote_note":"","_monsterinsights_sitenote_category":0},"product_brand":[],"product_cat":[345,79],"product_tag":[],"class_list":{"0":"post-432002","1":"product","2":"type-product","3":"status-publish","4":"has-post-thumbnail","6":"product_cat-espiritualidad","7":"product_cat-espiritualitat","9":"first","10":"instock","11":"taxable","12":"shipping-taxable","13":"purchasable","14":"product-type-simple"},"acf":{"autor":"FERN\u00c1NDEZ-CARVAJAL, FRANCISCO","codart":"849840381","libros-coleccion":"","ediciones":"1","encuadernacion":"R\u00fastica","fecha_de_publicacion":"01\/06\/2010","novedad":"0","paginas":"0","subtitulo":"EL SENTIDO DE LA AYUDA ESPIRITUAL","orden":"999","portada":"0","idioma":"spa","editorial":[{"ID":6324,"post_author":"3","post_date":"2022-07-28 17:49:44","post_date_gmt":"2022-07-28 15:49:44","post_content":"","post_title":"PALABRA, EDICIONES S. A.","post_excerpt":"","post_status":"publish","comment_status":"closed","ping_status":"closed","post_password":"","post_name":"palabra-ediciones-s-a","to_ping":"","pinged":"","post_modified":"2022-07-28 17:49:44","post_modified_gmt":"2022-07-28 15:49:44","post_content_filtered":"","post_parent":0,"guid":"http:\/\/dev.claret.cat\/editorial\/palabra-ediciones-s-a\/","menu_order":0,"post_type":"editorial","post_mime_type":"","comment_count":"0","filter":"raw"}],"autores-libros":[{"ID":5488,"post_author":"3","post_date":"2022-07-28 17:25:04","post_date_gmt":"2022-07-28 15:25:04","post_content":"","post_title":"FRANCISCO FERNANDEZ-CARVAJAL","post_excerpt":"","post_status":"publish","comment_status":"closed","ping_status":"closed","post_password":"","post_name":"francisco-fernandez-carvajal","to_ping":"","pinged":"","post_modified":"2022-07-28 17:25:04","post_modified_gmt":"2022-07-28 15:25:04","post_content_filtered":"","post_parent":0,"guid":"http:\/\/dev.claret.cat\/autor\/francisco-fernandez-carvajal\/","menu_order":0,"post_type":"autor","post_mime_type":"","comment_count":"0","filter":"raw"}]},"aioseo_notices":[],"_links":{"self":[{"href":"https:\/\/www.claret.cat\/es\/wp-json\/wp\/v2\/product\/432002","targetHints":{"allow":["GET"]}}],"collection":[{"href":"https:\/\/www.claret.cat\/es\/wp-json\/wp\/v2\/product"}],"about":[{"href":"https:\/\/www.claret.cat\/es\/wp-json\/wp\/v2\/types\/product"}],"wp:featuredmedia":[{"embeddable":true,"href":"https:\/\/www.claret.cat\/es\/wp-json\/wp\/v2\/media\/998329"}],"wp:attachment":[{"href":"https:\/\/www.claret.cat\/es\/wp-json\/wp\/v2\/media?parent=432002"}],"wp:term":[{"taxonomy":"product_brand","embeddable":true,"href":"https:\/\/www.claret.cat\/es\/wp-json\/wp\/v2\/product_brand?post=432002"},{"taxonomy":"product_cat","embeddable":true,"href":"https:\/\/www.claret.cat\/es\/wp-json\/wp\/v2\/product_cat?post=432002"},{"taxonomy":"product_tag","embeddable":true,"href":"https:\/\/www.claret.cat\/es\/wp-json\/wp\/v2\/product_tag?post=432002"}],"curies":[{"name":"wp","href":"https:\/\/api.w.org\/{rel}","templated":true}]}}