{"id":432005,"date":"2023-05-18T16:47:49","date_gmt":"2023-05-18T14:47:49","guid":{"rendered":"https:\/\/www.claret.cat\/llibre\/mi-primera-comunion-no3-catequesis-parroquial-y-familiar-spa-9788498403855\/"},"modified":"2025-09-29T10:35:06","modified_gmt":"2025-09-29T08:35:06","slug":"mi-primera-comunion-no3-catequesis-parroquial-y-familiar-spa-9788498403855","status":"publish","type":"product","link":"https:\/\/www.claret.cat\/es\/libro\/mi-primera-comunion-no3-catequesis-parroquial-y-familiar-spa-9788498403855\/","title":{"rendered":"MI PRIMERA COMUNION N\u00ba3 CATEQUESIS PARROQUIAL Y FAMILIAR (SPA)"},"content":{"rendered":"<p>El ni\u00f1o profundiza en el conocimiento del misterio de la persona de Jes\u00fas y se prepara para recibir el sacramento de la Eucarist\u00eda.La catequesis parroquial y familiar constituye un completo curso, sencillo y eficaz, dividido en cuadernos, especialmente dise\u00f1ados para que chicos y chicas entiendan y asimilen su relaci\u00f3n con Dios de un modo adecuado a cada edad.Recomendado para la preparaci\u00f3n a la Primera Comuni\u00f3n.<\/p>\n","protected":false},"excerpt":{"rendered":"<p>BLANCO, MATEO\/ GONZALEZ,<\/p>\n","protected":false},"featured_media":432006,"template":"","meta":{"_acf_changed":false,"om_disable_all_campaigns":false,"rs_blank_template":"","rs_page_bg_color":"","slide_template_v7":"","inline_featured_image":false,"_monsterinsights_skip_tracking":false,"_monsterinsights_sitenote_active":false,"_monsterinsights_sitenote_note":"","_monsterinsights_sitenote_category":0},"product_brand":[],"product_cat":[90,540],"product_tag":[],"class_list":{"0":"post-432005","1":"product","2":"type-product","3":"status-publish","4":"has-post-thumbnail","6":"product_cat-altres","7":"product_cat-otros","9":"first","10":"instock","11":"taxable","12":"shipping-taxable","13":"purchasable","14":"product-type-simple"},"acf":{"autor":"BLANCO, MATEO\/ GONZALEZ,","codart":"849840385","libros-coleccion":"","ediciones":"9","encuadernacion":"Grapado","fecha_de_publicacion":"01\/09\/2010","novedad":"0","paginas":"79","subtitulo":"","orden":"999","portada":"0","idioma":"spa","editorial":[{"ID":6323,"post_author":"3","post_date":"2022-07-28 17:49:43","post_date_gmt":"2022-07-28 15:49:43","post_content":"","post_title":"PALABRA - excepte fulletons","post_excerpt":"","post_status":"publish","comment_status":"closed","ping_status":"closed","post_password":"","post_name":"palabra-excepte-fulletons","to_ping":"","pinged":"","post_modified":"2022-07-28 17:49:43","post_modified_gmt":"2022-07-28 15:49:43","post_content_filtered":"","post_parent":0,"guid":"http:\/\/dev.claret.cat\/editorial\/palabra-excepte-fulletons\/","menu_order":0,"post_type":"editorial","post_mime_type":"","comment_count":"0","filter":"raw"}],"autores-libros":[{"ID":422552,"post_author":"3","post_date":"2023-05-16 07:21:11","post_date_gmt":"2023-05-16 05:21:11","post_content":"","post_title":"FERM\u00cdN GONZ\u00c1LEZ","post_excerpt":"","post_status":"publish","comment_status":"closed","ping_status":"closed","post_password":"","post_name":"fermin-gonzalez","to_ping":"","pinged":"","post_modified":"2023-05-16 07:21:11","post_modified_gmt":"2023-05-16 05:21:11","post_content_filtered":"","post_parent":0,"guid":"https:\/\/www.claret.cat\/autor\/fermin-gonzalez\/","menu_order":0,"post_type":"autor","post_mime_type":"","comment_count":"0","filter":"raw"},{"ID":426447,"post_author":"3","post_date":"2023-05-16 08:45:10","post_date_gmt":"2023-05-16 06:45:10","post_content":"","post_title":"MATEO BLANCO","post_excerpt":"","post_status":"publish","comment_status":"closed","ping_status":"closed","post_password":"","post_name":"mateo-blanco","to_ping":"","pinged":"","post_modified":"2023-05-16 08:45:10","post_modified_gmt":"2023-05-16 06:45:10","post_content_filtered":"","post_parent":0,"guid":"https:\/\/www.claret.cat\/autor\/mateo-blanco\/","menu_order":0,"post_type":"autor","post_mime_type":"","comment_count":"0","filter":"raw"}],"traductores-libros":"","ilustradores-libros":"","formato":"","linkebook":"","precioebook":"","ebookportada":false,"ficha":"","muestra":"","presentacion":"","booktrailer":"","resenas":"","recomendamos":"","mas_vendido":""},"aioseo_notices":[],"_links":{"self":[{"href":"https:\/\/www.claret.cat\/es\/wp-json\/wp\/v2\/product\/432005","targetHints":{"allow":["GET"]}}],"collection":[{"href":"https:\/\/www.claret.cat\/es\/wp-json\/wp\/v2\/product"}],"about":[{"href":"https:\/\/www.claret.cat\/es\/wp-json\/wp\/v2\/types\/product"}],"wp:featuredmedia":[{"embeddable":true,"href":"https:\/\/www.claret.cat\/es\/wp-json\/wp\/v2\/media\/432006"}],"wp:attachment":[{"href":"https:\/\/www.claret.cat\/es\/wp-json\/wp\/v2\/media?parent=432005"}],"wp:term":[{"taxonomy":"product_brand","embeddable":true,"href":"https:\/\/www.claret.cat\/es\/wp-json\/wp\/v2\/product_brand?post=432005"},{"taxonomy":"product_cat","embeddable":true,"href":"https:\/\/www.claret.cat\/es\/wp-json\/wp\/v2\/product_cat?post=432005"},{"taxonomy":"product_tag","embeddable":true,"href":"https:\/\/www.claret.cat\/es\/wp-json\/wp\/v2\/product_tag?post=432005"}],"curies":[{"name":"wp","href":"https:\/\/api.w.org\/{rel}","templated":true}]}}