{"id":432052,"date":"2023-05-18T16:50:45","date_gmt":"2023-05-18T14:50:45","guid":{"rendered":"https:\/\/www.claret.cat\/llibre\/liturgia-y-vida-9788498405545\/"},"modified":"2023-05-18T16:50:52","modified_gmt":"2023-05-18T14:50:52","slug":"liturgia-y-vida-9788498405545","status":"publish","type":"product","link":"https:\/\/www.claret.cat\/es\/libro\/liturgia-y-vida-9788498405545\/","title":{"rendered":"LITURGIA Y VIDA"},"content":{"rendered":"<p>Para Romano Guardini, la liturgia cristiana se presenta como la posibilidad de vivir los avatares de la vida en vecindad con lo eterno. Emparentar los conceptos de liturgia y vida es la tarea que afrontan estas p\u00e1ginas; sin embargo, en el d\u00eda a d\u00eda, \u00bfambas realidades van de la mano?<\/p>\n","protected":false},"excerpt":{"rendered":"<p>AROCENA, F\u00c9LIX MAR\u00cdA<\/p>\n","protected":false},"featured_media":432053,"template":"","meta":{"_acf_changed":false,"om_disable_all_campaigns":false,"rs_blank_template":"","rs_page_bg_color":"","slide_template_v7":"","inline_featured_image":false,"_monsterinsights_skip_tracking":false,"_monsterinsights_sitenote_active":false,"_monsterinsights_sitenote_note":"","_monsterinsights_sitenote_category":0},"product_brand":[],"product_cat":[345,79],"product_tag":[],"class_list":{"0":"post-432052","1":"product","2":"type-product","3":"status-publish","4":"has-post-thumbnail","6":"product_cat-espiritualidad","7":"product_cat-espiritualitat","9":"first","10":"instock","11":"taxable","12":"shipping-taxable","13":"purchasable","14":"product-type-simple"},"acf":{"autor":"AROCENA, F\u00c9LIX MAR\u00cdA","codart":"849840554","libros-coleccion":"Libros Palabra","ediciones":"1","encuadernacion":"R\u00fastica","fecha_de_publicacion":"01\/11\/2011","novedad":"0","paginas":"0","subtitulo":"LO COTIDIANO COMO LUGAR DEL CULTO ESPIRITUAL","orden":"999","portada":"0","idioma":"spa","editorial":[{"ID":6207,"post_author":"3","post_date":"2022-07-28 17:47:09","post_date_gmt":"2022-07-28 15:47:09","post_content":"","post_title":"Ediciones Palabra","post_excerpt":"","post_status":"publish","comment_status":"closed","ping_status":"closed","post_password":"","post_name":"ediciones-palabra","to_ping":"","pinged":"","post_modified":"2022-07-28 17:47:09","post_modified_gmt":"2022-07-28 15:47:09","post_content_filtered":"","post_parent":0,"guid":"http:\/\/dev.claret.cat\/editorial\/ediciones-palabra\/","menu_order":0,"post_type":"editorial","post_mime_type":"","comment_count":"0","filter":"raw"}],"autores-libros":[{"ID":280251,"post_author":"3","post_date":"2022-12-09 17:56:37","post_date_gmt":"2022-12-09 16:56:37","post_content":"","post_title":"FELIX MARIA AROCENA","post_excerpt":"","post_status":"publish","comment_status":"closed","ping_status":"closed","post_password":"","post_name":"felix-maria-arocena-2","to_ping":"","pinged":"","post_modified":"2022-12-09 17:56:37","post_modified_gmt":"2022-12-09 16:56:37","post_content_filtered":"","post_parent":0,"guid":"http:\/\/dev.claret.cat\/autor\/felix-maria-arocena-2\/","menu_order":0,"post_type":"autor","post_mime_type":"","comment_count":"0","filter":"raw"}]},"aioseo_notices":[],"_links":{"self":[{"href":"https:\/\/www.claret.cat\/es\/wp-json\/wp\/v2\/product\/432052","targetHints":{"allow":["GET"]}}],"collection":[{"href":"https:\/\/www.claret.cat\/es\/wp-json\/wp\/v2\/product"}],"about":[{"href":"https:\/\/www.claret.cat\/es\/wp-json\/wp\/v2\/types\/product"}],"wp:featuredmedia":[{"embeddable":true,"href":"https:\/\/www.claret.cat\/es\/wp-json\/wp\/v2\/media\/432053"}],"wp:attachment":[{"href":"https:\/\/www.claret.cat\/es\/wp-json\/wp\/v2\/media?parent=432052"}],"wp:term":[{"taxonomy":"product_brand","embeddable":true,"href":"https:\/\/www.claret.cat\/es\/wp-json\/wp\/v2\/product_brand?post=432052"},{"taxonomy":"product_cat","embeddable":true,"href":"https:\/\/www.claret.cat\/es\/wp-json\/wp\/v2\/product_cat?post=432052"},{"taxonomy":"product_tag","embeddable":true,"href":"https:\/\/www.claret.cat\/es\/wp-json\/wp\/v2\/product_tag?post=432052"}],"curies":[{"name":"wp","href":"https:\/\/api.w.org\/{rel}","templated":true}]}}