{"id":432132,"date":"2023-05-18T16:56:26","date_gmt":"2023-05-18T14:56:26","guid":{"rendered":"https:\/\/www.claret.cat\/llibre\/guia-claretiana-tarragona-9788498461763\/"},"modified":"2023-10-26T14:53:20","modified_gmt":"2023-10-26T12:53:20","slug":"guia-claretiana-tarragona-9788498461763","status":"publish","type":"product","link":"https:\/\/www.claret.cat\/es\/libro\/guia-claretiana-tarragona-9788498461763\/","title":{"rendered":"GUIA CLARETIANA. TARRAGONA"},"content":{"rendered":"<p>Un recorregut per la ciutat de Tarragona seguint les emprentes que hi va deixar sant Antoni Maria Claret. En catal\u00e0, castell\u00e0, franc\u00e8s i angl\u00e8s.<\/p>\n","protected":false},"excerpt":{"rendered":"<p>CANALS CASAS, EDUARD<\/p>\n","protected":false},"featured_media":432133,"template":"","meta":{"_acf_changed":false,"om_disable_all_campaigns":false,"rs_blank_template":"","rs_page_bg_color":"","slide_template_v7":"","inline_featured_image":false,"_monsterinsights_skip_tracking":false,"_monsterinsights_sitenote_active":false,"_monsterinsights_sitenote_note":"","_monsterinsights_sitenote_category":0},"product_brand":[],"product_cat":[549,99,581,557,107,545,95,542,92],"product_tag":[],"class_list":{"0":"post-432132","1":"product","2":"type-product","3":"status-publish","4":"has-post-thumbnail","6":"product_cat-biografias","7":"product_cat-biografies","8":"product_cat-editorial-claret","9":"product_cat-guias-de-viaje","10":"product_cat-guies-de-viatge","11":"product_cat-santoral-1_espiritualidad-spa","12":"product_cat-santoral","13":"product_cat-vida-religiosa-1_espiritualidad-spa","14":"product_cat-vida-religiosa","16":"first","17":"instock","18":"taxable","19":"shipping-taxable","20":"purchasable","21":"product-type-simple"},"acf":{"autor":"CANALS CASAS, EDUARD","codart":"849846176","libros-coleccion":"","ediciones":"0","encuadernacion":"R\u00fastica","fecha_de_publicacion":"15\/04\/2008","novedad":"0","paginas":"152","subtitulo":"","orden":"999","portada":"0","idioma":"cat","editorial":[{"ID":6158,"post_author":"3","post_date":"2022-07-28 17:46:08","post_date_gmt":"2022-07-28 15:46:08","post_content":"","post_title":"CLARET","post_excerpt":"","post_status":"publish","comment_status":"closed","ping_status":"closed","post_password":"","post_name":"claret","to_ping":"","pinged":"","post_modified":"2022-07-28 17:46:08","post_modified_gmt":"2022-07-28 15:46:08","post_content_filtered":"","post_parent":0,"guid":"http:\/\/dev.claret.cat\/editorial\/claret\/","menu_order":0,"post_type":"editorial","post_mime_type":"","comment_count":"0","filter":"raw"}],"autores-libros":[{"ID":422054,"post_author":"3","post_date":"2023-05-16 07:11:00","post_date_gmt":"2023-05-16 05:11:00","post_content":"","post_title":"EDUARD CANALS CASAS","post_excerpt":"","post_status":"publish","comment_status":"closed","ping_status":"closed","post_password":"","post_name":"eduard-canals-casas","to_ping":"","pinged":"","post_modified":"2023-05-16 07:11:00","post_modified_gmt":"2023-05-16 05:11:00","post_content_filtered":"","post_parent":0,"guid":"https:\/\/www.claret.cat\/autor\/eduard-canals-casas\/","menu_order":0,"post_type":"autor","post_mime_type":"","comment_count":"0","filter":"raw"}]},"aioseo_notices":[],"_links":{"self":[{"href":"https:\/\/www.claret.cat\/es\/wp-json\/wp\/v2\/product\/432132","targetHints":{"allow":["GET"]}}],"collection":[{"href":"https:\/\/www.claret.cat\/es\/wp-json\/wp\/v2\/product"}],"about":[{"href":"https:\/\/www.claret.cat\/es\/wp-json\/wp\/v2\/types\/product"}],"wp:featuredmedia":[{"embeddable":true,"href":"https:\/\/www.claret.cat\/es\/wp-json\/wp\/v2\/media\/432133"}],"wp:attachment":[{"href":"https:\/\/www.claret.cat\/es\/wp-json\/wp\/v2\/media?parent=432132"}],"wp:term":[{"taxonomy":"product_brand","embeddable":true,"href":"https:\/\/www.claret.cat\/es\/wp-json\/wp\/v2\/product_brand?post=432132"},{"taxonomy":"product_cat","embeddable":true,"href":"https:\/\/www.claret.cat\/es\/wp-json\/wp\/v2\/product_cat?post=432132"},{"taxonomy":"product_tag","embeddable":true,"href":"https:\/\/www.claret.cat\/es\/wp-json\/wp\/v2\/product_tag?post=432132"}],"curies":[{"name":"wp","href":"https:\/\/api.w.org\/{rel}","templated":true}]}}