{"id":432173,"date":"2023-05-18T16:59:04","date_gmt":"2023-05-18T14:59:04","guid":{"rendered":"https:\/\/www.claret.cat\/llibre\/diario-de-greg-un-pringao-total-9788498672220\/"},"modified":"2023-05-18T16:59:10","modified_gmt":"2023-05-18T14:59:10","slug":"diario-de-greg-un-pringao-total-9788498672220","status":"publish","type":"product","link":"https:\/\/www.claret.cat\/es\/libro\/diario-de-greg-un-pringao-total-9788498672220\/","title":{"rendered":"DIARIO DE GREG UN PRINGAO TOTAL"},"content":{"rendered":"<p>\u00abEn primer lugar, quiero dejar una cosa bien clara: esto no es un diario. Ya s\u00e9 lo que pone en la portada. Mira que cuando Mam\u00e1 lo fue a comprar le ped\u00ed DE MANERA ESPEC\u00cdFICA que si compraba una libreta no tuviera el rotulito de \u201cdiario\u201d.\u00bb <br \/>Greg Heffley tiene 12 a\u00f1os y su madre le compra un diario que abarcar\u00e1 un curso escolar: de septiembre a junio. Conoceremos a Greg a trav\u00e9s de las hilarantes y enternecedoras desventuras que narra e ilustra en su libreta. Estamos ante un retrato c\u00f3mico de la vida, la voz y las costumbres de los ni\u00f1os preadolescentes.<\/p>\n<p>\u2039\u2039Este debut har\u00e1 a todo el mundo troncharse de risa, y les abrir\u00e1 el apetito para sus siguientes aventuras.\u203a\u203a <br \/>Publishers Weekly <br \/>\u2039\u2039Para partirse de risa. (&#8230;) Todo el libro rebosa humor.\u203a\u203a <br \/>Booklist <br \/>\u2039\u2039Elegante y divertid\u00edsimo desde la primera p\u00e1gina.\u203a\u203a <br \/>The Boston Globe <br \/>\u2039\u2039Captura perfectamente el sentimiento preadolescente de que todo est\u00e1 cambiando.\u203a\u203a <br \/>Newsday<\/p>\n","protected":false},"excerpt":{"rendered":"<p>KINNEY, JEFF<\/p>\n","protected":false},"featured_media":432174,"template":"","meta":{"_acf_changed":false,"om_disable_all_campaigns":false,"rs_blank_template":"","rs_page_bg_color":"","slide_template_v7":"","inline_featured_image":false,"_monsterinsights_skip_tracking":false,"_monsterinsights_sitenote_active":false,"_monsterinsights_sitenote_note":"","_monsterinsights_sitenote_category":0},"product_brand":[],"product_cat":[90,540],"product_tag":[],"class_list":{"0":"post-432173","1":"product","2":"type-product","3":"status-publish","4":"has-post-thumbnail","6":"product_cat-altres","7":"product_cat-otros","9":"first","10":"instock","11":"taxable","12":"shipping-taxable","13":"purchasable","14":"product-type-simple"},"acf":{"autor":"KINNEY, JEFF","codart":"849867222","libros-coleccion":"","ediciones":"1","encuadernacion":"Carton\u00e9","fecha_de_publicacion":"25\/03\/2009","novedad":"0","paginas":"217","subtitulo":"","orden":"999","portada":"0","idioma":"spa","editorial":[{"ID":309757,"post_author":"3","post_date":"2022-12-20 12:05:01","post_date_gmt":"2022-12-20 11:05:01","post_content":"","post_title":"MOLINO, S.R.C.","post_excerpt":"","post_status":"publish","comment_status":"closed","ping_status":"closed","post_password":"","post_name":"molino-s-r-c","to_ping":"","pinged":"","post_modified":"2022-12-20 12:05:01","post_modified_gmt":"2022-12-20 11:05:01","post_content_filtered":"","post_parent":0,"guid":"https:\/\/www.claret.cat\/editorial\/molino-s-r-c\/","menu_order":0,"post_type":"editorial","post_mime_type":"","comment_count":"0","filter":"raw"}],"autores-libros":[{"ID":158945,"post_author":"3","post_date":"2022-10-14 15:40:51","post_date_gmt":"2022-10-14 13:40:51","post_content":"","post_title":"JEFF KINNEY","post_excerpt":"","post_status":"publish","comment_status":"closed","ping_status":"closed","post_password":"","post_name":"jeff-kinney","to_ping":"","pinged":"","post_modified":"2022-10-14 15:40:51","post_modified_gmt":"2022-10-14 13:40:51","post_content_filtered":"","post_parent":0,"guid":"http:\/\/dev.claret.cat\/autor\/jeff-kinney\/","menu_order":0,"post_type":"autor","post_mime_type":"","comment_count":"0","filter":"raw"}]},"aioseo_notices":[],"_links":{"self":[{"href":"https:\/\/www.claret.cat\/es\/wp-json\/wp\/v2\/product\/432173","targetHints":{"allow":["GET"]}}],"collection":[{"href":"https:\/\/www.claret.cat\/es\/wp-json\/wp\/v2\/product"}],"about":[{"href":"https:\/\/www.claret.cat\/es\/wp-json\/wp\/v2\/types\/product"}],"wp:featuredmedia":[{"embeddable":true,"href":"https:\/\/www.claret.cat\/es\/wp-json\/wp\/v2\/media\/432174"}],"wp:attachment":[{"href":"https:\/\/www.claret.cat\/es\/wp-json\/wp\/v2\/media?parent=432173"}],"wp:term":[{"taxonomy":"product_brand","embeddable":true,"href":"https:\/\/www.claret.cat\/es\/wp-json\/wp\/v2\/product_brand?post=432173"},{"taxonomy":"product_cat","embeddable":true,"href":"https:\/\/www.claret.cat\/es\/wp-json\/wp\/v2\/product_cat?post=432173"},{"taxonomy":"product_tag","embeddable":true,"href":"https:\/\/www.claret.cat\/es\/wp-json\/wp\/v2\/product_tag?post=432173"}],"curies":[{"name":"wp","href":"https:\/\/api.w.org\/{rel}","templated":true}]}}