{"id":432185,"date":"2023-05-18T16:59:43","date_gmt":"2023-05-18T14:59:43","guid":{"rendered":"https:\/\/www.claret.cat\/llibre\/caracoles-9788498710632\/"},"modified":"2023-05-18T16:59:49","modified_gmt":"2023-05-18T14:59:49","slug":"caracoles-9788498710632","status":"publish","type":"product","link":"https:\/\/www.claret.cat\/es\/libro\/caracoles-9788498710632\/","title":{"rendered":"CARACOLES"},"content":{"rendered":"<p>Cinco relatos breves, relacionados pero independientes, que plantean tem\u00e1ticas pr\u00f3ximas a los prelectores: la exploraci\u00f3n del mundo, la contemplaci\u00f3n de la naturaleza, el descubrimiento de la amistad&#8230;<br \/> La lectura de im\u00e1genes proporciona situaciones y personajes con los que el lector se identifica y puede construir su perspectiva sobre el mundo y experimentar emociones, sorpresa, sentimientos, al tiempo que desarrolla el entendimiento sobre las relaciones con los dem\u00e1s.<br \/> Cuentos para entretenerse, pero tambi\u00e9n para leer, contar, conversar; para establecer di\u00e1logo y acci\u00f3n por parte de educadores, familia y, en definitiva, ofrecer experiencias est\u00e9ticas y educativas.<\/p>\n","protected":false},"excerpt":{"rendered":"<p>QUINTERO LAPLUME, ARMANDO<\/p>\n","protected":false},"featured_media":432186,"template":"","meta":{"_acf_changed":false,"om_disable_all_campaigns":false,"rs_blank_template":"","rs_page_bg_color":"","slide_template_v7":"","inline_featured_image":false,"_monsterinsights_skip_tracking":false,"_monsterinsights_sitenote_active":false,"_monsterinsights_sitenote_note":"","_monsterinsights_sitenote_category":0},"product_brand":[],"product_cat":[131,361],"product_tag":[],"class_list":{"0":"post-432185","1":"product","2":"type-product","3":"status-publish","4":"has-post-thumbnail","6":"product_cat-contes-per-infants-0-6-anys","7":"product_cat-cuentos-para-ninos-0-6-anos","9":"first","10":"instock","11":"taxable","12":"shipping-taxable","13":"purchasable","14":"product-type-simple"},"acf":{"autor":"QUINTERO LAPLUME, ARMANDO","codart":"849871063","libros-coleccion":"FORA DE COL.LECCI\u00d3","ediciones":"1","encuadernacion":"Carton\u00e9","fecha_de_publicacion":"01\/09\/2008","novedad":"1","paginas":"1","subtitulo":"","orden":"0","portada":"0","idioma":"spa","editorial":[{"ID":148610,"post_author":"3","post_date":"2022-10-14 11:59:35","post_date_gmt":"2022-10-14 09:59:35","post_content":"","post_title":"OQO *","post_excerpt":"","post_status":"publish","comment_status":"closed","ping_status":"closed","post_password":"","post_name":"oqo","to_ping":"","pinged":"","post_modified":"2022-10-14 11:59:35","post_modified_gmt":"2022-10-14 09:59:35","post_content_filtered":"","post_parent":0,"guid":"http:\/\/dev.claret.cat\/editorial\/oqo\/","menu_order":0,"post_type":"editorial","post_mime_type":"","comment_count":"0","filter":"raw"}],"autores-libros":[{"ID":420536,"post_author":"3","post_date":"2023-05-16 00:52:43","post_date_gmt":"2023-05-15 22:52:43","post_content":"","post_title":"ARMANDO QUINTERO LAPLUME","post_excerpt":"","post_status":"publish","comment_status":"closed","ping_status":"closed","post_password":"","post_name":"armando-quintero-laplume","to_ping":"","pinged":"","post_modified":"2023-05-16 00:52:43","post_modified_gmt":"2023-05-15 22:52:43","post_content_filtered":"","post_parent":0,"guid":"https:\/\/www.claret.cat\/autor\/armando-quintero-laplume\/","menu_order":0,"post_type":"autor","post_mime_type":"","comment_count":"0","filter":"raw"}]},"aioseo_notices":[],"_links":{"self":[{"href":"https:\/\/www.claret.cat\/es\/wp-json\/wp\/v2\/product\/432185","targetHints":{"allow":["GET"]}}],"collection":[{"href":"https:\/\/www.claret.cat\/es\/wp-json\/wp\/v2\/product"}],"about":[{"href":"https:\/\/www.claret.cat\/es\/wp-json\/wp\/v2\/types\/product"}],"wp:featuredmedia":[{"embeddable":true,"href":"https:\/\/www.claret.cat\/es\/wp-json\/wp\/v2\/media\/432186"}],"wp:attachment":[{"href":"https:\/\/www.claret.cat\/es\/wp-json\/wp\/v2\/media?parent=432185"}],"wp:term":[{"taxonomy":"product_brand","embeddable":true,"href":"https:\/\/www.claret.cat\/es\/wp-json\/wp\/v2\/product_brand?post=432185"},{"taxonomy":"product_cat","embeddable":true,"href":"https:\/\/www.claret.cat\/es\/wp-json\/wp\/v2\/product_cat?post=432185"},{"taxonomy":"product_tag","embeddable":true,"href":"https:\/\/www.claret.cat\/es\/wp-json\/wp\/v2\/product_tag?post=432185"}],"curies":[{"name":"wp","href":"https:\/\/api.w.org\/{rel}","templated":true}]}}