{"id":432202,"date":"2023-05-18T17:00:47","date_gmt":"2023-05-18T15:00:47","guid":{"rendered":"https:\/\/www.claret.cat\/llibre\/en-el-pais-de-la-nube-blanca-9788498727692\/"},"modified":"2023-05-18T17:00:52","modified_gmt":"2023-05-18T15:00:52","slug":"en-el-pais-de-la-nube-blanca-9788498727692","status":"publish","type":"product","link":"https:\/\/www.claret.cat\/es\/libro\/en-el-pais-de-la-nube-blanca-9788498727692\/","title":{"rendered":"EN EL PA\u00cdS DE LA NUBE BLANCA"},"content":{"rendered":"<p>Londres, 1852: dos chicas emprenden la traves\u00eda en barco hacia Nueva Zelanda. Para ellas significa el comienzo de una nueva vida como futuras esposas de unos hombres a quienes no conocen. Gwyneira, de origen noble, est\u00e1 prometida al hijo de un magnate de la lana, mientras que Helen, institutriz de profesi\u00f3n, ha respondido a la solicitud de matrimonio de un granjero. Ambas deber\u00e1n seguir su destino en una tierra a la que se compara con el para\u00edso. Pero \u00bfhallar\u00e1n el amor y la felicidad en el extremo opuesto del mundo?  &#8216;En el pa\u00eds de la nube blanca&#8217;, el debut m\u00e1s exitoso de los \u00faltimos a\u00f1os en Alemania, es una novela cautivante sobre el amor y el odio, la confianza y la enemistad, y sobre dos familias cuyo sino est\u00e1 unido de forma indisoluble<\/p>\n","protected":false},"excerpt":{"rendered":"<p>LARK, SARAH<\/p>\n","protected":false},"featured_media":432203,"template":"","meta":{"_acf_changed":false,"om_disable_all_campaigns":false,"rs_blank_template":"","rs_page_bg_color":"","slide_template_v7":"","inline_featured_image":false,"_monsterinsights_skip_tracking":false,"_monsterinsights_sitenote_active":false,"_monsterinsights_sitenote_note":"","_monsterinsights_sitenote_category":0},"product_brand":[],"product_cat":[87,353],"product_tag":[],"class_list":{"0":"post-432202","1":"product","2":"type-product","3":"status-publish","4":"has-post-thumbnail","6":"product_cat-literatura","7":"product_cat-literatura-2_humanidades","9":"first","10":"instock","11":"taxable","12":"shipping-taxable","13":"purchasable","14":"product-type-simple"},"acf":{"autor":"LARK, SARAH","codart":"849872769","libros-coleccion":"","ediciones":"1","encuadernacion":"R\u00fastica","fecha_de_publicacion":"25\/02\/2013","novedad":"0","paginas":"752","subtitulo":"","orden":"999","portada":"0","idioma":"spa","editorial":[{"ID":261989,"post_author":"3","post_date":"2022-10-24 11:18:29","post_date_gmt":"2022-10-24 09:18:29","post_content":"","post_title":"EDICIONES B, GRUPO Z","post_excerpt":"","post_status":"publish","comment_status":"closed","ping_status":"closed","post_password":"","post_name":"ediciones-b-grupo-z","to_ping":"","pinged":"","post_modified":"2022-10-24 11:18:29","post_modified_gmt":"2022-10-24 09:18:29","post_content_filtered":"","post_parent":0,"guid":"http:\/\/dev.claret.cat\/editorial\/ediciones-b-grupo-z\/","menu_order":0,"post_type":"editorial","post_mime_type":"","comment_count":"0","filter":"raw"}],"autores-libros":[{"ID":169149,"post_author":"3","post_date":"2022-10-14 22:24:52","post_date_gmt":"2022-10-14 20:24:52","post_content":"","post_title":"SARAH LARK","post_excerpt":"","post_status":"publish","comment_status":"closed","ping_status":"closed","post_password":"","post_name":"sarah-lark","to_ping":"","pinged":"","post_modified":"2022-10-14 22:24:52","post_modified_gmt":"2022-10-14 20:24:52","post_content_filtered":"","post_parent":0,"guid":"http:\/\/dev.claret.cat\/autor\/sarah-lark\/","menu_order":0,"post_type":"autor","post_mime_type":"","comment_count":"0","filter":"raw"}]},"aioseo_notices":[],"_links":{"self":[{"href":"https:\/\/www.claret.cat\/es\/wp-json\/wp\/v2\/product\/432202","targetHints":{"allow":["GET"]}}],"collection":[{"href":"https:\/\/www.claret.cat\/es\/wp-json\/wp\/v2\/product"}],"about":[{"href":"https:\/\/www.claret.cat\/es\/wp-json\/wp\/v2\/types\/product"}],"wp:featuredmedia":[{"embeddable":true,"href":"https:\/\/www.claret.cat\/es\/wp-json\/wp\/v2\/media\/432203"}],"wp:attachment":[{"href":"https:\/\/www.claret.cat\/es\/wp-json\/wp\/v2\/media?parent=432202"}],"wp:term":[{"taxonomy":"product_brand","embeddable":true,"href":"https:\/\/www.claret.cat\/es\/wp-json\/wp\/v2\/product_brand?post=432202"},{"taxonomy":"product_cat","embeddable":true,"href":"https:\/\/www.claret.cat\/es\/wp-json\/wp\/v2\/product_cat?post=432202"},{"taxonomy":"product_tag","embeddable":true,"href":"https:\/\/www.claret.cat\/es\/wp-json\/wp\/v2\/product_tag?post=432202"}],"curies":[{"name":"wp","href":"https:\/\/api.w.org\/{rel}","templated":true}]}}