{"id":432205,"date":"2023-05-18T17:00:57","date_gmt":"2023-05-18T15:00:57","guid":{"rendered":"https:\/\/www.claret.cat\/llibre\/al-pais-del-nuvol-blanc-9788498727746\/"},"modified":"2023-05-18T17:01:02","modified_gmt":"2023-05-18T15:01:02","slug":"al-pais-del-nuvol-blanc-9788498727746","status":"publish","type":"product","link":"https:\/\/www.claret.cat\/es\/libro\/al-pais-del-nuvol-blanc-9788498727746\/","title":{"rendered":"AL PA\u00cdS DEL N\u00daVOL BLANC"},"content":{"rendered":"<p>Londres, 1852: dues noies emprenen la travessia en vaixell cap a Nova Zelanda. Significa el principi d&#8217;una nova vida com a futures dones d&#8217;uns homes a qui no coneixen. Per\u00f2 trobaran l&#8217;amor i la felicitat a l&#8217;altra punta del m\u00f3n? Al pa\u00eds del n\u00favol blanc, el debut amb m\u00e9s \u00e8xit dels \u00faltims anys a Alemanya, \u00e9s una novel\u00b7la inoblidable sobre l&#8217;amor i l&#8217;odi, la confian\u00e7a i l&#8217;enemistat, i sobre dues fam\u00edlies unides per sempre.<\/p>\n","protected":false},"excerpt":{"rendered":"<p>LARK, SARAH<\/p>\n","protected":false},"featured_media":432206,"template":"","meta":{"_acf_changed":false,"om_disable_all_campaigns":false,"rs_blank_template":"","rs_page_bg_color":"","slide_template_v7":"","inline_featured_image":false,"_monsterinsights_skip_tracking":false,"_monsterinsights_sitenote_active":false,"_monsterinsights_sitenote_note":"","_monsterinsights_sitenote_category":0},"product_brand":[],"product_cat":[87,353],"product_tag":[],"class_list":{"0":"post-432205","1":"product","2":"type-product","3":"status-publish","4":"has-post-thumbnail","6":"product_cat-literatura","7":"product_cat-literatura-2_humanidades","9":"first","10":"instock","11":"taxable","12":"shipping-taxable","13":"purchasable","14":"product-type-simple"},"acf":{"autor":"LARK, SARAH","codart":"849872774","libros-coleccion":"","ediciones":"0","encuadernacion":"R\u00fastica","fecha_de_publicacion":"25\/02\/2013","novedad":"0","paginas":"734","subtitulo":"","orden":"999","portada":"0","idioma":"cat","editorial":[{"ID":261989,"post_author":"3","post_date":"2022-10-24 11:18:29","post_date_gmt":"2022-10-24 09:18:29","post_content":"","post_title":"EDICIONES B, GRUPO Z","post_excerpt":"","post_status":"publish","comment_status":"closed","ping_status":"closed","post_password":"","post_name":"ediciones-b-grupo-z","to_ping":"","pinged":"","post_modified":"2022-10-24 11:18:29","post_modified_gmt":"2022-10-24 09:18:29","post_content_filtered":"","post_parent":0,"guid":"http:\/\/dev.claret.cat\/editorial\/ediciones-b-grupo-z\/","menu_order":0,"post_type":"editorial","post_mime_type":"","comment_count":"0","filter":"raw"}],"autores-libros":[{"ID":169149,"post_author":"3","post_date":"2022-10-14 22:24:52","post_date_gmt":"2022-10-14 20:24:52","post_content":"","post_title":"SARAH LARK","post_excerpt":"","post_status":"publish","comment_status":"closed","ping_status":"closed","post_password":"","post_name":"sarah-lark","to_ping":"","pinged":"","post_modified":"2022-10-14 22:24:52","post_modified_gmt":"2022-10-14 20:24:52","post_content_filtered":"","post_parent":0,"guid":"http:\/\/dev.claret.cat\/autor\/sarah-lark\/","menu_order":0,"post_type":"autor","post_mime_type":"","comment_count":"0","filter":"raw"}]},"aioseo_notices":[],"_links":{"self":[{"href":"https:\/\/www.claret.cat\/es\/wp-json\/wp\/v2\/product\/432205","targetHints":{"allow":["GET"]}}],"collection":[{"href":"https:\/\/www.claret.cat\/es\/wp-json\/wp\/v2\/product"}],"about":[{"href":"https:\/\/www.claret.cat\/es\/wp-json\/wp\/v2\/types\/product"}],"wp:featuredmedia":[{"embeddable":true,"href":"https:\/\/www.claret.cat\/es\/wp-json\/wp\/v2\/media\/432206"}],"wp:attachment":[{"href":"https:\/\/www.claret.cat\/es\/wp-json\/wp\/v2\/media?parent=432205"}],"wp:term":[{"taxonomy":"product_brand","embeddable":true,"href":"https:\/\/www.claret.cat\/es\/wp-json\/wp\/v2\/product_brand?post=432205"},{"taxonomy":"product_cat","embeddable":true,"href":"https:\/\/www.claret.cat\/es\/wp-json\/wp\/v2\/product_cat?post=432205"},{"taxonomy":"product_tag","embeddable":true,"href":"https:\/\/www.claret.cat\/es\/wp-json\/wp\/v2\/product_tag?post=432205"}],"curies":[{"name":"wp","href":"https:\/\/api.w.org\/{rel}","templated":true}]}}