{"id":432210,"date":"2023-05-18T17:01:21","date_gmt":"2023-05-18T15:01:21","guid":{"rendered":"https:\/\/www.claret.cat\/llibre\/la-isla-de-las-mil-fuentes-jamaica-i-9788498729375\/"},"modified":"2023-05-18T17:01:24","modified_gmt":"2023-05-18T15:01:24","slug":"la-isla-de-las-mil-fuentes-jamaica-i-9788498729375","status":"publish","type":"product","link":"https:\/\/www.claret.cat\/es\/libro\/la-isla-de-las-mil-fuentes-jamaica-i-9788498729375\/","title":{"rendered":"LA ISLA DE LAS MIL FUENTES. JAMAICA I."},"content":{"rendered":"<p>Isla de Jamaica. Tras la muerte de su primer amor, Nora, la hija de un comerciante londinense, se une, a trav\u00e9s de un matrimonio de conveniencia, a Elias, un viudo propietario de un plantaci\u00f3n de az\u00facar.<br \/> La vida en el Caribe, sin embargo, no es como Nora hab\u00eda so\u00f1ado. A partir del asalto nocturno a la plantaci\u00f3n, Nora se ver\u00e1 envuelta en los tumultos provocados por esclavos rebeldes relacionados con la Abuela Nanny, quien tambi\u00e9n fue esclava.<br \/> Nora lo pierde todo, salvo la vida y la esperanza de encontrar de nuevo el amor y decidir libremente sobre su futuro.<br \/> \u00a0<\/p>\n","protected":false},"excerpt":{"rendered":"<p>LARK, SARAH<\/p>\n","protected":false},"featured_media":0,"template":"","meta":{"_acf_changed":false,"om_disable_all_campaigns":false,"rs_blank_template":"","rs_page_bg_color":"","slide_template_v7":"","inline_featured_image":false,"_monsterinsights_skip_tracking":false,"_monsterinsights_sitenote_active":false,"_monsterinsights_sitenote_note":"","_monsterinsights_sitenote_category":0},"product_brand":[],"product_cat":[90,540],"product_tag":[],"class_list":{"0":"post-432210","1":"product","2":"type-product","3":"status-publish","5":"product_cat-altres","6":"product_cat-otros","8":"first","9":"instock","10":"taxable","11":"shipping-taxable","12":"purchasable","13":"product-type-simple"},"acf":{"autor":"LARK, SARAH","codart":"849872937","libros-coleccion":"","ediciones":"1","encuadernacion":"R\u00fastica","fecha_de_publicacion":"01\/06\/2014","novedad":"0","paginas":"656","subtitulo":"VOL. I (SERIE JAMAICA)","orden":"999","portada":"0","idioma":"spa","editorial":[{"ID":261989,"post_author":"3","post_date":"2022-10-24 11:18:29","post_date_gmt":"2022-10-24 09:18:29","post_content":"","post_title":"EDICIONES B, GRUPO Z","post_excerpt":"","post_status":"publish","comment_status":"closed","ping_status":"closed","post_password":"","post_name":"ediciones-b-grupo-z","to_ping":"","pinged":"","post_modified":"2022-10-24 11:18:29","post_modified_gmt":"2022-10-24 09:18:29","post_content_filtered":"","post_parent":0,"guid":"http:\/\/dev.claret.cat\/editorial\/ediciones-b-grupo-z\/","menu_order":0,"post_type":"editorial","post_mime_type":"","comment_count":"0","filter":"raw"}],"autores-libros":[{"ID":169149,"post_author":"3","post_date":"2022-10-14 22:24:52","post_date_gmt":"2022-10-14 20:24:52","post_content":"","post_title":"SARAH LARK","post_excerpt":"","post_status":"publish","comment_status":"closed","ping_status":"closed","post_password":"","post_name":"sarah-lark","to_ping":"","pinged":"","post_modified":"2022-10-14 22:24:52","post_modified_gmt":"2022-10-14 20:24:52","post_content_filtered":"","post_parent":0,"guid":"http:\/\/dev.claret.cat\/autor\/sarah-lark\/","menu_order":0,"post_type":"autor","post_mime_type":"","comment_count":"0","filter":"raw"}]},"aioseo_notices":[],"_links":{"self":[{"href":"https:\/\/www.claret.cat\/es\/wp-json\/wp\/v2\/product\/432210","targetHints":{"allow":["GET"]}}],"collection":[{"href":"https:\/\/www.claret.cat\/es\/wp-json\/wp\/v2\/product"}],"about":[{"href":"https:\/\/www.claret.cat\/es\/wp-json\/wp\/v2\/types\/product"}],"wp:attachment":[{"href":"https:\/\/www.claret.cat\/es\/wp-json\/wp\/v2\/media?parent=432210"}],"wp:term":[{"taxonomy":"product_brand","embeddable":true,"href":"https:\/\/www.claret.cat\/es\/wp-json\/wp\/v2\/product_brand?post=432210"},{"taxonomy":"product_cat","embeddable":true,"href":"https:\/\/www.claret.cat\/es\/wp-json\/wp\/v2\/product_cat?post=432210"},{"taxonomy":"product_tag","embeddable":true,"href":"https:\/\/www.claret.cat\/es\/wp-json\/wp\/v2\/product_tag?post=432210"}],"curies":[{"name":"wp","href":"https:\/\/api.w.org\/{rel}","templated":true}]}}