{"id":432212,"date":"2023-05-18T17:01:36","date_gmt":"2023-05-18T15:01:36","guid":{"rendered":"https:\/\/www.claret.cat\/llibre\/secretos-familiares-9788498729535\/"},"modified":"2023-05-18T17:01:39","modified_gmt":"2023-05-18T15:01:39","slug":"secretos-familiares-9788498729535","status":"publish","type":"product","link":"https:\/\/www.claret.cat\/es\/libro\/secretos-familiares-9788498729535\/","title":{"rendered":"SECRETOS FAMILIARES"},"content":{"rendered":"<p>La obra de Baldacci ha sido traducida a m\u00e1s de cuarenta idiomas y se publica en m\u00e1s de ochenta pa\u00edses; las ventas rondan los casi noventa millones de ejemplares, lo que lo convierte en uno de los narradores m\u00e1s exitosos del mundo.<br \/> Un audaz secuestro convierte una fiesta infantil de cumplea\u00f1os en Camp David, la residencia de vacaciones presidencial, en una pesadilla de seguridad nacional.<br \/> Sean King y Michelle Maxwell, dos antiguos agentes secretos convertidos en investigadores privados, no desean involucrarse en el caso. Pero Sean King salv\u00f3 a\u00f1os atr\u00e1s al marido de la primera dama, entonces senador, de un desastre pol\u00edtico. Ahora la esposa del presidente presiona a Sean y Michelle y ambos emprenden una b\u00fasqueda desesperada para rescatar a la ni\u00f1a secuestrada.<br \/> Mientras Michelle sigue luchando con sus propios demonios, los dos investigadores se ver\u00e1n llevados al l\u00edmite, pues las fuerzas implicadas en el caso apuntan contra ellos desde ambos lados, y la frontera entre amigos y enemigos se desdibuja hasta resultar indefinible&hellip; y enga\u00f1osa.\u00a0<br \/> \u00a0<br \/> \u00abLo que se le da mejor a Baldacci es provocar emociones, escalofr\u00edos e intriga. Esta novela es una sorpresa total de principio a fin.\u00bb Columbus Telegram<br \/> \u00abLa historia se despliega maravillosamente. Se trata de otro thriller de primera de este exitoso autor.\u00bb Oklahoman<br \/> \u00abUna acci\u00f3n inagotable impulsa esta espectacular cuarta novela de la serie de los detectives Maxwell y King.\u00bb Publishers Weekly<br \/> \u00abLos libros de David Baldacci son verdaderos rompecabezas de hechos entrecruzados, no simples tramas polic\u00edacas. Secretos familiares \u00a0no es una excepci\u00f3n a esa regla.\u00bb\u00a0Washington Times<br \/> \u00a0<\/p>\n","protected":false},"excerpt":{"rendered":"<p>BALDACCI, DAVID<\/p>\n","protected":false},"featured_media":0,"template":"","meta":{"_acf_changed":false,"om_disable_all_campaigns":false,"rs_blank_template":"","rs_page_bg_color":"","slide_template_v7":"","inline_featured_image":false,"_monsterinsights_skip_tracking":false,"_monsterinsights_sitenote_active":false,"_monsterinsights_sitenote_note":"","_monsterinsights_sitenote_category":0},"product_brand":[],"product_cat":[90,540],"product_tag":[],"class_list":{"0":"post-432212","1":"product","2":"type-product","3":"status-publish","5":"product_cat-altres","6":"product_cat-otros","8":"first","9":"instock","10":"taxable","11":"shipping-taxable","12":"purchasable","13":"product-type-simple"},"acf":{"autor":"BALDACCI, DAVID","codart":"849872953","libros-coleccion":"","ediciones":"1","encuadernacion":"R\u00fastica","fecha_de_publicacion":"01\/05\/2014","novedad":"0","paginas":"496","subtitulo":"","orden":"999","portada":"0","idioma":"spa","editorial":[{"ID":261989,"post_author":"3","post_date":"2022-10-24 11:18:29","post_date_gmt":"2022-10-24 09:18:29","post_content":"","post_title":"EDICIONES B, GRUPO Z","post_excerpt":"","post_status":"publish","comment_status":"closed","ping_status":"closed","post_password":"","post_name":"ediciones-b-grupo-z","to_ping":"","pinged":"","post_modified":"2022-10-24 11:18:29","post_modified_gmt":"2022-10-24 09:18:29","post_content_filtered":"","post_parent":0,"guid":"http:\/\/dev.claret.cat\/editorial\/ediciones-b-grupo-z\/","menu_order":0,"post_type":"editorial","post_mime_type":"","comment_count":"0","filter":"raw"}],"autores-libros":[{"ID":153747,"post_author":"3","post_date":"2022-10-14 14:59:12","post_date_gmt":"2022-10-14 12:59:12","post_content":"","post_title":"DAVID BALDACCI","post_excerpt":"","post_status":"publish","comment_status":"closed","ping_status":"closed","post_password":"","post_name":"david-baldacci","to_ping":"","pinged":"","post_modified":"2022-10-14 14:59:12","post_modified_gmt":"2022-10-14 12:59:12","post_content_filtered":"","post_parent":0,"guid":"http:\/\/dev.claret.cat\/autor\/david-baldacci\/","menu_order":0,"post_type":"autor","post_mime_type":"","comment_count":"0","filter":"raw"}]},"aioseo_notices":[],"_links":{"self":[{"href":"https:\/\/www.claret.cat\/es\/wp-json\/wp\/v2\/product\/432212","targetHints":{"allow":["GET"]}}],"collection":[{"href":"https:\/\/www.claret.cat\/es\/wp-json\/wp\/v2\/product"}],"about":[{"href":"https:\/\/www.claret.cat\/es\/wp-json\/wp\/v2\/types\/product"}],"wp:attachment":[{"href":"https:\/\/www.claret.cat\/es\/wp-json\/wp\/v2\/media?parent=432212"}],"wp:term":[{"taxonomy":"product_brand","embeddable":true,"href":"https:\/\/www.claret.cat\/es\/wp-json\/wp\/v2\/product_brand?post=432212"},{"taxonomy":"product_cat","embeddable":true,"href":"https:\/\/www.claret.cat\/es\/wp-json\/wp\/v2\/product_cat?post=432212"},{"taxonomy":"product_tag","embeddable":true,"href":"https:\/\/www.claret.cat\/es\/wp-json\/wp\/v2\/product_tag?post=432212"}],"curies":[{"name":"wp","href":"https:\/\/api.w.org\/{rel}","templated":true}]}}