{"id":432215,"date":"2023-05-18T17:01:59","date_gmt":"2023-05-18T15:01:59","guid":{"rendered":"https:\/\/www.claret.cat\/llibre\/el-gran-libro-de-la-costura-9788498740806\/"},"modified":"2023-05-18T17:02:08","modified_gmt":"2023-05-18T15:02:08","slug":"el-gran-libro-de-la-costura-9788498740806","status":"publish","type":"product","link":"https:\/\/www.claret.cat\/es\/libro\/el-gran-libro-de-la-costura-9788498740806\/","title":{"rendered":"EL GRAN LIBRO DE LA COSTURA"},"content":{"rendered":"<p>Este magn\u00edfico volumen re\u00fane toda la informaci\u00f3n necesaria para quienes quieren iniciarse en la costura, de \u00fatil consulta, adem\u00e1s, para quienes son profesionales de la confecci\u00f3n. Incluye toda la informaci\u00f3n b\u00e1sica sobre las herramientas y utensilios de costura; m\u00e1s de 300 t\u00e9cnicas explicadas paso a paso con detalladas fotograf\u00edas, y 18 proyectos de moda de distintas prendas de vestir y ropa de hogar.<\/p>\n","protected":false},"excerpt":{"rendered":"<p>SMITH, ALLISON<\/p>\n","protected":false},"featured_media":432216,"template":"","meta":{"_acf_changed":false,"om_disable_all_campaigns":false,"rs_blank_template":"","rs_page_bg_color":"","slide_template_v7":"","inline_featured_image":false,"_monsterinsights_skip_tracking":false,"_monsterinsights_sitenote_active":false,"_monsterinsights_sitenote_note":"","_monsterinsights_sitenote_category":0},"product_brand":[],"product_cat":[551,101],"product_tag":[],"class_list":{"0":"post-432215","1":"product","2":"type-product","3":"status-publish","4":"has-post-thumbnail","6":"product_cat-manualidades","7":"product_cat-manualitats","9":"first","10":"outofstock","11":"taxable","12":"shipping-taxable","13":"purchasable","14":"product-type-simple"},"acf":{"autor":"SMITH, ALLISON","codart":"849874080","libros-coleccion":"","ediciones":"1","encuadernacion":"Carton\u00e9","fecha_de_publicacion":"01\/12\/2009","novedad":"0","paginas":"400","subtitulo":"","orden":"999","portada":"0","idioma":"spa","editorial":[{"ID":261976,"post_author":"3","post_date":"2022-10-24 11:18:19","post_date_gmt":"2022-10-24 09:18:19","post_content":"","post_title":"DRAC, EDICIONS DEL, S. A.","post_excerpt":"","post_status":"publish","comment_status":"closed","ping_status":"closed","post_password":"","post_name":"drac-edicions-del-s-a","to_ping":"","pinged":"","post_modified":"2022-10-24 11:18:19","post_modified_gmt":"2022-10-24 09:18:19","post_content_filtered":"","post_parent":0,"guid":"http:\/\/dev.claret.cat\/editorial\/drac-edicions-del-s-a\/","menu_order":0,"post_type":"editorial","post_mime_type":"","comment_count":"0","filter":"raw"}],"autores-libros":[{"ID":420078,"post_author":"3","post_date":"2023-05-16 00:34:40","post_date_gmt":"2023-05-15 22:34:40","post_content":"","post_title":"ALLISON SMITH","post_excerpt":"","post_status":"publish","comment_status":"closed","ping_status":"closed","post_password":"","post_name":"allison-smith","to_ping":"","pinged":"","post_modified":"2023-05-16 00:34:40","post_modified_gmt":"2023-05-15 22:34:40","post_content_filtered":"","post_parent":0,"guid":"https:\/\/www.claret.cat\/autor\/allison-smith\/","menu_order":0,"post_type":"autor","post_mime_type":"","comment_count":"0","filter":"raw"}]},"aioseo_notices":[],"_links":{"self":[{"href":"https:\/\/www.claret.cat\/es\/wp-json\/wp\/v2\/product\/432215","targetHints":{"allow":["GET"]}}],"collection":[{"href":"https:\/\/www.claret.cat\/es\/wp-json\/wp\/v2\/product"}],"about":[{"href":"https:\/\/www.claret.cat\/es\/wp-json\/wp\/v2\/types\/product"}],"wp:featuredmedia":[{"embeddable":true,"href":"https:\/\/www.claret.cat\/es\/wp-json\/wp\/v2\/media\/432216"}],"wp:attachment":[{"href":"https:\/\/www.claret.cat\/es\/wp-json\/wp\/v2\/media?parent=432215"}],"wp:term":[{"taxonomy":"product_brand","embeddable":true,"href":"https:\/\/www.claret.cat\/es\/wp-json\/wp\/v2\/product_brand?post=432215"},{"taxonomy":"product_cat","embeddable":true,"href":"https:\/\/www.claret.cat\/es\/wp-json\/wp\/v2\/product_cat?post=432215"},{"taxonomy":"product_tag","embeddable":true,"href":"https:\/\/www.claret.cat\/es\/wp-json\/wp\/v2\/product_tag?post=432215"}],"curies":[{"name":"wp","href":"https:\/\/api.w.org\/{rel}","templated":true}]}}