{"id":432239,"date":"2023-05-18T17:03:33","date_gmt":"2023-05-18T15:03:33","guid":{"rendered":"https:\/\/www.claret.cat\/llibre\/una-economia-decente-en-la-era-de-la-globalizacion-9788498797886\/"},"modified":"2026-03-03T16:35:40","modified_gmt":"2026-03-03T15:35:40","slug":"una-economia-decente-en-la-era-de-la-globalizacion-9788498797886","status":"publish","type":"product","link":"https:\/\/www.claret.cat\/es\/libro\/una-economia-decente-en-la-era-de-la-globalizacion-9788498797886\/","title":{"rendered":"UNA ECONOM\u00cdA DECENTE EN LA ERA DE LA GLOBALIZACI\u00d3N"},"content":{"rendered":"<p>\u00bfSe puede participar decentemente en la vida econ\u00f3mica y tener \u00e9xito? Desde que en 1990 propuso una \u00e9tica com\u00fan de la humanidad en Proyecto de una \u00e9tica mundial, Hans K\u00fcng se ha estado ocupando con los problemas de la actividad econ\u00f3mica justa. Tras la \u00faltima crisis econ\u00f3mica mundial, y a trav\u00e9s de un estudio detallado de su desarrollo, sus consecuencias y sus causas, esta obra program\u00e1tica pregunta por los cimientos de la globalizaci\u00f3n, as\u00ed como por la justificaci\u00f3n moral del lucro y el aut\u00e9ntico coste de la econom\u00eda de mercado.<br \/>Sin fraudulentos moralismos ni af\u00e1n moralizador, y respetando la autonom\u00eda de las diferentes esferas de la vida humana, como la pol\u00edtica, la econom\u00eda o el derecho, Hans K\u00fcng pretende hacer \u00abuna modesta contribuci\u00f3n al redescubrimiento y revalorizaci\u00f3n de la \u00e9tica en la econom\u00eda\u00bb y proponer una visi\u00f3n de futuro realista, con un prop\u00f3sito pr\u00e1ctico-pol\u00edtico.<\/p>\n","protected":false},"excerpt":{"rendered":"<p>K\u00dcNG, HANS<\/p>\n","protected":false},"featured_media":1087316,"template":"","meta":{"_acf_changed":false,"om_disable_all_campaigns":false,"rs_blank_template":"","rs_page_bg_color":"","slide_template_v7":"","inline_featured_image":false,"_monsterinsights_skip_tracking":false,"_monsterinsights_sitenote_active":false,"_monsterinsights_sitenote_note":"","_monsterinsights_sitenote_category":0},"product_brand":[],"product_cat":[90,540],"product_tag":[],"class_list":{"0":"post-432239","1":"product","2":"type-product","3":"status-publish","4":"has-post-thumbnail","6":"product_cat-altres","7":"product_cat-otros","9":"first","10":"instock","11":"taxable","12":"shipping-taxable","13":"purchasable","14":"product-type-simple"},"acf":{"autor":"K\u00dcNG, HANS","codart":"849879788","libros-coleccion":"BIBLIOTECA HANS K\u00dcNG","ediciones":"1","encuadernacion":"R\u00fastica","fecha_de_publicacion":"01\/06\/2019","novedad":"1","paginas":"256","subtitulo":"","orden":"0","portada":"0","idioma":"spa","editorial":[{"ID":6237,"post_author":"3","post_date":"2022-07-28 17:47:53","post_date_gmt":"2022-07-28 15:47:53","post_content":"","post_title":"Editorial Trotta","post_excerpt":"","post_status":"publish","comment_status":"closed","ping_status":"closed","post_password":"","post_name":"editorial-trotta","to_ping":"","pinged":"","post_modified":"2022-07-28 17:47:53","post_modified_gmt":"2022-07-28 15:47:53","post_content_filtered":"","post_parent":0,"guid":"http:\/\/dev.claret.cat\/editorial\/editorial-trotta\/","menu_order":0,"post_type":"editorial","post_mime_type":"","comment_count":"0","filter":"raw"}],"autores-libros":[{"ID":157357,"post_author":"3","post_date":"2022-10-14 15:28:11","post_date_gmt":"2022-10-14 13:28:11","post_content":"","post_title":"HANS K\u00dcNG","post_excerpt":"","post_status":"publish","comment_status":"closed","ping_status":"closed","post_password":"","post_name":"hans-kung","to_ping":"","pinged":"","post_modified":"2022-10-14 15:28:11","post_modified_gmt":"2022-10-14 13:28:11","post_content_filtered":"","post_parent":0,"guid":"http:\/\/dev.claret.cat\/autor\/hans-kung\/","menu_order":0,"post_type":"autor","post_mime_type":"","comment_count":"0","filter":"raw"}],"booktrailer":"","resenas":""},"aioseo_notices":[],"_links":{"self":[{"href":"https:\/\/www.claret.cat\/es\/wp-json\/wp\/v2\/product\/432239","targetHints":{"allow":["GET"]}}],"collection":[{"href":"https:\/\/www.claret.cat\/es\/wp-json\/wp\/v2\/product"}],"about":[{"href":"https:\/\/www.claret.cat\/es\/wp-json\/wp\/v2\/types\/product"}],"wp:featuredmedia":[{"embeddable":true,"href":"https:\/\/www.claret.cat\/es\/wp-json\/wp\/v2\/media\/1087316"}],"wp:attachment":[{"href":"https:\/\/www.claret.cat\/es\/wp-json\/wp\/v2\/media?parent=432239"}],"wp:term":[{"taxonomy":"product_brand","embeddable":true,"href":"https:\/\/www.claret.cat\/es\/wp-json\/wp\/v2\/product_brand?post=432239"},{"taxonomy":"product_cat","embeddable":true,"href":"https:\/\/www.claret.cat\/es\/wp-json\/wp\/v2\/product_cat?post=432239"},{"taxonomy":"product_tag","embeddable":true,"href":"https:\/\/www.claret.cat\/es\/wp-json\/wp\/v2\/product_tag?post=432239"}],"curies":[{"name":"wp","href":"https:\/\/api.w.org\/{rel}","templated":true}]}}