{"id":432289,"date":"2023-05-18T17:06:53","date_gmt":"2023-05-18T15:06:53","guid":{"rendered":"https:\/\/www.claret.cat\/llibre\/la-busqueda-de-la-lengua-perfecta-9788498929201\/"},"modified":"2023-05-18T17:07:00","modified_gmt":"2023-05-18T15:07:00","slug":"la-busqueda-de-la-lengua-perfecta-9788498929201","status":"publish","type":"product","link":"https:\/\/www.claret.cat\/es\/libro\/la-busqueda-de-la-lengua-perfecta-9788498929201\/","title":{"rendered":"LA B\u00daSQUEDA DE LA LENGUA PERFECTA"},"content":{"rendered":"<p>En este libro elegante y ameno, Umberto Eco rastrea la utop\u00eda de la lengua perfecta a lo largo de casi dos mil a\u00f1os. Desde la lengua prebab\u00e9lica hasta los lenguajes formalizados artificiales pasando por las lenguas m\u00edsticas, m\u00e1gicas y on\u00edricas, el indoeuropeo, la c\u00e1bala, las lenguas perfectas de Dante y Llull, el esperanto o las lenguas internacionales auxiliares, el profesor Eco nos va conduciendo hasta el final de la larga b\u00fasqueda de la cultura europea en pos de la lengua perdida. Pero, \u00bfse puede conjugar la posibilidad de una lengua vehicular \u00fanica con la necesaria defensa de las lenguas que se mantienen como veh\u00edculos de una tradici\u00f3n milenaria? Umberto Eco no defiende ni el monoling\u00fcismo ni el poliglotismo total, sino el triunfo de una comunidad de personas sensibles al esp\u00edritu, al perfume, a la atm\u00f3sfera de un habla distinta, de tal forma que capten el genio, el universo cultural que cada uno expresa cuando habla la lengua de sus antepasados y de su propia tradici\u00f3n.<\/p>\n","protected":false},"excerpt":{"rendered":"<p>ECO, UMBERTO<\/p>\n","protected":false},"featured_media":432290,"template":"","meta":{"_acf_changed":false,"om_disable_all_campaigns":false,"rs_blank_template":"","rs_page_bg_color":"","slide_template_v7":"","inline_featured_image":false,"_monsterinsights_skip_tracking":false,"_monsterinsights_sitenote_active":false,"_monsterinsights_sitenote_note":"","_monsterinsights_sitenote_category":0},"product_brand":[],"product_cat":[353,87],"product_tag":[],"class_list":{"0":"post-432289","1":"product","2":"type-product","3":"status-publish","4":"has-post-thumbnail","6":"product_cat-literatura-2_humanidades","7":"product_cat-literatura","9":"first","10":"instock","11":"taxable","12":"shipping-taxable","13":"purchasable","14":"product-type-simple"},"acf":{"autor":"ECO, UMBERTO","codart":"849892920","libros-coleccion":"","ediciones":"1","encuadernacion":"R\u00fastica","fecha_de_publicacion":"10\/02\/2016","novedad":"0","paginas":"318","subtitulo":"","orden":"999","portada":"0","idioma":"spa","editorial":[{"ID":6175,"post_author":"3","post_date":"2022-07-28 17:46:31","post_date_gmt":"2022-07-28 15:46:31","post_content":"","post_title":"CRITICA EDITORIAL","post_excerpt":"","post_status":"publish","comment_status":"closed","ping_status":"closed","post_password":"","post_name":"critica-editorial","to_ping":"","pinged":"","post_modified":"2022-07-28 17:46:31","post_modified_gmt":"2022-07-28 15:46:31","post_content_filtered":"","post_parent":0,"guid":"http:\/\/dev.claret.cat\/editorial\/critica-editorial\/","menu_order":0,"post_type":"editorial","post_mime_type":"","comment_count":"0","filter":"raw"}],"autores-libros":[{"ID":170690,"post_author":"3","post_date":"2022-10-14 22:37:23","post_date_gmt":"2022-10-14 20:37:23","post_content":"","post_title":"UMBERTO ECO","post_excerpt":"","post_status":"publish","comment_status":"closed","ping_status":"closed","post_password":"","post_name":"umberto-eco","to_ping":"","pinged":"","post_modified":"2022-10-14 22:37:23","post_modified_gmt":"2022-10-14 20:37:23","post_content_filtered":"","post_parent":0,"guid":"http:\/\/dev.claret.cat\/autor\/umberto-eco\/","menu_order":0,"post_type":"autor","post_mime_type":"","comment_count":"0","filter":"raw"}]},"aioseo_notices":[],"_links":{"self":[{"href":"https:\/\/www.claret.cat\/es\/wp-json\/wp\/v2\/product\/432289","targetHints":{"allow":["GET"]}}],"collection":[{"href":"https:\/\/www.claret.cat\/es\/wp-json\/wp\/v2\/product"}],"about":[{"href":"https:\/\/www.claret.cat\/es\/wp-json\/wp\/v2\/types\/product"}],"wp:featuredmedia":[{"embeddable":true,"href":"https:\/\/www.claret.cat\/es\/wp-json\/wp\/v2\/media\/432290"}],"wp:attachment":[{"href":"https:\/\/www.claret.cat\/es\/wp-json\/wp\/v2\/media?parent=432289"}],"wp:term":[{"taxonomy":"product_brand","embeddable":true,"href":"https:\/\/www.claret.cat\/es\/wp-json\/wp\/v2\/product_brand?post=432289"},{"taxonomy":"product_cat","embeddable":true,"href":"https:\/\/www.claret.cat\/es\/wp-json\/wp\/v2\/product_cat?post=432289"},{"taxonomy":"product_tag","embeddable":true,"href":"https:\/\/www.claret.cat\/es\/wp-json\/wp\/v2\/product_tag?post=432289"}],"curies":[{"name":"wp","href":"https:\/\/api.w.org\/{rel}","templated":true}]}}