{"id":432310,"date":"2023-05-18T17:08:08","date_gmt":"2023-05-18T15:08:08","guid":{"rendered":"https:\/\/www.claret.cat\/llibre\/lecciones-de-poesia-para-ninos-y-ninas-inquietos-9788498956825\/"},"modified":"2023-05-18T17:08:14","modified_gmt":"2023-05-18T15:08:14","slug":"lecciones-de-poesia-para-ninos-y-ninas-inquietos-9788498956825","status":"publish","type":"product","link":"https:\/\/www.claret.cat\/es\/libro\/lecciones-de-poesia-para-ninos-y-ninas-inquietos-9788498956825\/","title":{"rendered":"LECCIONES DE POES\u00cdA PARA NI\u00d1OS Y NI\u00d1AS INQUIETOS"},"content":{"rendered":"<p>LUIS GARC\u00cdA MONTERO (Granada, 1958) entre otros muchos premios, se le han concedido los Premios Federico Garc\u00eda Lorca de la Universidad de Granada (1980), Adonais (1982), Loewe de Poes\u00eda (1993), Premio Nacional de Poes\u00eda (1994), Premio Nacional de la Cr\u00edtica (2003), Premio de la Cr\u00edtica de Andaluc\u00eda (2008) y Premio Poetas del Mundo Latino (2010).<br \/> El motivo de este libro es el deseo de abrir las puertas al maravilloso mundo de la poes\u00eda desde la infancia y la adolescencia. Son muchas las sorpresas m\u00e1gicas y las inquietudes que en ella pueden encontrarse. La poes\u00eda es la mejor manera de conocernos a nosotros mismos y a quienes nos rodean.<br \/>    Conviene tomarse muy enserio a las palabras. Si lo hacemos desde la infancia, podremos conocer el mundo inesperado que tenemos a nuestro alrededor y aprenderemos a sacarle partido a la imaginaci\u00f3n en los acontecimientos cotidianos.<br \/> Luis Garc\u00eda Montero nos invita a trav\u00e9s de lecciones pr\u00e1cticas a iniciarnos en la poes\u00eda y a disfrutar de sus secretos. De manera divertida y convincente se burla de los lugares comunes que nos rodean y nos conduce a leer, disfrutar y convivir con la poes\u00eda sinti\u00e9ndola como una experiencia est\u00e9tica e intelectual apasionante. Un libro indicado para vivir la soledad de la adolescencia o para que los padres y las madres lo lean en voz alta mientras los j\u00f3venes o\u00eddos y los nuevos ojos aprenden a sentir el mundo.<\/p>\n","protected":false},"excerpt":{"rendered":"<p>GARC\u00cdA MONTERO, LUIS<\/p>\n","protected":false},"featured_media":432311,"template":"","meta":{"_acf_changed":false,"om_disable_all_campaigns":false,"rs_blank_template":"","rs_page_bg_color":"","slide_template_v7":"","inline_featured_image":false,"_monsterinsights_skip_tracking":false,"_monsterinsights_sitenote_active":false,"_monsterinsights_sitenote_note":"","_monsterinsights_sitenote_category":0},"product_brand":[],"product_cat":[87,353],"product_tag":[],"class_list":{"0":"post-432310","1":"product","2":"type-product","3":"status-publish","4":"has-post-thumbnail","6":"product_cat-literatura","7":"product_cat-literatura-2_humanidades","9":"first","10":"instock","11":"taxable","12":"shipping-taxable","13":"purchasable","14":"product-type-simple"},"acf":{"autor":"GARC\u00cdA MONTERO, LUIS","codart":"849895682","libros-coleccion":"","ediciones":"1","encuadernacion":"R\u00fastica","fecha_de_publicacion":"01\/02\/2016","novedad":"0","paginas":"113","subtitulo":"","orden":"999","portada":"0","idioma":"spa","editorial":[{"ID":411930,"post_author":"3","post_date":"2023-03-13 14:08:29","post_date_gmt":"2023-03-13 13:08:29","post_content":"","post_title":"VISOR","post_excerpt":"","post_status":"publish","comment_status":"closed","ping_status":"closed","post_password":"","post_name":"visor","to_ping":"","pinged":"","post_modified":"2023-03-13 14:08:29","post_modified_gmt":"2023-03-13 13:08:29","post_content_filtered":"","post_parent":0,"guid":"https:\/\/www.claret.cat\/editorial\/visor\/","menu_order":0,"post_type":"editorial","post_mime_type":"","comment_count":"0","filter":"raw"}],"autores-libros":[{"ID":162719,"post_author":"3","post_date":"2022-10-14 17:33:15","post_date_gmt":"2022-10-14 15:33:15","post_content":"","post_title":"LUIS GARC\u00cdA MONTERO","post_excerpt":"","post_status":"publish","comment_status":"closed","ping_status":"closed","post_password":"","post_name":"luis-garcia-montero","to_ping":"","pinged":"","post_modified":"2022-10-14 17:33:15","post_modified_gmt":"2022-10-14 15:33:15","post_content_filtered":"","post_parent":0,"guid":"http:\/\/dev.claret.cat\/autor\/luis-garcia-montero\/","menu_order":0,"post_type":"autor","post_mime_type":"","comment_count":"0","filter":"raw"}]},"aioseo_notices":[],"_links":{"self":[{"href":"https:\/\/www.claret.cat\/es\/wp-json\/wp\/v2\/product\/432310","targetHints":{"allow":["GET"]}}],"collection":[{"href":"https:\/\/www.claret.cat\/es\/wp-json\/wp\/v2\/product"}],"about":[{"href":"https:\/\/www.claret.cat\/es\/wp-json\/wp\/v2\/types\/product"}],"wp:featuredmedia":[{"embeddable":true,"href":"https:\/\/www.claret.cat\/es\/wp-json\/wp\/v2\/media\/432311"}],"wp:attachment":[{"href":"https:\/\/www.claret.cat\/es\/wp-json\/wp\/v2\/media?parent=432310"}],"wp:term":[{"taxonomy":"product_brand","embeddable":true,"href":"https:\/\/www.claret.cat\/es\/wp-json\/wp\/v2\/product_brand?post=432310"},{"taxonomy":"product_cat","embeddable":true,"href":"https:\/\/www.claret.cat\/es\/wp-json\/wp\/v2\/product_cat?post=432310"},{"taxonomy":"product_tag","embeddable":true,"href":"https:\/\/www.claret.cat\/es\/wp-json\/wp\/v2\/product_tag?post=432310"}],"curies":[{"name":"wp","href":"https:\/\/api.w.org\/{rel}","templated":true}]}}