{"id":432372,"date":"2023-05-18T17:12:16","date_gmt":"2023-05-18T15:12:16","guid":{"rendered":"https:\/\/www.claret.cat\/llibre\/busca-les-parelles-al-mar-9788499068510\/"},"modified":"2023-05-18T17:12:22","modified_gmt":"2023-05-18T15:12:22","slug":"busca-les-parelles-al-mar-9788499068510","status":"publish","type":"product","link":"https:\/\/www.claret.cat\/es\/libro\/busca-les-parelles-al-mar-9788499068510\/","title":{"rendered":"BUSCA LES PARELLES AL MAR"},"content":{"rendered":"<p>Un llibre basat en el cl\u00e0ssic joc Memory que ajudar\u00e0 els infants a desenvolupar la mem\u00f2ria, la psicomotricitat i la capacitat d&#8217;observaci\u00f3, i a descobrir tots els secrets del m\u00f3n submar\u00ed!<\/p>\n","protected":false},"excerpt":{"rendered":"<p>PRASADAM-HALLS, SMRITI<\/p>\n","protected":false},"featured_media":432373,"template":"","meta":{"_acf_changed":false,"om_disable_all_campaigns":false,"rs_blank_template":"","rs_page_bg_color":"","slide_template_v7":"","inline_featured_image":false,"_monsterinsights_skip_tracking":false,"_monsterinsights_sitenote_active":false,"_monsterinsights_sitenote_note":"","_monsterinsights_sitenote_category":0},"product_brand":[],"product_cat":[86,352],"product_tag":[],"class_list":{"0":"post-432372","1":"product","2":"type-product","3":"status-publish","4":"has-post-thumbnail","6":"product_cat-infantil","7":"product_cat-infantil-3_infantil-juvenil-spa","9":"first","10":"instock","11":"taxable","12":"shipping-taxable","13":"purchasable","14":"product-type-simple"},"acf":{"autor":"PRASADAM-HALLS, SMRITI","codart":"849906851","libros-coleccion":"Catal\u00e1 - A Partir De 0 Anys - Projecte D","ediciones":"1","encuadernacion":"Carton\u00e9","fecha_de_publicacion":"01\/02\/2018","novedad":"1","paginas":"12","subtitulo":"","orden":"0","portada":"0","idioma":"cat","editorial":[{"ID":6221,"post_author":"3","post_date":"2022-07-28 17:47:29","post_date_gmt":"2022-07-28 15:47:29","post_content":"","post_title":"Editorial Br\u00faixola","post_excerpt":"","post_status":"publish","comment_status":"closed","ping_status":"closed","post_password":"","post_name":"editorial-bruixola","to_ping":"","pinged":"","post_modified":"2022-07-28 17:47:29","post_modified_gmt":"2022-07-28 15:47:29","post_content_filtered":"","post_parent":0,"guid":"http:\/\/dev.claret.cat\/editorial\/editorial-bruixola\/","menu_order":0,"post_type":"editorial","post_mime_type":"","comment_count":"0","filter":"raw"}],"autores-libros":[{"ID":169618,"post_author":"3","post_date":"2022-10-14 22:28:40","post_date_gmt":"2022-10-14 20:28:40","post_content":"","post_title":"SMRITI PRASADAM-HALLS","post_excerpt":"","post_status":"publish","comment_status":"closed","ping_status":"closed","post_password":"","post_name":"smriti-prasadam-halls","to_ping":"","pinged":"","post_modified":"2022-10-14 22:28:40","post_modified_gmt":"2022-10-14 20:28:40","post_content_filtered":"","post_parent":0,"guid":"http:\/\/dev.claret.cat\/autor\/smriti-prasadam-halls\/","menu_order":0,"post_type":"autor","post_mime_type":"","comment_count":"0","filter":"raw"}]},"aioseo_notices":[],"_links":{"self":[{"href":"https:\/\/www.claret.cat\/es\/wp-json\/wp\/v2\/product\/432372","targetHints":{"allow":["GET"]}}],"collection":[{"href":"https:\/\/www.claret.cat\/es\/wp-json\/wp\/v2\/product"}],"about":[{"href":"https:\/\/www.claret.cat\/es\/wp-json\/wp\/v2\/types\/product"}],"wp:featuredmedia":[{"embeddable":true,"href":"https:\/\/www.claret.cat\/es\/wp-json\/wp\/v2\/media\/432373"}],"wp:attachment":[{"href":"https:\/\/www.claret.cat\/es\/wp-json\/wp\/v2\/media?parent=432372"}],"wp:term":[{"taxonomy":"product_brand","embeddable":true,"href":"https:\/\/www.claret.cat\/es\/wp-json\/wp\/v2\/product_brand?post=432372"},{"taxonomy":"product_cat","embeddable":true,"href":"https:\/\/www.claret.cat\/es\/wp-json\/wp\/v2\/product_cat?post=432372"},{"taxonomy":"product_tag","embeddable":true,"href":"https:\/\/www.claret.cat\/es\/wp-json\/wp\/v2\/product_tag?post=432372"}],"curies":[{"name":"wp","href":"https:\/\/api.w.org\/{rel}","templated":true}]}}