{"id":432414,"date":"2023-05-18T17:14:47","date_gmt":"2023-05-18T15:14:47","guid":{"rendered":"https:\/\/www.claret.cat\/llibre\/lecciones-sobre-la-vida-del-monje-que-vendio-su-ferrari-spa-9788499086200\/"},"modified":"2023-05-18T17:14:52","modified_gmt":"2023-05-18T15:14:52","slug":"lecciones-sobre-la-vida-del-monje-que-vendio-su-ferrari-spa-9788499086200","status":"publish","type":"product","link":"https:\/\/www.claret.cat\/es\/libro\/lecciones-sobre-la-vida-del-monje-que-vendio-su-ferrari-spa-9788499086200\/","title":{"rendered":"LECCIONES SOBRE LA VIDA DEL MONJE QUE VENDI\u00d3 SU FERRARI (SPA)"},"content":{"rendered":"<p>101 sencillas soluciones a los problemas m\u00e1s complejos de la vida al tiempo que se crea un legado perdurable.\u00abCuando naciste, llorabas mientras el mundo se regocijaba. Vive la vida  de manera que cuando mueras el mundo llore mientras t\u00fa te regocijas.\u00bbAntiguo proverbio s\u00e1nscrito\u00bfHa removido algo en tu interior esta perla de sabidur\u00eda? \u00bfSientes que  la vida se te escapa tan deprisa que nunca tendr\u00e1s la oportunidad de  vivir con la intensidad, la felicidad y la alegr\u00eda que sabes que  mereces? \u00bfCrees que has dilapidado tu vida corriendo en pos del \u00e9xito en  vez de llenarla de significados profundos? Si es as\u00ed, esta especial\u00edsima obra del gur\u00fa del liderazgo Robin Sharma, cuya serie de  El monje que vendi\u00f3 su Ferrari ha transformado la vida de miles de personas, ser\u00e1  la luz que te abrir\u00e1 la visi\u00f3n hacia una nueva manera de vivir.En este manual, ameno y lleno de sabidur\u00eda, Robin Sharma ofrece  sencillas soluciones a los problemas m\u00e1s complejos de la vida, desde un  poco conocido m\u00e9todo para combatir el estr\u00e9s y la preocupaci\u00f3n hasta un  modo eficac\u00edsimo de disfrutar de la vida, al tiempo que se crea un  legado perdurable. \u00abHonra tu pasado\u00bb, \u00abEmpieza bien el d\u00eda\u00bb, \u00abVe tus  problemas como bendiciones\u00bb y \u00abDescubre tu vocaci\u00f3n\u00bb son otros ejemplos de c\u00f3mo Sharma aborda la necesidad del cambio.<\/p>\n","protected":false},"excerpt":{"rendered":"<p>SHARMA, ROBIN<\/p>\n","protected":false},"featured_media":432415,"template":"","meta":{"_acf_changed":false,"om_disable_all_campaigns":false,"rs_blank_template":"","rs_page_bg_color":"","slide_template_v7":"","inline_featured_image":false,"_monsterinsights_skip_tracking":false,"_monsterinsights_sitenote_active":false,"_monsterinsights_sitenote_note":"","_monsterinsights_sitenote_category":0},"product_brand":[],"product_cat":[81,347],"product_tag":[],"class_list":{"0":"post-432414","1":"product","2":"type-product","3":"status-publish","4":"has-post-thumbnail","6":"product_cat-psicologia","7":"product_cat-psicologia-2_humanidades","9":"first","10":"instock","11":"taxable","12":"shipping-taxable","13":"purchasable","14":"product-type-simple"},"acf":{"autor":"SHARMA, ROBIN","codart":"849908620","libros-coleccion":"SUSHI BOOKS","ediciones":"1","encuadernacion":"R\u00fastica","fecha_de_publicacion":"01\/02\/2016","novedad":"0","paginas":"0","subtitulo":"","orden":"0","portada":"0","idioma":"spa","editorial":[{"ID":6178,"post_author":"3","post_date":"2022-07-28 17:46:34","post_date_gmt":"2022-07-28 15:46:34","post_content":"","post_title":"DEBOLSILLO","post_excerpt":"","post_status":"publish","comment_status":"closed","ping_status":"closed","post_password":"","post_name":"debolsillo","to_ping":"","pinged":"","post_modified":"2022-07-28 17:46:34","post_modified_gmt":"2022-07-28 15:46:34","post_content_filtered":"","post_parent":0,"guid":"http:\/\/dev.claret.cat\/editorial\/debolsillo\/","menu_order":0,"post_type":"editorial","post_mime_type":"","comment_count":"0","filter":"raw"}],"autores-libros":[{"ID":168299,"post_author":"3","post_date":"2022-10-14 18:18:07","post_date_gmt":"2022-10-14 16:18:07","post_content":"","post_title":"ROBIN SHARMA","post_excerpt":"","post_status":"publish","comment_status":"closed","ping_status":"closed","post_password":"","post_name":"robin-sharma","to_ping":"","pinged":"","post_modified":"2022-10-14 18:18:07","post_modified_gmt":"2022-10-14 16:18:07","post_content_filtered":"","post_parent":0,"guid":"http:\/\/dev.claret.cat\/autor\/robin-sharma\/","menu_order":0,"post_type":"autor","post_mime_type":"","comment_count":"0","filter":"raw"}]},"aioseo_notices":[],"_links":{"self":[{"href":"https:\/\/www.claret.cat\/es\/wp-json\/wp\/v2\/product\/432414","targetHints":{"allow":["GET"]}}],"collection":[{"href":"https:\/\/www.claret.cat\/es\/wp-json\/wp\/v2\/product"}],"about":[{"href":"https:\/\/www.claret.cat\/es\/wp-json\/wp\/v2\/types\/product"}],"wp:featuredmedia":[{"embeddable":true,"href":"https:\/\/www.claret.cat\/es\/wp-json\/wp\/v2\/media\/432415"}],"wp:attachment":[{"href":"https:\/\/www.claret.cat\/es\/wp-json\/wp\/v2\/media?parent=432414"}],"wp:term":[{"taxonomy":"product_brand","embeddable":true,"href":"https:\/\/www.claret.cat\/es\/wp-json\/wp\/v2\/product_brand?post=432414"},{"taxonomy":"product_cat","embeddable":true,"href":"https:\/\/www.claret.cat\/es\/wp-json\/wp\/v2\/product_cat?post=432414"},{"taxonomy":"product_tag","embeddable":true,"href":"https:\/\/www.claret.cat\/es\/wp-json\/wp\/v2\/product_tag?post=432414"}],"curies":[{"name":"wp","href":"https:\/\/api.w.org\/{rel}","templated":true}]}}