{"id":432429,"date":"2023-05-18T17:15:40","date_gmt":"2023-05-18T15:15:40","guid":{"rendered":"https:\/\/www.claret.cat\/llibre\/ultimas-tardes-con-teresa-9788499089331\/"},"modified":"2023-05-18T17:15:44","modified_gmt":"2023-05-18T15:15:44","slug":"ultimas-tardes-con-teresa-9788499089331","status":"publish","type":"product","link":"https:\/\/www.claret.cat\/es\/libro\/ultimas-tardes-con-teresa-9788499089331\/","title":{"rendered":"\u00daLTIMAS TARDES CON TERESA"},"content":{"rendered":"<p>La novela que le dio a conocer a Juan Mars\u00e9, ganadora del Premio Biblioteca Breve en 1965.<\/p>\n<p> Dentro de la obra de Juan Mars\u00e9, \u00daltimas tardes con Teresa ocupa un lugar especial y muy significativo, pues en ella se dan cita todos los elementos de su particular mundo narrativo, la geograf\u00eda de su enorme talento. A lo largo de sus p\u00e1ginas nos encontramos con dos personajes cuya larga y feliz estancia entre los lectores les ha convertido, como siempre ocurre con los grandes tipos de la literatura, en mitos, encarnaciones de su tiempo. Teresa, muchacha rebelde, universitaria e izquierdista, hija de la burgues\u00eda catalana; y el inmigrante, chava, murciano y ladr\u00f3n de motos llamado Pijoaparte viven una historia de amor que refleja todas las contradicciones de una \u00e9poca, el esplendor, la miseria y la mediocridad de las clases sociales, la ingenuidad del compromiso f\u00e1cil y la amargura y el resentimiento de los perdedores, habitantes de un exilio interior en el que, forjados en tantas derrotas, sue\u00f1an como ni\u00f1os.<\/p>\n","protected":false},"excerpt":{"rendered":"<p>MARSE,JUAN<\/p>\n","protected":false},"featured_media":0,"template":"","meta":{"_acf_changed":false,"om_disable_all_campaigns":false,"rs_blank_template":"","rs_page_bg_color":"","slide_template_v7":"","inline_featured_image":false,"_monsterinsights_skip_tracking":false,"_monsterinsights_sitenote_active":false,"_monsterinsights_sitenote_note":"","_monsterinsights_sitenote_category":0},"product_brand":[],"product_cat":[87,353],"product_tag":[],"class_list":{"0":"post-432429","1":"product","2":"type-product","3":"status-publish","5":"product_cat-literatura","6":"product_cat-literatura-2_humanidades","8":"first","9":"instock","10":"taxable","11":"shipping-taxable","12":"purchasable","13":"product-type-simple"},"acf":{"autor":"MARSE,JUAN","codart":"849908933","libros-coleccion":"","ediciones":"1","encuadernacion":"R\u00fastica","fecha_de_publicacion":"01\/04\/2014","novedad":"0","paginas":"480","subtitulo":"","orden":"999","portada":"0","idioma":"spa","editorial":[{"ID":6178,"post_author":"3","post_date":"2022-07-28 17:46:34","post_date_gmt":"2022-07-28 15:46:34","post_content":"","post_title":"DEBOLSILLO","post_excerpt":"","post_status":"publish","comment_status":"closed","ping_status":"closed","post_password":"","post_name":"debolsillo","to_ping":"","pinged":"","post_modified":"2022-07-28 17:46:34","post_modified_gmt":"2022-07-28 15:46:34","post_content_filtered":"","post_parent":0,"guid":"http:\/\/dev.claret.cat\/editorial\/debolsillo\/","menu_order":0,"post_type":"editorial","post_mime_type":"","comment_count":"0","filter":"raw"}],"autores-libros":[{"ID":161120,"post_author":"3","post_date":"2022-10-14 17:15:40","post_date_gmt":"2022-10-14 15:15:40","post_content":"","post_title":"JUAN MARSE","post_excerpt":"","post_status":"publish","comment_status":"closed","ping_status":"closed","post_password":"","post_name":"juan-marse","to_ping":"","pinged":"","post_modified":"2022-10-14 17:15:40","post_modified_gmt":"2022-10-14 15:15:40","post_content_filtered":"","post_parent":0,"guid":"http:\/\/dev.claret.cat\/autor\/juan-marse\/","menu_order":0,"post_type":"autor","post_mime_type":"","comment_count":"0","filter":"raw"}]},"aioseo_notices":[],"_links":{"self":[{"href":"https:\/\/www.claret.cat\/es\/wp-json\/wp\/v2\/product\/432429","targetHints":{"allow":["GET"]}}],"collection":[{"href":"https:\/\/www.claret.cat\/es\/wp-json\/wp\/v2\/product"}],"about":[{"href":"https:\/\/www.claret.cat\/es\/wp-json\/wp\/v2\/types\/product"}],"wp:attachment":[{"href":"https:\/\/www.claret.cat\/es\/wp-json\/wp\/v2\/media?parent=432429"}],"wp:term":[{"taxonomy":"product_brand","embeddable":true,"href":"https:\/\/www.claret.cat\/es\/wp-json\/wp\/v2\/product_brand?post=432429"},{"taxonomy":"product_cat","embeddable":true,"href":"https:\/\/www.claret.cat\/es\/wp-json\/wp\/v2\/product_cat?post=432429"},{"taxonomy":"product_tag","embeddable":true,"href":"https:\/\/www.claret.cat\/es\/wp-json\/wp\/v2\/product_tag?post=432429"}],"curies":[{"name":"wp","href":"https:\/\/api.w.org\/{rel}","templated":true}]}}