{"id":432430,"date":"2023-05-18T17:15:48","date_gmt":"2023-05-18T15:15:48","guid":{"rendered":"https:\/\/www.claret.cat\/llibre\/enciclopedia-ilustrada-del-cuerpo-humano-9788499133201\/"},"modified":"2023-05-18T17:15:53","modified_gmt":"2023-05-18T15:15:53","slug":"enciclopedia-ilustrada-del-cuerpo-humano-9788499133201","status":"publish","type":"product","link":"https:\/\/www.claret.cat\/es\/libro\/enciclopedia-ilustrada-del-cuerpo-humano-9788499133201\/","title":{"rendered":"ENCICLOPEDIA ILUSTRADA DEL CUERPO HUMANO"},"content":{"rendered":"<p>En este libro se da respuesta a muchas de las preguntas que se hacen los ni\u00f1os sobre c\u00f3mo funciona su cuerpo, y los diferentes \u00f3rganos, aparatos y sistemas que lo conforman. Con grandes ilustraciones y muchos datos y curiosidades para aprender y divertirse.<\/p>\n","protected":false},"excerpt":{"rendered":"<p>TODOLIBRO, EQUIPO<\/p>\n","protected":false},"featured_media":432431,"template":"","meta":{"_acf_changed":false,"om_disable_all_campaigns":false,"rs_blank_template":"","rs_page_bg_color":"","slide_template_v7":"","inline_featured_image":false,"_monsterinsights_skip_tracking":false,"_monsterinsights_sitenote_active":false,"_monsterinsights_sitenote_note":"","_monsterinsights_sitenote_category":0},"product_brand":[],"product_cat":[86,352],"product_tag":[],"class_list":{"0":"post-432430","1":"product","2":"type-product","3":"status-publish","4":"has-post-thumbnail","6":"product_cat-infantil","7":"product_cat-infantil-3_infantil-juvenil-spa","9":"first","10":"instock","11":"taxable","12":"shipping-taxable","13":"purchasable","14":"product-type-simple"},"acf":{"autor":"TODOLIBRO, EQUIPO","codart":"849913320","libros-coleccion":"SUSHI BOOKS","ediciones":"1","encuadernacion":"R\u00fastica","fecha_de_publicacion":"01\/11\/2010","novedad":"1","paginas":"133","subtitulo":"","orden":"0","portada":"0","idioma":"spa","editorial":[{"ID":148885,"post_author":"3","post_date":"2022-10-14 12:01:45","post_date_gmt":"2022-10-14 10:01:45","post_content":"","post_title":"TODOLIBRO","post_excerpt":"","post_status":"publish","comment_status":"closed","ping_status":"closed","post_password":"","post_name":"todolibro","to_ping":"","pinged":"","post_modified":"2022-10-14 12:01:45","post_modified_gmt":"2022-10-14 10:01:45","post_content_filtered":"","post_parent":0,"guid":"http:\/\/dev.claret.cat\/editorial\/todolibro\/","menu_order":0,"post_type":"editorial","post_mime_type":"","comment_count":"0","filter":"raw"}],"autores-libros":[{"ID":155237,"post_author":"3","post_date":"2022-10-14 15:11:14","post_date_gmt":"2022-10-14 13:11:14","post_content":"","post_title":"EQUIPO TODOLIBRO","post_excerpt":"","post_status":"publish","comment_status":"closed","ping_status":"closed","post_password":"","post_name":"equipo-todolibro","to_ping":"","pinged":"","post_modified":"2022-10-14 15:11:14","post_modified_gmt":"2022-10-14 13:11:14","post_content_filtered":"","post_parent":0,"guid":"http:\/\/dev.claret.cat\/autor\/equipo-todolibro\/","menu_order":0,"post_type":"autor","post_mime_type":"","comment_count":"0","filter":"raw"}]},"aioseo_notices":[],"_links":{"self":[{"href":"https:\/\/www.claret.cat\/es\/wp-json\/wp\/v2\/product\/432430","targetHints":{"allow":["GET"]}}],"collection":[{"href":"https:\/\/www.claret.cat\/es\/wp-json\/wp\/v2\/product"}],"about":[{"href":"https:\/\/www.claret.cat\/es\/wp-json\/wp\/v2\/types\/product"}],"wp:featuredmedia":[{"embeddable":true,"href":"https:\/\/www.claret.cat\/es\/wp-json\/wp\/v2\/media\/432431"}],"wp:attachment":[{"href":"https:\/\/www.claret.cat\/es\/wp-json\/wp\/v2\/media?parent=432430"}],"wp:term":[{"taxonomy":"product_brand","embeddable":true,"href":"https:\/\/www.claret.cat\/es\/wp-json\/wp\/v2\/product_brand?post=432430"},{"taxonomy":"product_cat","embeddable":true,"href":"https:\/\/www.claret.cat\/es\/wp-json\/wp\/v2\/product_cat?post=432430"},{"taxonomy":"product_tag","embeddable":true,"href":"https:\/\/www.claret.cat\/es\/wp-json\/wp\/v2\/product_tag?post=432430"}],"curies":[{"name":"wp","href":"https:\/\/api.w.org\/{rel}","templated":true}]}}