{"id":432468,"date":"2023-05-18T17:18:14","date_gmt":"2023-05-18T15:18:14","guid":{"rendered":"https:\/\/www.claret.cat\/llibre\/el-rostro-de-cristo-9788499201610\/"},"modified":"2023-05-18T17:18:19","modified_gmt":"2023-05-18T15:18:19","slug":"el-rostro-de-cristo-9788499201610","status":"publish","type":"product","link":"https:\/\/www.claret.cat\/es\/libro\/el-rostro-de-cristo-9788499201610\/","title":{"rendered":"EL ROSTRO DE CRISTO"},"content":{"rendered":"<p>El cristianismo es religi\u00f3n de la voz y de la palabra (atenci\u00f3n, audici\u00f3n: Antiguo Testamento), pero es tambi\u00e9n religi\u00f3n del cuerpo y de la historia (mirada y contemplaci\u00f3n: Nuevo Testamento). Es religi\u00f3n de exterioridad y de interioridad; por ello los sentidos corporales y los espirituales son igualmente importantes. Dios nos ha hablado y se nos ha dado en su Hijo, Palabra eterna encarnada en el tiempo, haciendo el camino de la vida con nosotros. Dios no es sin rostro. Cristo es la Faz humana de Dios: al contemplarle percibimos los rasgos personales de quien en \u00e9l tiene historia y destino con nosotros. Junto a la lectura b\u00edblica y a la reflexi\u00f3n teol\u00f3gica, este libro ha convocado a grandes pintores (El Greco, Vel\u00e1zquez, Gr\u00fcnewald, Goya, Gaugin&#8230;) para adivinar con la ayuda de casi un centenar de im\u00e1genes, que acompa\u00f1an los textos, c\u00f3mo Cristo es la trasparencia de Dios hacia el hombre y a la vez la trasparencia del hombre hacia Dios. Este libro recibi\u00f3 el Premio de la Cr\u00edtica otorgado por el Instituto Castellano-leon\u00e9s de la lengua en mayo de 2012.<\/p>\n","protected":false},"excerpt":{"rendered":"<p>GONZ\u00c1LEZ DE CARDEDAL, OLEGARIO<\/p>\n","protected":false},"featured_media":432469,"template":"","meta":{"_acf_changed":false,"om_disable_all_campaigns":false,"rs_blank_template":"","rs_page_bg_color":"","slide_template_v7":"","inline_featured_image":false,"_monsterinsights_skip_tracking":false,"_monsterinsights_sitenote_active":false,"_monsterinsights_sitenote_note":"","_monsterinsights_sitenote_category":0},"product_brand":[],"product_cat":[90,540],"product_tag":[],"class_list":{"0":"post-432468","1":"product","2":"type-product","3":"status-publish","4":"has-post-thumbnail","6":"product_cat-altres","7":"product_cat-otros","9":"first","10":"instock","11":"taxable","12":"shipping-taxable","13":"purchasable","14":"product-type-simple"},"acf":{"autor":"GONZ\u00c1LEZ DE CARDEDAL, OLEGARIO","codart":"849920161","libros-coleccion":"Ensayo","ediciones":"1","encuadernacion":"R\u00fastica","fecha_de_publicacion":"01\/11\/2012","novedad":"0","paginas":"440","subtitulo":"","orden":"999","portada":"0","idioma":"spa","editorial":[{"ID":6201,"post_author":"3","post_date":"2022-07-28 17:47:01","post_date_gmt":"2022-07-28 15:47:01","post_content":"","post_title":"Ediciones Encuentro","post_excerpt":"","post_status":"publish","comment_status":"closed","ping_status":"closed","post_password":"","post_name":"ediciones-encuentro","to_ping":"","pinged":"","post_modified":"2022-07-28 17:47:01","post_modified_gmt":"2022-07-28 15:47:01","post_content_filtered":"","post_parent":0,"guid":"http:\/\/dev.claret.cat\/editorial\/ediciones-encuentro\/","menu_order":0,"post_type":"editorial","post_mime_type":"","comment_count":"0","filter":"raw"}],"autores-libros":[{"ID":288569,"post_author":"3","post_date":"2022-12-10 08:10:50","post_date_gmt":"2022-12-10 07:10:50","post_content":"","post_title":"OLEGARIO GONZ\u00c1LEZ DE CARDEDAL","post_excerpt":"","post_status":"publish","comment_status":"closed","ping_status":"closed","post_password":"","post_name":"olegario-gonzalez-de-cardedal","to_ping":"","pinged":"","post_modified":"2022-12-10 08:10:50","post_modified_gmt":"2022-12-10 07:10:50","post_content_filtered":"","post_parent":0,"guid":"http:\/\/dev.claret.cat\/autor\/olegario-gonzalez-de-cardedal\/","menu_order":0,"post_type":"autor","post_mime_type":"","comment_count":"0","filter":"raw"}]},"aioseo_notices":[],"_links":{"self":[{"href":"https:\/\/www.claret.cat\/es\/wp-json\/wp\/v2\/product\/432468","targetHints":{"allow":["GET"]}}],"collection":[{"href":"https:\/\/www.claret.cat\/es\/wp-json\/wp\/v2\/product"}],"about":[{"href":"https:\/\/www.claret.cat\/es\/wp-json\/wp\/v2\/types\/product"}],"wp:featuredmedia":[{"embeddable":true,"href":"https:\/\/www.claret.cat\/es\/wp-json\/wp\/v2\/media\/432469"}],"wp:attachment":[{"href":"https:\/\/www.claret.cat\/es\/wp-json\/wp\/v2\/media?parent=432468"}],"wp:term":[{"taxonomy":"product_brand","embeddable":true,"href":"https:\/\/www.claret.cat\/es\/wp-json\/wp\/v2\/product_brand?post=432468"},{"taxonomy":"product_cat","embeddable":true,"href":"https:\/\/www.claret.cat\/es\/wp-json\/wp\/v2\/product_cat?post=432468"},{"taxonomy":"product_tag","embeddable":true,"href":"https:\/\/www.claret.cat\/es\/wp-json\/wp\/v2\/product_tag?post=432468"}],"curies":[{"name":"wp","href":"https:\/\/api.w.org\/{rel}","templated":true}]}}