{"id":432532,"date":"2023-05-18T17:22:22","date_gmt":"2023-05-18T15:22:22","guid":{"rendered":"https:\/\/www.claret.cat\/llibre\/la-caverna-9788499300689\/"},"modified":"2024-01-31T18:12:09","modified_gmt":"2024-01-31T17:12:09","slug":"la-caverna-9788499300689","status":"publish","type":"product","link":"https:\/\/www.claret.cat\/es\/libro\/la-caverna-9788499300689\/","title":{"rendered":"LA CAVERNA"},"content":{"rendered":"<p>En Cipriano Algor s&#8217;ha guanyat sempre la vida fent de terrissaire al seu taller, per\u00f2 el creixement vertigin\u00f3s de la ciutat i la construcci\u00f3 d&#8217;un gran centre comercial han enfonsat el seu petit negoci. Obligat per les circumst\u00e0ncies, haur\u00e0 d&#8217;abandonar l&#8217;ofici i el poble on ha viscut tota la vida, per traslladar-se al centre, on viur\u00e0 amb resignaci\u00f3 la lluita entre dos mons: el seu, que ja est\u00e0 sentenciat, i el que emergeix amb la for\u00e7a, gigantesc i monstru\u00f3s, dominat pel poder econ\u00f2mic i les grans superf\u00edcies, disposat a cruspir-se sense escr\u00fapols la tradici\u00f3.<\/p>\n","protected":false},"excerpt":{"rendered":"<p>SARAMAGO, JOSE<\/p>\n","protected":false},"featured_media":432533,"template":"","meta":{"_acf_changed":false,"om_disable_all_campaigns":false,"rs_blank_template":"","rs_page_bg_color":"","slide_template_v7":"","inline_featured_image":false,"_monsterinsights_skip_tracking":false,"_monsterinsights_sitenote_active":false,"_monsterinsights_sitenote_note":"","_monsterinsights_sitenote_category":0},"product_brand":[],"product_cat":[87,353],"product_tag":[],"class_list":{"0":"post-432532","1":"product","2":"type-product","3":"status-publish","4":"has-post-thumbnail","6":"product_cat-literatura","7":"product_cat-literatura-2_humanidades","9":"first","10":"instock","11":"taxable","12":"shipping-taxable","13":"purchasable","14":"product-type-simple"},"acf":{"autor":"SARAMAGO, JOSE","codart":"849930068","libros-coleccion":"","ediciones":"1","encuadernacion":"R\u00fastica","fecha_de_publicacion":"03\/02\/2010","novedad":"0","paginas":"416","subtitulo":"","orden":"999","portada":"0","idioma":"cat","editorial":[{"ID":6281,"post_author":"3","post_date":"2022-07-28 17:48:50","post_date_gmt":"2022-07-28 15:48:50","post_content":"","post_title":"LABUTXACA","post_excerpt":"","post_status":"publish","comment_status":"closed","ping_status":"closed","post_password":"","post_name":"labutxaca","to_ping":"","pinged":"","post_modified":"2022-07-28 17:48:50","post_modified_gmt":"2022-07-28 15:48:50","post_content_filtered":"","post_parent":0,"guid":"http:\/\/dev.claret.cat\/editorial\/labutxaca\/","menu_order":0,"post_type":"editorial","post_mime_type":"","comment_count":"0","filter":"raw"}],"autores-libros":[{"ID":5650,"post_author":"3","post_date":"2022-07-28 17:28:32","post_date_gmt":"2022-07-28 15:28:32","post_content":"","post_title":"JOSE SARAMAGO","post_excerpt":"","post_status":"publish","comment_status":"closed","ping_status":"closed","post_password":"","post_name":"jose-saramago","to_ping":"","pinged":"","post_modified":"2022-07-28 17:28:32","post_modified_gmt":"2022-07-28 15:28:32","post_content_filtered":"","post_parent":0,"guid":"http:\/\/dev.claret.cat\/autor\/jose-saramago\/","menu_order":0,"post_type":"autor","post_mime_type":"","comment_count":"0","filter":"raw"}]},"aioseo_notices":[],"_links":{"self":[{"href":"https:\/\/www.claret.cat\/es\/wp-json\/wp\/v2\/product\/432532","targetHints":{"allow":["GET"]}}],"collection":[{"href":"https:\/\/www.claret.cat\/es\/wp-json\/wp\/v2\/product"}],"about":[{"href":"https:\/\/www.claret.cat\/es\/wp-json\/wp\/v2\/types\/product"}],"wp:featuredmedia":[{"embeddable":true,"href":"https:\/\/www.claret.cat\/es\/wp-json\/wp\/v2\/media\/432533"}],"wp:attachment":[{"href":"https:\/\/www.claret.cat\/es\/wp-json\/wp\/v2\/media?parent=432532"}],"wp:term":[{"taxonomy":"product_brand","embeddable":true,"href":"https:\/\/www.claret.cat\/es\/wp-json\/wp\/v2\/product_brand?post=432532"},{"taxonomy":"product_cat","embeddable":true,"href":"https:\/\/www.claret.cat\/es\/wp-json\/wp\/v2\/product_cat?post=432532"},{"taxonomy":"product_tag","embeddable":true,"href":"https:\/\/www.claret.cat\/es\/wp-json\/wp\/v2\/product_tag?post=432532"}],"curies":[{"name":"wp","href":"https:\/\/api.w.org\/{rel}","templated":true}]}}