{"id":432538,"date":"2023-05-18T17:22:43","date_gmt":"2023-05-18T15:22:43","guid":{"rendered":"https:\/\/www.claret.cat\/llibre\/foguerada-dagost-9788499300726\/"},"modified":"2024-01-31T18:12:32","modified_gmt":"2024-01-31T17:12:32","slug":"foguerada-dagost-9788499300726","status":"publish","type":"product","link":"https:\/\/www.claret.cat\/es\/libro\/foguerada-dagost-9788499300726\/","title":{"rendered":"FOGUERADA D&#8217;AGOST"},"content":{"rendered":"<p>Fa una calor t\u00f2rrida, asfixiant, un sol implacable: \u00e9s la foguerada del mes m\u00e9s calor\u00f3s de l&#8217;estiu sicili\u00e0. Per\u00f2 no nom\u00e9s \u00e9s q\u00fcesti\u00f3 de la xafogor: al comissari Montalbano tamb\u00e9 l&#8217;abrusen l&#8217;ardor i la passi\u00f3.Som en ple mes d&#8217;agost, en Mim\u00ed Augello ha hagut d&#8217;anticipar les vacances i en Montalbano est\u00e0 obligat a quedar-se a Vigata. Acompanyada d&#8217;una amiga -amb marit i fill-, la L\u00edvia baixa a passar les vacances en una casa vora la mar. Per\u00f2 un dia el nen desapareix. En Montalbano s&#8217;ocupar\u00e0 de la investigaci\u00f3 i descobrir\u00e0 una galeria subterr\u00e0nia amb una sorpresa inesperada: el cad\u00e0ver d&#8217;una noia&#8230; Ara s\u00ed que la recerca comen\u00e7a de deb\u00f2.<\/p>\n","protected":false},"excerpt":{"rendered":"<p>CAMILLERI, ANDREA<\/p>\n","protected":false},"featured_media":432539,"template":"","meta":{"_acf_changed":false,"om_disable_all_campaigns":false,"rs_blank_template":"","rs_page_bg_color":"","slide_template_v7":"","inline_featured_image":false,"_monsterinsights_skip_tracking":false,"_monsterinsights_sitenote_active":false,"_monsterinsights_sitenote_note":"","_monsterinsights_sitenote_category":0},"product_brand":[],"product_cat":[90,540],"product_tag":[],"class_list":{"0":"post-432538","1":"product","2":"type-product","3":"status-publish","4":"has-post-thumbnail","6":"product_cat-altres","7":"product_cat-otros","9":"first","10":"instock","11":"taxable","12":"shipping-taxable","13":"purchasable","14":"product-type-simple"},"acf":{"autor":"CAMILLERI, ANDREA","codart":"849930072","libros-coleccion":"","ediciones":"1","encuadernacion":"R\u00fastica","fecha_de_publicacion":"08\/03\/2010","novedad":"0","paginas":"256","subtitulo":"","orden":"999","portada":"0","idioma":"cat","editorial":[{"ID":6281,"post_author":"3","post_date":"2022-07-28 17:48:50","post_date_gmt":"2022-07-28 15:48:50","post_content":"","post_title":"LABUTXACA","post_excerpt":"","post_status":"publish","comment_status":"closed","ping_status":"closed","post_password":"","post_name":"labutxaca","to_ping":"","pinged":"","post_modified":"2022-07-28 17:48:50","post_modified_gmt":"2022-07-28 15:48:50","post_content_filtered":"","post_parent":0,"guid":"http:\/\/dev.claret.cat\/editorial\/labutxaca\/","menu_order":0,"post_type":"editorial","post_mime_type":"","comment_count":"0","filter":"raw"}],"autores-libros":[{"ID":150203,"post_author":"3","post_date":"2022-10-14 14:31:04","post_date_gmt":"2022-10-14 12:31:04","post_content":"","post_title":"ANDREA CAMILLERI","post_excerpt":"","post_status":"publish","comment_status":"closed","ping_status":"closed","post_password":"","post_name":"andrea-camilleri","to_ping":"","pinged":"","post_modified":"2022-10-14 14:31:04","post_modified_gmt":"2022-10-14 12:31:04","post_content_filtered":"","post_parent":0,"guid":"http:\/\/dev.claret.cat\/autor\/andrea-camilleri\/","menu_order":0,"post_type":"autor","post_mime_type":"","comment_count":"0","filter":"raw"}]},"aioseo_notices":[],"_links":{"self":[{"href":"https:\/\/www.claret.cat\/es\/wp-json\/wp\/v2\/product\/432538","targetHints":{"allow":["GET"]}}],"collection":[{"href":"https:\/\/www.claret.cat\/es\/wp-json\/wp\/v2\/product"}],"about":[{"href":"https:\/\/www.claret.cat\/es\/wp-json\/wp\/v2\/types\/product"}],"wp:featuredmedia":[{"embeddable":true,"href":"https:\/\/www.claret.cat\/es\/wp-json\/wp\/v2\/media\/432539"}],"wp:attachment":[{"href":"https:\/\/www.claret.cat\/es\/wp-json\/wp\/v2\/media?parent=432538"}],"wp:term":[{"taxonomy":"product_brand","embeddable":true,"href":"https:\/\/www.claret.cat\/es\/wp-json\/wp\/v2\/product_brand?post=432538"},{"taxonomy":"product_cat","embeddable":true,"href":"https:\/\/www.claret.cat\/es\/wp-json\/wp\/v2\/product_cat?post=432538"},{"taxonomy":"product_tag","embeddable":true,"href":"https:\/\/www.claret.cat\/es\/wp-json\/wp\/v2\/product_tag?post=432538"}],"curies":[{"name":"wp","href":"https:\/\/api.w.org\/{rel}","templated":true}]}}