{"id":432544,"date":"2023-05-18T17:23:03","date_gmt":"2023-05-18T15:23:03","guid":{"rendered":"https:\/\/www.claret.cat\/llibre\/per-que-som-com-som-9788499300863\/"},"modified":"2024-01-31T18:11:39","modified_gmt":"2024-01-31T17:11:39","slug":"per-que-som-com-som-9788499300863","status":"publish","type":"product","link":"https:\/\/www.claret.cat\/es\/libro\/per-que-som-com-som-9788499300863\/","title":{"rendered":"PER QU\u00c8 SOM COM SOM"},"content":{"rendered":"<p>Per qu\u00e8 som com som? Aquesta \u00e9s una pregunta que avui en dia es planteja d&#8217;una manera molt diferent que en \u00e8poques anteriors. Per primera vegada en la hist\u00f2ria, el coneixement cient\u00edfic comen\u00e7a a formar part dels interessos del conjunt de la societat. \u00bfQuins s\u00f3n els mecanismes que van des d&#8217;un gen, un cromosoma&#8230; fins al lladruc d&#8217;un gos o el sentiment amor\u00f3s?Per mitj\u00e0 dels especialistes m\u00e9s rellevants en neuroci\u00e8ncia, comprovem com la sofisticaci\u00f3 del llenguatge, la mem\u00f2ria i l&#8217;aprenentatge ens diferencia de la resta d&#8217;esp\u00e8cies animals, alhora que veiem noves perspectives sobre la sexualitat i la reproducci\u00f3, que en alguns casos resulten inquietants. Tot plegat condu\u00eft a trav\u00e9s de la passi\u00f3 divulgadora, la sagacitat i el talent d&#8217;Eduard Punset.<\/p>\n","protected":false},"excerpt":{"rendered":"<p>PUNSET, EDUARD<\/p>\n","protected":false},"featured_media":432545,"template":"","meta":{"_acf_changed":false,"om_disable_all_campaigns":false,"rs_blank_template":"","rs_page_bg_color":"","slide_template_v7":"","inline_featured_image":false,"_monsterinsights_skip_tracking":false,"_monsterinsights_sitenote_active":false,"_monsterinsights_sitenote_note":"","_monsterinsights_sitenote_category":0},"product_brand":[],"product_cat":[90,540],"product_tag":[],"class_list":{"0":"post-432544","1":"product","2":"type-product","3":"status-publish","4":"has-post-thumbnail","6":"product_cat-altres","7":"product_cat-otros","9":"first","10":"instock","11":"taxable","12":"shipping-taxable","13":"purchasable","14":"product-type-simple"},"acf":{"autor":"PUNSET, EDUARD","codart":"849930086","libros-coleccion":"","ediciones":"1","encuadernacion":"R\u00fastica","fecha_de_publicacion":"08\/03\/2010","novedad":"0","paginas":"352","subtitulo":"","orden":"999","portada":"0","idioma":"cat","editorial":[{"ID":6281,"post_author":"3","post_date":"2022-07-28 17:48:50","post_date_gmt":"2022-07-28 15:48:50","post_content":"","post_title":"LABUTXACA","post_excerpt":"","post_status":"publish","comment_status":"closed","ping_status":"closed","post_password":"","post_name":"labutxaca","to_ping":"","pinged":"","post_modified":"2022-07-28 17:48:50","post_modified_gmt":"2022-07-28 15:48:50","post_content_filtered":"","post_parent":0,"guid":"http:\/\/dev.claret.cat\/editorial\/labutxaca\/","menu_order":0,"post_type":"editorial","post_mime_type":"","comment_count":"0","filter":"raw"}],"autores-libros":[{"ID":422059,"post_author":"3","post_date":"2023-05-16 07:11:06","post_date_gmt":"2023-05-16 05:11:06","post_content":"","post_title":"EDUARD PUNSET","post_excerpt":"","post_status":"publish","comment_status":"closed","ping_status":"closed","post_password":"","post_name":"eduard-punset-2","to_ping":"","pinged":"","post_modified":"2023-05-16 07:11:06","post_modified_gmt":"2023-05-16 05:11:06","post_content_filtered":"","post_parent":0,"guid":"https:\/\/www.claret.cat\/autor\/eduard-punset-2\/","menu_order":0,"post_type":"autor","post_mime_type":"","comment_count":"0","filter":"raw"}]},"aioseo_notices":[],"_links":{"self":[{"href":"https:\/\/www.claret.cat\/es\/wp-json\/wp\/v2\/product\/432544","targetHints":{"allow":["GET"]}}],"collection":[{"href":"https:\/\/www.claret.cat\/es\/wp-json\/wp\/v2\/product"}],"about":[{"href":"https:\/\/www.claret.cat\/es\/wp-json\/wp\/v2\/types\/product"}],"wp:featuredmedia":[{"embeddable":true,"href":"https:\/\/www.claret.cat\/es\/wp-json\/wp\/v2\/media\/432545"}],"wp:attachment":[{"href":"https:\/\/www.claret.cat\/es\/wp-json\/wp\/v2\/media?parent=432544"}],"wp:term":[{"taxonomy":"product_brand","embeddable":true,"href":"https:\/\/www.claret.cat\/es\/wp-json\/wp\/v2\/product_brand?post=432544"},{"taxonomy":"product_cat","embeddable":true,"href":"https:\/\/www.claret.cat\/es\/wp-json\/wp\/v2\/product_cat?post=432544"},{"taxonomy":"product_tag","embeddable":true,"href":"https:\/\/www.claret.cat\/es\/wp-json\/wp\/v2\/product_tag?post=432544"}],"curies":[{"name":"wp","href":"https:\/\/api.w.org\/{rel}","templated":true}]}}