{"id":43257,"date":"2022-10-02T21:27:43","date_gmt":"2022-10-02T19:27:43","guid":{"rendered":"http:\/\/dev.claret.cat\/producte\/se-feliz\/"},"modified":"2023-10-06T11:16:30","modified_gmt":"2023-10-06T09:16:30","slug":"se-feliz-9788418849237","status":"publish","type":"product","link":"https:\/\/www.claret.cat\/es\/libro\/se-feliz-9788418849237\/","title":{"rendered":"\u00a1S\u00c9 FELIZ!"},"content":{"rendered":"","protected":false},"excerpt":{"rendered":"<p>SIME\u00d3N, MAITE<\/p>\n","protected":false},"featured_media":59147,"template":"","meta":{"_acf_changed":false,"om_disable_all_campaigns":false,"rs_blank_template":"","rs_page_bg_color":"","slide_template_v7":"","inline_featured_image":false,"_monsterinsights_skip_tracking":false,"_monsterinsights_sitenote_active":false,"_monsterinsights_sitenote_note":"","_monsterinsights_sitenote_category":0},"product_brand":[],"product_cat":[377,376],"product_tag":[],"class_list":{"0":"post-43257","1":"product","2":"type-product","3":"status-publish","4":"has-post-thumbnail","6":"product_cat-autoayuda-y-salud-mental","7":"product_cat-autores-psicologia-2_humanidades","9":"first","10":"instock","11":"taxable","12":"shipping-taxable","13":"purchasable","14":"product-type-simple"},"acf":{"autor":"SIME\u00d3N, MAITE","codart":"841884923","libros-coleccion":"FORA DE COL.LECCI\u00d3","ediciones":"1","encuadernacion":"R\u00fastica","fecha_de_publicacion":"01\/01\/2022","novedad":"1","paginas":"45","subtitulo":"ERES UN SER \u00daNICO E IRREPETIBLE","orden":"0","portada":"0","idioma":"spa","editorial":[{"ID":148643,"post_author":"3","post_date":"2022-10-14 11:59:51","post_date_gmt":"2022-10-14 09:59:51","post_content":"","post_title":"PARCIR, EDICIONS SELECTES","post_excerpt":"","post_status":"publish","comment_status":"closed","ping_status":"closed","post_password":"","post_name":"parcir-edicions-selectes","to_ping":"","pinged":"","post_modified":"2022-10-14 11:59:51","post_modified_gmt":"2022-10-14 09:59:51","post_content_filtered":"","post_parent":0,"guid":"http:\/\/dev.claret.cat\/editorial\/parcir-edicions-selectes\/","menu_order":0,"post_type":"editorial","post_mime_type":"","comment_count":"0","filter":"raw"}],"autores-libros":[{"ID":163029,"post_author":"3","post_date":"2022-10-14 17:35:45","post_date_gmt":"2022-10-14 15:35:45","post_content":"","post_title":"MAITE SIME\u00d3N","post_excerpt":"","post_status":"publish","comment_status":"closed","ping_status":"closed","post_password":"","post_name":"maite-simeon","to_ping":"","pinged":"","post_modified":"2022-10-14 17:35:45","post_modified_gmt":"2022-10-14 15:35:45","post_content_filtered":"","post_parent":0,"guid":"http:\/\/dev.claret.cat\/autor\/maite-simeon\/","menu_order":0,"post_type":"autor","post_mime_type":"","comment_count":"0","filter":"raw"}]},"aioseo_notices":[],"_links":{"self":[{"href":"https:\/\/www.claret.cat\/es\/wp-json\/wp\/v2\/product\/43257","targetHints":{"allow":["GET"]}}],"collection":[{"href":"https:\/\/www.claret.cat\/es\/wp-json\/wp\/v2\/product"}],"about":[{"href":"https:\/\/www.claret.cat\/es\/wp-json\/wp\/v2\/types\/product"}],"wp:featuredmedia":[{"embeddable":true,"href":"https:\/\/www.claret.cat\/es\/wp-json\/wp\/v2\/media\/59147"}],"wp:attachment":[{"href":"https:\/\/www.claret.cat\/es\/wp-json\/wp\/v2\/media?parent=43257"}],"wp:term":[{"taxonomy":"product_brand","embeddable":true,"href":"https:\/\/www.claret.cat\/es\/wp-json\/wp\/v2\/product_brand?post=43257"},{"taxonomy":"product_cat","embeddable":true,"href":"https:\/\/www.claret.cat\/es\/wp-json\/wp\/v2\/product_cat?post=43257"},{"taxonomy":"product_tag","embeddable":true,"href":"https:\/\/www.claret.cat\/es\/wp-json\/wp\/v2\/product_tag?post=43257"}],"curies":[{"name":"wp","href":"https:\/\/api.w.org\/{rel}","templated":true}]}}