{"id":432607,"date":"2023-05-18T17:26:40","date_gmt":"2023-05-18T15:26:40","guid":{"rendered":"https:\/\/www.claret.cat\/llibre\/un-mon-felic-9788499302201\/"},"modified":"2026-02-26T12:25:56","modified_gmt":"2026-02-26T11:25:56","slug":"un-mon-felic-9788499302201","status":"publish","type":"product","link":"https:\/\/www.claret.cat\/es\/libro\/un-mon-felic-9788499302201\/","title":{"rendered":"UN M\u00d3N FELI\u00c7"},"content":{"rendered":"<p>Un m\u00f3n feli\u00e7 (1932) \u00e9s una de les novel\u00b7les de ci\u00e8ncia ficci\u00f3 m\u00e9s celebrades del segle XX. Publicada en una \u00e8poca en qu\u00e8 ja emergien, com una amena\u00e7a, els grans r\u00e8gims totalitaris que havien de desembocar en la Segona Guerra Mundial, Un m\u00f3n feli\u00e7 ens convida a imaginar una societat futura en qu\u00e8 un Estat paternalista mant\u00e9 els seus s\u00fabdits sota els efectes de la droga oficial del r\u00e8gim, un narc\u00f2tic anomenat \u00absoma\u00bb. A fi d&#8217;aconseguir blocs de ciutadans gen\u00e8ticament unificats i coherents, l&#8217;Estat endega un projecte de clonaci\u00f3. Els embrions, concebuts i desenvolupats al laboratori, s\u00f3n traslladats a la sala de Predestinaci\u00f3 Social, on s&#8217;ajusten les aptituds i la intel\u00b7lig\u00e8ncia de cadasc\u00fa segons la casta que li ha estat assignada. Quatre joves, v\u00edctimes i herois d&#8217;aquesta novel\u00b7la, no encaixaran en un r\u00e8gim planificador i totalitari que pret\u00e9n transformar els humans en meres c\u00e8l\u00b7lules d&#8217;un cos social.<\/p>\n","protected":false},"excerpt":{"rendered":"<p>HUXLEY, ALDOUS <\/p>\n","protected":false},"featured_media":432608,"template":"","meta":{"_acf_changed":false,"om_disable_all_campaigns":false,"rs_blank_template":"","rs_page_bg_color":"","slide_template_v7":"","inline_featured_image":false,"_monsterinsights_skip_tracking":false,"_monsterinsights_sitenote_active":false,"_monsterinsights_sitenote_note":"","_monsterinsights_sitenote_category":0},"product_brand":[],"product_cat":[87,353],"product_tag":[],"class_list":{"0":"post-432607","1":"product","2":"type-product","3":"status-publish","4":"has-post-thumbnail","6":"product_cat-literatura","7":"product_cat-literatura-2_humanidades","9":"first","10":"instock","11":"taxable","12":"shipping-taxable","13":"purchasable","14":"product-type-simple"},"acf":{"autor":"HUXLEY, ALDOUS ","codart":"849930220","libros-coleccion":"","ediciones":"1","encuadernacion":"R\u00fastica","fecha_de_publicacion":"02\/11\/2010","novedad":"0","paginas":"288","subtitulo":"","orden":"999","portada":"0","idioma":"cat","editorial":[{"ID":6281,"post_author":"3","post_date":"2022-07-28 17:48:50","post_date_gmt":"2022-07-28 15:48:50","post_content":"","post_title":"LABUTXACA","post_excerpt":"","post_status":"publish","comment_status":"closed","ping_status":"closed","post_password":"","post_name":"labutxaca","to_ping":"","pinged":"","post_modified":"2022-07-28 17:48:50","post_modified_gmt":"2022-07-28 15:48:50","post_content_filtered":"","post_parent":0,"guid":"http:\/\/dev.claret.cat\/editorial\/labutxaca\/","menu_order":0,"post_type":"editorial","post_mime_type":"","comment_count":"0","filter":"raw"}],"autores-libros":[{"ID":149539,"post_author":"3","post_date":"2022-10-14 14:25:42","post_date_gmt":"2022-10-14 12:25:42","post_content":"","post_title":"ALDOUS HUXLEY","post_excerpt":"","post_status":"publish","comment_status":"closed","ping_status":"closed","post_password":"","post_name":"aldous-huxley","to_ping":"","pinged":"","post_modified":"2022-10-14 14:25:42","post_modified_gmt":"2022-10-14 12:25:42","post_content_filtered":"","post_parent":0,"guid":"http:\/\/dev.claret.cat\/autor\/aldous-huxley\/","menu_order":0,"post_type":"autor","post_mime_type":"","comment_count":"0","filter":"raw"}],"booktrailer":"","resenas":""},"aioseo_notices":[],"_links":{"self":[{"href":"https:\/\/www.claret.cat\/es\/wp-json\/wp\/v2\/product\/432607","targetHints":{"allow":["GET"]}}],"collection":[{"href":"https:\/\/www.claret.cat\/es\/wp-json\/wp\/v2\/product"}],"about":[{"href":"https:\/\/www.claret.cat\/es\/wp-json\/wp\/v2\/types\/product"}],"wp:featuredmedia":[{"embeddable":true,"href":"https:\/\/www.claret.cat\/es\/wp-json\/wp\/v2\/media\/432608"}],"wp:attachment":[{"href":"https:\/\/www.claret.cat\/es\/wp-json\/wp\/v2\/media?parent=432607"}],"wp:term":[{"taxonomy":"product_brand","embeddable":true,"href":"https:\/\/www.claret.cat\/es\/wp-json\/wp\/v2\/product_brand?post=432607"},{"taxonomy":"product_cat","embeddable":true,"href":"https:\/\/www.claret.cat\/es\/wp-json\/wp\/v2\/product_cat?post=432607"},{"taxonomy":"product_tag","embeddable":true,"href":"https:\/\/www.claret.cat\/es\/wp-json\/wp\/v2\/product_tag?post=432607"}],"curies":[{"name":"wp","href":"https:\/\/api.w.org\/{rel}","templated":true}]}}