{"id":432637,"date":"2023-05-18T17:28:51","date_gmt":"2023-05-18T15:28:51","guid":{"rendered":"https:\/\/www.claret.cat\/llibre\/de-que-parlo-quan-parlo-de-correr-9788499303789\/"},"modified":"2024-01-31T18:06:35","modified_gmt":"2024-01-31T17:06:35","slug":"de-que-parlo-quan-parlo-de-correr-9788499303789","status":"publish","type":"product","link":"https:\/\/www.claret.cat\/es\/libro\/de-que-parlo-quan-parlo-de-correr-9788499303789\/","title":{"rendered":"DE QU\u00c8 PARLO QUAN PARLO DE C\u00d3RRER"},"content":{"rendered":"<p>A mig cam\u00ed entre el llibre d&#8217;autosuperaci\u00f3 i el relat de ficci\u00f3, aquest llibre ens explica el canvi vital que va representar per a Murakami voler c\u00f3rrer maratons. Jove noct\u00e0mbul, descobreix als trenta anys la seva vocaci\u00f3 liter\u00e0ria i, alhora, la incompatibilitat d&#8217;una vida creativa amb una vida desordenada. Decideix fer un canvi radical i se sotmet a una dura autodisciplina f\u00edsica d&#8217;entrenament. En un relat \u00edntim i commovedor, Murakami es despulla davant dels lectors i troba una manera liter\u00e0ria de mostrar-nos el proc\u00e9s que el va portar a c\u00f3rrer, a m\u00e9s de descobrir-nos la seva manera de treballar i, en definitiva, de veure el m\u00f3n en qu\u00e8 vivim.<\/p>\n","protected":false},"excerpt":{"rendered":"<p>HARUKI MURAKAMI<\/p>\n","protected":false},"featured_media":432638,"template":"","meta":{"_acf_changed":false,"om_disable_all_campaigns":false,"rs_blank_template":"","rs_page_bg_color":"","slide_template_v7":"","inline_featured_image":false,"_monsterinsights_skip_tracking":false,"_monsterinsights_sitenote_active":false,"_monsterinsights_sitenote_note":"","_monsterinsights_sitenote_category":0},"product_brand":[],"product_cat":[546,96,87,353],"product_tag":[],"class_list":{"0":"post-432637","1":"product","2":"type-product","3":"status-publish","4":"has-post-thumbnail","6":"product_cat-deportes","7":"product_cat-esports","8":"product_cat-literatura","9":"product_cat-literatura-2_humanidades","11":"first","12":"instock","13":"taxable","14":"shipping-taxable","15":"purchasable","16":"product-type-simple"},"acf":{"autor":"HARUKI MURAKAMI","codart":"849930378","libros-coleccion":"","ediciones":"1","encuadernacion":"R\u00fastica","fecha_de_publicacion":"04\/10\/2011","novedad":"0","paginas":"160","subtitulo":"","orden":"999","portada":"0","idioma":"cat","editorial":[{"ID":6281,"post_author":"3","post_date":"2022-07-28 17:48:50","post_date_gmt":"2022-07-28 15:48:50","post_content":"","post_title":"LABUTXACA","post_excerpt":"","post_status":"publish","comment_status":"closed","ping_status":"closed","post_password":"","post_name":"labutxaca","to_ping":"","pinged":"","post_modified":"2022-07-28 17:48:50","post_modified_gmt":"2022-07-28 15:48:50","post_content_filtered":"","post_parent":0,"guid":"http:\/\/dev.claret.cat\/editorial\/labutxaca\/","menu_order":0,"post_type":"editorial","post_mime_type":"","comment_count":"0","filter":"raw"}],"autores-libros":[{"ID":405078,"post_author":"3","post_date":"2023-02-28 01:52:40","post_date_gmt":"2023-02-28 00:52:40","post_content":"","post_title":"HARUKI MURAKAMI","post_excerpt":"","post_status":"publish","comment_status":"closed","ping_status":"closed","post_password":"","post_name":"haruki-murakami-2","to_ping":"","pinged":"","post_modified":"2023-02-28 01:52:40","post_modified_gmt":"2023-02-28 00:52:40","post_content_filtered":"","post_parent":0,"guid":"https:\/\/www.claret.cat\/autor\/haruki-murakami-2\/","menu_order":0,"post_type":"autor","post_mime_type":"","comment_count":"0","filter":"raw"}]},"aioseo_notices":[],"_links":{"self":[{"href":"https:\/\/www.claret.cat\/es\/wp-json\/wp\/v2\/product\/432637","targetHints":{"allow":["GET"]}}],"collection":[{"href":"https:\/\/www.claret.cat\/es\/wp-json\/wp\/v2\/product"}],"about":[{"href":"https:\/\/www.claret.cat\/es\/wp-json\/wp\/v2\/types\/product"}],"wp:featuredmedia":[{"embeddable":true,"href":"https:\/\/www.claret.cat\/es\/wp-json\/wp\/v2\/media\/432638"}],"wp:attachment":[{"href":"https:\/\/www.claret.cat\/es\/wp-json\/wp\/v2\/media?parent=432637"}],"wp:term":[{"taxonomy":"product_brand","embeddable":true,"href":"https:\/\/www.claret.cat\/es\/wp-json\/wp\/v2\/product_brand?post=432637"},{"taxonomy":"product_cat","embeddable":true,"href":"https:\/\/www.claret.cat\/es\/wp-json\/wp\/v2\/product_cat?post=432637"},{"taxonomy":"product_tag","embeddable":true,"href":"https:\/\/www.claret.cat\/es\/wp-json\/wp\/v2\/product_tag?post=432637"}],"curies":[{"name":"wp","href":"https:\/\/api.w.org\/{rel}","templated":true}]}}