{"id":432646,"date":"2023-05-18T17:29:19","date_gmt":"2023-05-18T15:29:19","guid":{"rendered":"https:\/\/www.claret.cat\/llibre\/harry-potter-i-el-misteri-del-princep-9788499304076\/"},"modified":"2024-01-31T18:05:57","modified_gmt":"2024-01-31T17:05:57","slug":"harry-potter-i-el-misteri-del-princep-9788499304076","status":"publish","type":"product","link":"https:\/\/www.claret.cat\/es\/libro\/harry-potter-i-el-misteri-del-princep-9788499304076\/","title":{"rendered":"HARRY POTTER I EL MISTERI DEL PR\u00cdNCEP"},"content":{"rendered":"<p>Tot i que som al pic de l&#8217;estiu, una estranya boira entela els vidres de les finestres de Londres. Assegut a la seva habitaci\u00f3 de Privet Drive, en Harry Potter espera, molt nervi\u00f3s, l&#8217;arribada del professor Dumbledore. Una de les darreres vegades que el va veure va ser en ple duel contra Voldemort, i en Harry no s&#8217;acaba de creure que el professor Dumbledore el visiti a casa seva personalment. Per qu\u00e8 el vol veure amb tanta urg\u00e8ncia, en Dumbledore? El sis\u00e8 curs d&#8217;en Harry a Hogwarts ja comen\u00e7a d&#8217;una manera ben especial, tot just quan el m\u00f3n dels mags i el dels muggles comencen a creuar-se per primera vegada..<\/p>\n","protected":false},"excerpt":{"rendered":"<p>ROWLING, J. K.<\/p>\n","protected":false},"featured_media":432647,"template":"","meta":{"_acf_changed":false,"om_disable_all_campaigns":false,"rs_blank_template":"","rs_page_bg_color":"","slide_template_v7":"","inline_featured_image":false,"_monsterinsights_skip_tracking":false,"_monsterinsights_sitenote_active":false,"_monsterinsights_sitenote_note":"","_monsterinsights_sitenote_category":0},"product_brand":[],"product_cat":[90,540],"product_tag":[],"class_list":{"0":"post-432646","1":"product","2":"type-product","3":"status-publish","4":"has-post-thumbnail","6":"product_cat-altres","7":"product_cat-otros","9":"first","10":"instock","11":"taxable","12":"shipping-taxable","13":"purchasable","14":"product-type-simple"},"acf":{"autor":"ROWLING, J. K.","codart":"849930407","libros-coleccion":"","ediciones":"1","encuadernacion":"R\u00fastica","fecha_de_publicacion":"22\/11\/2011","novedad":"0","paginas":"9999","subtitulo":"","orden":"999","portada":"0","idioma":"cat","editorial":[{"ID":6281,"post_author":"3","post_date":"2022-07-28 17:48:50","post_date_gmt":"2022-07-28 15:48:50","post_content":"","post_title":"LABUTXACA","post_excerpt":"","post_status":"publish","comment_status":"closed","ping_status":"closed","post_password":"","post_name":"labutxaca","to_ping":"","pinged":"","post_modified":"2022-07-28 17:48:50","post_modified_gmt":"2022-07-28 15:48:50","post_content_filtered":"","post_parent":0,"guid":"http:\/\/dev.claret.cat\/editorial\/labutxaca\/","menu_order":0,"post_type":"editorial","post_mime_type":"","comment_count":"0","filter":"raw"}],"autores-libros":[{"ID":158219,"post_author":"3","post_date":"2022-10-14 15:35:06","post_date_gmt":"2022-10-14 13:35:06","post_content":"","post_title":"J. K. ROWLING","post_excerpt":"","post_status":"publish","comment_status":"closed","ping_status":"closed","post_password":"","post_name":"j-k-rowling-3","to_ping":"","pinged":"","post_modified":"2022-10-14 15:35:06","post_modified_gmt":"2022-10-14 13:35:06","post_content_filtered":"","post_parent":0,"guid":"http:\/\/dev.claret.cat\/autor\/j-k-rowling-3\/","menu_order":0,"post_type":"autor","post_mime_type":"","comment_count":"0","filter":"raw"}]},"aioseo_notices":[],"_links":{"self":[{"href":"https:\/\/www.claret.cat\/es\/wp-json\/wp\/v2\/product\/432646","targetHints":{"allow":["GET"]}}],"collection":[{"href":"https:\/\/www.claret.cat\/es\/wp-json\/wp\/v2\/product"}],"about":[{"href":"https:\/\/www.claret.cat\/es\/wp-json\/wp\/v2\/types\/product"}],"wp:featuredmedia":[{"embeddable":true,"href":"https:\/\/www.claret.cat\/es\/wp-json\/wp\/v2\/media\/432647"}],"wp:attachment":[{"href":"https:\/\/www.claret.cat\/es\/wp-json\/wp\/v2\/media?parent=432646"}],"wp:term":[{"taxonomy":"product_brand","embeddable":true,"href":"https:\/\/www.claret.cat\/es\/wp-json\/wp\/v2\/product_brand?post=432646"},{"taxonomy":"product_cat","embeddable":true,"href":"https:\/\/www.claret.cat\/es\/wp-json\/wp\/v2\/product_cat?post=432646"},{"taxonomy":"product_tag","embeddable":true,"href":"https:\/\/www.claret.cat\/es\/wp-json\/wp\/v2\/product_tag?post=432646"}],"curies":[{"name":"wp","href":"https:\/\/api.w.org\/{rel}","templated":true}]}}