{"id":432649,"date":"2023-05-18T17:29:29","date_gmt":"2023-05-18T15:29:29","guid":{"rendered":"https:\/\/www.claret.cat\/llibre\/harry-potter-i-lorde-del-fenix-9788499304083\/"},"modified":"2024-01-31T18:06:04","modified_gmt":"2024-01-31T17:06:04","slug":"harry-potter-i-lorde-del-fenix-9788499304083","status":"publish","type":"product","link":"https:\/\/www.claret.cat\/es\/libro\/harry-potter-i-lorde-del-fenix-9788499304083\/","title":{"rendered":"HARRY POTTER I L&#8217;ORDE DEL F\u00c8NIX"},"content":{"rendered":"<p>En Harry Potter \u00e9s a punt de comen\u00e7ar el cinqu\u00e8 curs a l`Escola de M\u00e0gia i Bruixeria de Hogwarts. Com cada any, t\u00e9 moltes ganes de reprendre les classes per tornar a trobar-se amb en Ron i l`Hermione. A m\u00e9s a m\u00e9s, aquesta vegada en Harry est\u00e0 m\u00e9s impacient que mai, perqu\u00e8 els seus amics no li han dit ni ase ni b\u00e8stia en tot l`estiu. Per\u00f2, uns dies abans d`agafar el tren cap a Hogwarts, en Harry es veu obligat a practicar un encanteri prohibit per defensar-se d`uns dem\u00e8ntors que l`ataquen al mig del carrer. La seva infracci\u00f3 \u00e9s castigada de manera contundent.<\/p>\n","protected":false},"excerpt":{"rendered":"<p>ROWLING, J. K.<\/p>\n","protected":false},"featured_media":432650,"template":"","meta":{"_acf_changed":false,"om_disable_all_campaigns":false,"rs_blank_template":"","rs_page_bg_color":"","slide_template_v7":"","inline_featured_image":false,"_monsterinsights_skip_tracking":false,"_monsterinsights_sitenote_active":false,"_monsterinsights_sitenote_note":"","_monsterinsights_sitenote_category":0},"product_brand":[],"product_cat":[86,352],"product_tag":[],"class_list":{"0":"post-432649","1":"product","2":"type-product","3":"status-publish","4":"has-post-thumbnail","6":"product_cat-infantil","7":"product_cat-infantil-3_infantil-juvenil-spa","9":"first","10":"instock","11":"taxable","12":"shipping-taxable","13":"purchasable","14":"product-type-simple"},"acf":{"autor":"ROWLING, J. K.","codart":"849930408","libros-coleccion":"","ediciones":"1","encuadernacion":"R\u00fastica","fecha_de_publicacion":"22\/11\/2011","novedad":"0","paginas":"9999","subtitulo":"","orden":"999","portada":"0","idioma":"cat","editorial":[{"ID":6281,"post_author":"3","post_date":"2022-07-28 17:48:50","post_date_gmt":"2022-07-28 15:48:50","post_content":"","post_title":"LABUTXACA","post_excerpt":"","post_status":"publish","comment_status":"closed","ping_status":"closed","post_password":"","post_name":"labutxaca","to_ping":"","pinged":"","post_modified":"2022-07-28 17:48:50","post_modified_gmt":"2022-07-28 15:48:50","post_content_filtered":"","post_parent":0,"guid":"http:\/\/dev.claret.cat\/editorial\/labutxaca\/","menu_order":0,"post_type":"editorial","post_mime_type":"","comment_count":"0","filter":"raw"}],"autores-libros":[{"ID":158219,"post_author":"3","post_date":"2022-10-14 15:35:06","post_date_gmt":"2022-10-14 13:35:06","post_content":"","post_title":"J. K. ROWLING","post_excerpt":"","post_status":"publish","comment_status":"closed","ping_status":"closed","post_password":"","post_name":"j-k-rowling-3","to_ping":"","pinged":"","post_modified":"2022-10-14 15:35:06","post_modified_gmt":"2022-10-14 13:35:06","post_content_filtered":"","post_parent":0,"guid":"http:\/\/dev.claret.cat\/autor\/j-k-rowling-3\/","menu_order":0,"post_type":"autor","post_mime_type":"","comment_count":"0","filter":"raw"}]},"aioseo_notices":[],"_links":{"self":[{"href":"https:\/\/www.claret.cat\/es\/wp-json\/wp\/v2\/product\/432649","targetHints":{"allow":["GET"]}}],"collection":[{"href":"https:\/\/www.claret.cat\/es\/wp-json\/wp\/v2\/product"}],"about":[{"href":"https:\/\/www.claret.cat\/es\/wp-json\/wp\/v2\/types\/product"}],"wp:featuredmedia":[{"embeddable":true,"href":"https:\/\/www.claret.cat\/es\/wp-json\/wp\/v2\/media\/432650"}],"wp:attachment":[{"href":"https:\/\/www.claret.cat\/es\/wp-json\/wp\/v2\/media?parent=432649"}],"wp:term":[{"taxonomy":"product_brand","embeddable":true,"href":"https:\/\/www.claret.cat\/es\/wp-json\/wp\/v2\/product_brand?post=432649"},{"taxonomy":"product_cat","embeddable":true,"href":"https:\/\/www.claret.cat\/es\/wp-json\/wp\/v2\/product_cat?post=432649"},{"taxonomy":"product_tag","embeddable":true,"href":"https:\/\/www.claret.cat\/es\/wp-json\/wp\/v2\/product_tag?post=432649"}],"curies":[{"name":"wp","href":"https:\/\/api.w.org\/{rel}","templated":true}]}}