{"id":432671,"date":"2023-05-18T17:30:47","date_gmt":"2023-05-18T15:30:47","guid":{"rendered":"https:\/\/www.claret.cat\/llibre\/sunset-park-9788499304847\/"},"modified":"2024-01-31T19:26:06","modified_gmt":"2024-01-31T18:26:06","slug":"sunset-park-9788499304847","status":"publish","type":"product","link":"https:\/\/www.claret.cat\/es\/libro\/sunset-park-9788499304847\/","title":{"rendered":"SUNSET PARK"},"content":{"rendered":"<p>En Miles Heller, un jove enigm\u00e0tic de vint-i-pocs anys, s&#8217;ha enamorat d&#8217;una noia menor d&#8217;edat. Enfonsat pel sentiment de culpa a causa de la p\u00e8rdua del seu germ\u00e0, fa set anys que viu com un fugitiu i no es comunica ni amb el seu pare, un editor independent que tracta desesperadament de salvar el negoci i el seu matrimoni, a m\u00e9s de restablir la relaci\u00f3 amb el seu fill, ni amb la seva mare, una reconeguda actriu. Ara torna a Nova York i, mentre espera que la seva estimada sigui major d&#8217;edat, viu en una casa abandonada de Sunset Park, al cor de Brooklyn, amb un grup de joves: en Bing, que \u00e9s percussionista i treballa a l&#8217;Hospital de les Coses Trencades; l&#8217;Ellen, una artista melanc\u00f2lica que viu obsedida per visions er\u00f2tiques, i l&#8217;Alice, una estudiant que est\u00e0 a punt d&#8217;acabar la tesi.Aquests s\u00f3n alguns dels personatges de Sunset Park, una de les novel\u00b7les m\u00e9s emotives i lluminoses de Paul Auster. Cada element est\u00e0 saturat de significacions sobre les marques de la vida i, en un temps de crisi i canvis, Auster ens recorda les coses que s\u00f3n realment essencials: l&#8217;amor, l&#8217;art i la miraculosa estranyesa que significa el fet de ser vius.<\/p>\n","protected":false},"excerpt":{"rendered":"<p>AUSTER, PAUL<\/p>\n","protected":false},"featured_media":432672,"template":"","meta":{"_acf_changed":false,"om_disable_all_campaigns":false,"rs_blank_template":"","rs_page_bg_color":"","slide_template_v7":"","inline_featured_image":false,"_monsterinsights_skip_tracking":false,"_monsterinsights_sitenote_active":false,"_monsterinsights_sitenote_note":"","_monsterinsights_sitenote_category":0},"product_brand":[],"product_cat":[87,353],"product_tag":[],"class_list":{"0":"post-432671","1":"product","2":"type-product","3":"status-publish","4":"has-post-thumbnail","6":"product_cat-literatura","7":"product_cat-literatura-2_humanidades","9":"first","10":"instock","11":"taxable","12":"shipping-taxable","13":"purchasable","14":"product-type-simple"},"acf":{"autor":"AUSTER, PAUL","codart":"849930484","libros-coleccion":"","ediciones":"1","encuadernacion":"R\u00fastica","fecha_de_publicacion":"01\/01\/2012","novedad":"0","paginas":"251","subtitulo":"BIBLIOTECA PAUL AUSTER","orden":"999","portada":"0","idioma":"cat","editorial":[{"ID":148229,"post_author":"3","post_date":"2022-10-14 11:56:38","post_date_gmt":"2022-10-14 09:56:38","post_content":"","post_title":"GRUP EDITORIAL 62","post_excerpt":"","post_status":"publish","comment_status":"closed","ping_status":"closed","post_password":"","post_name":"grup-editorial-62","to_ping":"","pinged":"","post_modified":"2022-10-14 11:56:38","post_modified_gmt":"2022-10-14 09:56:38","post_content_filtered":"","post_parent":0,"guid":"http:\/\/dev.claret.cat\/editorial\/grup-editorial-62\/","menu_order":0,"post_type":"editorial","post_mime_type":"","comment_count":"0","filter":"raw"}],"autores-libros":[{"ID":166714,"post_author":"3","post_date":"2022-10-14 18:05:27","post_date_gmt":"2022-10-14 16:05:27","post_content":"","post_title":"PAUL AUSTER","post_excerpt":"","post_status":"publish","comment_status":"closed","ping_status":"closed","post_password":"","post_name":"paul-auster","to_ping":"","pinged":"","post_modified":"2022-10-14 18:05:27","post_modified_gmt":"2022-10-14 16:05:27","post_content_filtered":"","post_parent":0,"guid":"http:\/\/dev.claret.cat\/autor\/paul-auster\/","menu_order":0,"post_type":"autor","post_mime_type":"","comment_count":"0","filter":"raw"}]},"aioseo_notices":[],"_links":{"self":[{"href":"https:\/\/www.claret.cat\/es\/wp-json\/wp\/v2\/product\/432671","targetHints":{"allow":["GET"]}}],"collection":[{"href":"https:\/\/www.claret.cat\/es\/wp-json\/wp\/v2\/product"}],"about":[{"href":"https:\/\/www.claret.cat\/es\/wp-json\/wp\/v2\/types\/product"}],"wp:featuredmedia":[{"embeddable":true,"href":"https:\/\/www.claret.cat\/es\/wp-json\/wp\/v2\/media\/432672"}],"wp:attachment":[{"href":"https:\/\/www.claret.cat\/es\/wp-json\/wp\/v2\/media?parent=432671"}],"wp:term":[{"taxonomy":"product_brand","embeddable":true,"href":"https:\/\/www.claret.cat\/es\/wp-json\/wp\/v2\/product_brand?post=432671"},{"taxonomy":"product_cat","embeddable":true,"href":"https:\/\/www.claret.cat\/es\/wp-json\/wp\/v2\/product_cat?post=432671"},{"taxonomy":"product_tag","embeddable":true,"href":"https:\/\/www.claret.cat\/es\/wp-json\/wp\/v2\/product_tag?post=432671"}],"curies":[{"name":"wp","href":"https:\/\/api.w.org\/{rel}","templated":true}]}}