{"id":432688,"date":"2023-05-18T17:31:49","date_gmt":"2023-05-18T15:31:49","guid":{"rendered":"https:\/\/www.claret.cat\/llibre\/toquio-blues-9788499305554\/"},"modified":"2026-03-30T13:20:28","modified_gmt":"2026-03-30T11:20:28","slug":"toquio-blues-9788499305554","status":"publish","type":"product","link":"https:\/\/www.claret.cat\/es\/libro\/toquio-blues-9788499305554\/","title":{"rendered":"T\u00d2QUIO BLUES"},"content":{"rendered":"<p>Considerada el cl\u00e0ssic modern per excel\u00b7l\u00e8ncia de la literatura japonesa, T\u00f2quio Blues narra l&#8217;educaci\u00f3 sentimental d&#8217;un jove estudiant al T\u00f2quio dels anys seixanta. Introvertit, t\u00edmid i seri\u00f3s, Toru Watanabe s&#8217;enamora de Naoko, una noia impenetrable, i pateix una crisi que el porta a l&#8217;a\u00efllament social i a la reclusi\u00f3. Davant les dificultats de la seva relaci\u00f3 amb la Naoko, Toru es llan\u00e7a a un espiral de sexe espor\u00e0dic i un dia coneix la Midori, una noia vital, exuberant i plena de vida que revolucionar\u00e0 el seu m\u00f3n ordenat i tranquil.Tendra, escrita amb to melanc\u00f2lic i sensual i amb un ritme molt \u00e0gil, T\u00f2quio Blues narra, amb una encertada i equilibrada mescla de melancolia i sentit de l&#8217;humor, les angoixes adolescents, el desengany del primer amor i el tr\u00e0nsit a l&#8217;edat adulta.<\/p>\n","protected":false},"excerpt":{"rendered":"<p>HARUKI MURAKAMI<\/p>\n","protected":false},"featured_media":878017,"template":"","meta":{"_acf_changed":false,"om_disable_all_campaigns":false,"rs_blank_template":"","rs_page_bg_color":"","slide_template_v7":"","inline_featured_image":false,"_monsterinsights_skip_tracking":false,"_monsterinsights_sitenote_active":false,"_monsterinsights_sitenote_note":"","_monsterinsights_sitenote_category":0},"product_brand":[],"product_cat":[87,353],"product_tag":[],"class_list":{"0":"post-432688","1":"product","2":"type-product","3":"status-publish","4":"has-post-thumbnail","6":"product_cat-literatura","7":"product_cat-literatura-2_humanidades","9":"first","10":"instock","11":"taxable","12":"shipping-taxable","13":"purchasable","14":"product-type-simple"},"acf":{"autor":"HARUKI MURAKAMI","codart":"849930555","libros-coleccion":"","ediciones":"1","encuadernacion":"R\u00fastica","fecha_de_publicacion":"01\/09\/2012","novedad":"0","paginas":"428","subtitulo":"","orden":"999","portada":"0","idioma":"cat","editorial":[{"ID":148089,"post_author":"3","post_date":"2022-10-14 11:55:33","post_date_gmt":"2022-10-14 09:55:33","post_content":"","post_title":"EMPURIES, EDITORIAL","post_excerpt":"","post_status":"publish","comment_status":"closed","ping_status":"closed","post_password":"","post_name":"empuries-editorial","to_ping":"","pinged":"","post_modified":"2022-10-14 11:55:33","post_modified_gmt":"2022-10-14 09:55:33","post_content_filtered":"","post_parent":0,"guid":"http:\/\/dev.claret.cat\/editorial\/empuries-editorial\/","menu_order":0,"post_type":"editorial","post_mime_type":"","comment_count":"0","filter":"raw"}],"autores-libros":[{"ID":405078,"post_author":"3","post_date":"2023-02-28 01:52:40","post_date_gmt":"2023-02-28 00:52:40","post_content":"","post_title":"HARUKI MURAKAMI","post_excerpt":"","post_status":"publish","comment_status":"closed","ping_status":"closed","post_password":"","post_name":"haruki-murakami-2","to_ping":"","pinged":"","post_modified":"2023-02-28 01:52:40","post_modified_gmt":"2023-02-28 00:52:40","post_content_filtered":"","post_parent":0,"guid":"https:\/\/www.claret.cat\/autor\/haruki-murakami-2\/","menu_order":0,"post_type":"autor","post_mime_type":"","comment_count":"0","filter":"raw"}],"booktrailer":"","resenas":""},"aioseo_notices":[],"_links":{"self":[{"href":"https:\/\/www.claret.cat\/es\/wp-json\/wp\/v2\/product\/432688","targetHints":{"allow":["GET"]}}],"collection":[{"href":"https:\/\/www.claret.cat\/es\/wp-json\/wp\/v2\/product"}],"about":[{"href":"https:\/\/www.claret.cat\/es\/wp-json\/wp\/v2\/types\/product"}],"wp:featuredmedia":[{"embeddable":true,"href":"https:\/\/www.claret.cat\/es\/wp-json\/wp\/v2\/media\/878017"}],"wp:attachment":[{"href":"https:\/\/www.claret.cat\/es\/wp-json\/wp\/v2\/media?parent=432688"}],"wp:term":[{"taxonomy":"product_brand","embeddable":true,"href":"https:\/\/www.claret.cat\/es\/wp-json\/wp\/v2\/product_brand?post=432688"},{"taxonomy":"product_cat","embeddable":true,"href":"https:\/\/www.claret.cat\/es\/wp-json\/wp\/v2\/product_cat?post=432688"},{"taxonomy":"product_tag","embeddable":true,"href":"https:\/\/www.claret.cat\/es\/wp-json\/wp\/v2\/product_tag?post=432688"}],"curies":[{"name":"wp","href":"https:\/\/api.w.org\/{rel}","templated":true}]}}