{"id":432691,"date":"2023-05-18T17:31:59","date_gmt":"2023-05-18T15:31:59","guid":{"rendered":"https:\/\/www.claret.cat\/llibre\/lhome-de-la-maleta-9788499305738\/"},"modified":"2024-01-31T21:00:10","modified_gmt":"2024-01-31T20:00:10","slug":"lhome-de-la-maleta-9788499305738","status":"publish","type":"product","link":"https:\/\/www.claret.cat\/es\/libro\/lhome-de-la-maleta-9788499305738\/","title":{"rendered":"L&#8217;HOME DE LA MALETA"},"content":{"rendered":"<p>Un antic m\u00fasic d&#8217;orquestres de ball decideix, un bon dia, fer la maleta i viure un mes a casa de cada una de les seves tres filles. L&#8217;home sempre ha anat a la seva i, ara, les filles el sorprenen amb una vida i un models de fam\u00edlia que no ent\u00e9n. El m\u00f3n va molt de pressa. Descol\u00b7locat per\u00f2 gat vell, mira al seu voltant amb una mirada c\u00e0ustica i explica el que veu en un relat divertit i sense complexos, tal com raja. L&#8217;home de la maleta n&#8217;ha vist de tots colors i se sent un supervivent, un individualista obsessionat per la fam\u00edlia, un espavilat que necessita afecte. Quan menys s&#8217;ho espera, les investigacions obertes sobre el seu passat fan un tomb sorprenent que el trasbalsen.<\/p>\n","protected":false},"excerpt":{"rendered":"<p>SOLSONA, RAMON<\/p>\n","protected":false},"featured_media":432692,"template":"","meta":{"_acf_changed":false,"om_disable_all_campaigns":false,"rs_blank_template":"","rs_page_bg_color":"","slide_template_v7":"","inline_featured_image":false,"_monsterinsights_skip_tracking":false,"_monsterinsights_sitenote_active":false,"_monsterinsights_sitenote_note":"","_monsterinsights_sitenote_category":0},"product_brand":[],"product_cat":[87,353],"product_tag":[],"class_list":{"0":"post-432691","1":"product","2":"type-product","3":"status-publish","4":"has-post-thumbnail","6":"product_cat-literatura","7":"product_cat-literatura-2_humanidades","9":"first","10":"instock","11":"taxable","12":"shipping-taxable","13":"purchasable","14":"product-type-simple"},"acf":{"autor":"SOLSONA, RAMON","codart":"849930573","libros-coleccion":"","ediciones":"1","encuadernacion":"R\u00fastica","fecha_de_publicacion":"01\/07\/2012","novedad":"0","paginas":"294","subtitulo":"","orden":"999","portada":"0","idioma":"cat","editorial":[{"ID":148696,"post_author":"3","post_date":"2022-10-14 12:00:16","post_date_gmt":"2022-10-14 10:00:16","post_content":"","post_title":"PROA, S.A. EDICIONS","post_excerpt":"","post_status":"publish","comment_status":"closed","ping_status":"closed","post_password":"","post_name":"proa-s-a-edicions","to_ping":"","pinged":"","post_modified":"2022-10-14 12:00:16","post_modified_gmt":"2022-10-14 10:00:16","post_content_filtered":"","post_parent":0,"guid":"http:\/\/dev.claret.cat\/editorial\/proa-s-a-edicions\/","menu_order":0,"post_type":"editorial","post_mime_type":"","comment_count":"0","filter":"raw"}],"autores-libros":[{"ID":167758,"post_author":"3","post_date":"2022-10-14 18:13:47","post_date_gmt":"2022-10-14 16:13:47","post_content":"","post_title":"RAMON SOLSONA","post_excerpt":"","post_status":"publish","comment_status":"closed","ping_status":"closed","post_password":"","post_name":"ramon-solsona","to_ping":"","pinged":"","post_modified":"2022-10-14 18:13:47","post_modified_gmt":"2022-10-14 16:13:47","post_content_filtered":"","post_parent":0,"guid":"http:\/\/dev.claret.cat\/autor\/ramon-solsona\/","menu_order":0,"post_type":"autor","post_mime_type":"","comment_count":"0","filter":"raw"}]},"aioseo_notices":[],"_links":{"self":[{"href":"https:\/\/www.claret.cat\/es\/wp-json\/wp\/v2\/product\/432691","targetHints":{"allow":["GET"]}}],"collection":[{"href":"https:\/\/www.claret.cat\/es\/wp-json\/wp\/v2\/product"}],"about":[{"href":"https:\/\/www.claret.cat\/es\/wp-json\/wp\/v2\/types\/product"}],"wp:featuredmedia":[{"embeddable":true,"href":"https:\/\/www.claret.cat\/es\/wp-json\/wp\/v2\/media\/432692"}],"wp:attachment":[{"href":"https:\/\/www.claret.cat\/es\/wp-json\/wp\/v2\/media?parent=432691"}],"wp:term":[{"taxonomy":"product_brand","embeddable":true,"href":"https:\/\/www.claret.cat\/es\/wp-json\/wp\/v2\/product_brand?post=432691"},{"taxonomy":"product_cat","embeddable":true,"href":"https:\/\/www.claret.cat\/es\/wp-json\/wp\/v2\/product_cat?post=432691"},{"taxonomy":"product_tag","embeddable":true,"href":"https:\/\/www.claret.cat\/es\/wp-json\/wp\/v2\/product_tag?post=432691"}],"curies":[{"name":"wp","href":"https:\/\/api.w.org\/{rel}","templated":true}]}}