{"id":432740,"date":"2023-05-18T17:34:53","date_gmt":"2023-05-18T15:34:53","guid":{"rendered":"https:\/\/www.claret.cat\/llibre\/ledat-del-dubte-9788499306773\/"},"modified":"2024-01-31T18:01:08","modified_gmt":"2024-01-31T17:01:08","slug":"ledat-del-dubte-9788499306773","status":"publish","type":"product","link":"https:\/\/www.claret.cat\/es\/libro\/ledat-del-dubte-9788499306773\/","title":{"rendered":"L&#8217;EDAT DEL DUBTE"},"content":{"rendered":"<p>En aquest nou cas -el m\u00e9s mar\u00ed fins ara de tots els de Montalbano-, el lector se sorprendr\u00e0 pel canvi que s&#8217;ha produ\u00eft en el comissari sicili\u00e0, com si l&#8217;autor s&#8217;hagu\u00e9s proposat remoure-li intensament els sentiments. Un mat\u00ed es troba al port de Vigata un bot pneum\u00e0tic amb el cad\u00e0ver desfi gurat d&#8217;un home. L&#8217;ha apropat fins al port un vaixell de luxe, el quadern de bit\u00e0cola del qual parla de moviments constants per mig m\u00f3n. La propiet\u00e0ria i la tripulaci\u00f3 han de romandre a terra fi ns que Montalbano conclogui la investigaci\u00f3. En la lectura de les cartes n\u00e0utiques col\u00b7labora la tinent Laura Belladonna. Simp\u00e0tica, alegre i bella, molt m\u00e9s del que es despr\u00e8n del seu cognom, el comissari intueix que aquesta dona li pot canviar la vida: un darrer dubte existencial atro\u00e7 que el porta a jutjar-se a si mateix com no ho ha fet mai, amb honestedat i una mena de crueltat despietada. A L&#8217;edat del dubte, Andrea Camilleri exhibeix totes les medalles que han fet de les aventures de Salvo Montalbano les m\u00e9s llegides de la narrativa negra contempor\u00e0nia: un mort an\u00f2nim, uns sospitosos sorprenents i una dona trasbalsadora. I, per damunt de tot, un humor fi d&#8217;esmolada ironia.\u00abUn dels millors escriptors de novel\u00b7la negra. Els crims que investiga Montalbano s\u00f3n contemporanis, per\u00f2 els personatges de Camilleri s&#8217;enfronten amb els confl ictes perennes dels \u00e9ssers humans\u00bb. The Times \u00abUn gran mestre del suspens\u00bb. La Repubblica \u00abUn h\u00e0bit addictiu per als lectors\u00bb. Ernest Al\u00f3s, El Peri\u00f3dico<\/p>\n","protected":false},"excerpt":{"rendered":"<p>CAMILLERI, ANDREA<\/p>\n","protected":false},"featured_media":432741,"template":"","meta":{"_acf_changed":false,"om_disable_all_campaigns":false,"rs_blank_template":"","rs_page_bg_color":"","slide_template_v7":"","inline_featured_image":false,"_monsterinsights_skip_tracking":false,"_monsterinsights_sitenote_active":false,"_monsterinsights_sitenote_note":"","_monsterinsights_sitenote_category":0},"product_brand":[],"product_cat":[90,540],"product_tag":[],"class_list":{"0":"post-432740","1":"product","2":"type-product","3":"status-publish","4":"has-post-thumbnail","6":"product_cat-altres","7":"product_cat-otros","9":"first","10":"instock","11":"taxable","12":"shipping-taxable","13":"purchasable","14":"product-type-simple"},"acf":{"autor":"CAMILLERI, ANDREA","codart":"849930677","libros-coleccion":"","ediciones":"1","encuadernacion":"R\u00fastica","fecha_de_publicacion":"01\/06\/2013","novedad":"0","paginas":"240","subtitulo":"","orden":"999","portada":"0","idioma":"cat","editorial":[{"ID":6281,"post_author":"3","post_date":"2022-07-28 17:48:50","post_date_gmt":"2022-07-28 15:48:50","post_content":"","post_title":"LABUTXACA","post_excerpt":"","post_status":"publish","comment_status":"closed","ping_status":"closed","post_password":"","post_name":"labutxaca","to_ping":"","pinged":"","post_modified":"2022-07-28 17:48:50","post_modified_gmt":"2022-07-28 15:48:50","post_content_filtered":"","post_parent":0,"guid":"http:\/\/dev.claret.cat\/editorial\/labutxaca\/","menu_order":0,"post_type":"editorial","post_mime_type":"","comment_count":"0","filter":"raw"}],"autores-libros":[{"ID":150203,"post_author":"3","post_date":"2022-10-14 14:31:04","post_date_gmt":"2022-10-14 12:31:04","post_content":"","post_title":"ANDREA CAMILLERI","post_excerpt":"","post_status":"publish","comment_status":"closed","ping_status":"closed","post_password":"","post_name":"andrea-camilleri","to_ping":"","pinged":"","post_modified":"2022-10-14 14:31:04","post_modified_gmt":"2022-10-14 12:31:04","post_content_filtered":"","post_parent":0,"guid":"http:\/\/dev.claret.cat\/autor\/andrea-camilleri\/","menu_order":0,"post_type":"autor","post_mime_type":"","comment_count":"0","filter":"raw"}]},"aioseo_notices":[],"_links":{"self":[{"href":"https:\/\/www.claret.cat\/es\/wp-json\/wp\/v2\/product\/432740","targetHints":{"allow":["GET"]}}],"collection":[{"href":"https:\/\/www.claret.cat\/es\/wp-json\/wp\/v2\/product"}],"about":[{"href":"https:\/\/www.claret.cat\/es\/wp-json\/wp\/v2\/types\/product"}],"wp:featuredmedia":[{"embeddable":true,"href":"https:\/\/www.claret.cat\/es\/wp-json\/wp\/v2\/media\/432741"}],"wp:attachment":[{"href":"https:\/\/www.claret.cat\/es\/wp-json\/wp\/v2\/media?parent=432740"}],"wp:term":[{"taxonomy":"product_brand","embeddable":true,"href":"https:\/\/www.claret.cat\/es\/wp-json\/wp\/v2\/product_brand?post=432740"},{"taxonomy":"product_cat","embeddable":true,"href":"https:\/\/www.claret.cat\/es\/wp-json\/wp\/v2\/product_cat?post=432740"},{"taxonomy":"product_tag","embeddable":true,"href":"https:\/\/www.claret.cat\/es\/wp-json\/wp\/v2\/product_tag?post=432740"}],"curies":[{"name":"wp","href":"https:\/\/api.w.org\/{rel}","templated":true}]}}