{"id":432785,"date":"2023-05-18T17:38:30","date_gmt":"2023-05-18T15:38:30","guid":{"rendered":"https:\/\/www.claret.cat\/llibre\/el-monestir-proscrit-9788499308401\/"},"modified":"2024-01-31T17:57:16","modified_gmt":"2024-01-31T16:57:16","slug":"el-monestir-proscrit-9788499308401","status":"publish","type":"product","link":"https:\/\/www.claret.cat\/es\/libro\/el-monestir-proscrit-9788499308401\/","title":{"rendered":"EL MONESTIR PROSCRIT"},"content":{"rendered":"<p>Al principi del segle XI, una noia arriba al monestir de Sant Joan de Ripoll (avui dia conegut com a Sant Joan de les Abadesses). Vol fer-se monja per fugir d&#8221;un matrimoni imposat. D&#8221;altra banda, el cavaller que estima aquesta noia \u00e9s a C\u00f2rdova lluitant al costat del comte Ramon Borrell I i altres dignataris catalans.Ingilberga, l&#8221;abadessa del monestir, lliura una altra mena de batalles: ha de defensar-se de les intromissions del seu germanastre, el comte Bernat I de Besal\u00fa, i de l&#8221;ambici\u00f3 del prevere Mir. Enmig de tot aix\u00f2, l&#8221;abat Oliba, l&#8221;altre germanastre de l&#8221;abadessa, intenta fer de mitjancer d&#8221;una situaci\u00f3 compromesa. Ja fa anys que l&#8221;abat rep pressions i de totes bandes li arriben not\u00edcies que les monges de Sant Joan no practiquen una vida de santedat. \u00c9s veritat? S\u00f3n cal\u00famnies? Es tracta d&#8221;una conspiraci\u00f3?<\/p>\n","protected":false},"excerpt":{"rendered":"<p>ROCA, MARIA CARME<\/p>\n","protected":false},"featured_media":432786,"template":"","meta":{"_acf_changed":false,"om_disable_all_campaigns":false,"rs_blank_template":"","rs_page_bg_color":"","slide_template_v7":"","inline_featured_image":false,"_monsterinsights_skip_tracking":false,"_monsterinsights_sitenote_active":false,"_monsterinsights_sitenote_note":"","_monsterinsights_sitenote_category":0},"product_brand":[],"product_cat":[87,353],"product_tag":[],"class_list":{"0":"post-432785","1":"product","2":"type-product","3":"status-publish","4":"has-post-thumbnail","6":"product_cat-literatura","7":"product_cat-literatura-2_humanidades","9":"first","10":"instock","11":"taxable","12":"shipping-taxable","13":"purchasable","14":"product-type-simple"},"acf":{"autor":"ROCA, MARIA CARME","codart":"849930840","libros-coleccion":"","ediciones":"1","encuadernacion":"R\u00fastica","fecha_de_publicacion":"17\/02\/2016","novedad":"0","paginas":"277","subtitulo":"","orden":"999","portada":"0","idioma":"cat","editorial":[{"ID":6281,"post_author":"3","post_date":"2022-07-28 17:48:50","post_date_gmt":"2022-07-28 15:48:50","post_content":"","post_title":"LABUTXACA","post_excerpt":"","post_status":"publish","comment_status":"closed","ping_status":"closed","post_password":"","post_name":"labutxaca","to_ping":"","pinged":"","post_modified":"2022-07-28 17:48:50","post_modified_gmt":"2022-07-28 15:48:50","post_content_filtered":"","post_parent":0,"guid":"http:\/\/dev.claret.cat\/editorial\/labutxaca\/","menu_order":0,"post_type":"editorial","post_mime_type":"","comment_count":"0","filter":"raw"}],"autores-libros":[{"ID":163549,"post_author":"3","post_date":"2022-10-14 17:39:56","post_date_gmt":"2022-10-14 15:39:56","post_content":"","post_title":"MARIA CARME ROCA","post_excerpt":"","post_status":"publish","comment_status":"closed","ping_status":"closed","post_password":"","post_name":"maria-carme-roca","to_ping":"","pinged":"","post_modified":"2022-10-14 17:39:56","post_modified_gmt":"2022-10-14 15:39:56","post_content_filtered":"","post_parent":0,"guid":"http:\/\/dev.claret.cat\/autor\/maria-carme-roca\/","menu_order":0,"post_type":"autor","post_mime_type":"","comment_count":"0","filter":"raw"}]},"aioseo_notices":[],"_links":{"self":[{"href":"https:\/\/www.claret.cat\/es\/wp-json\/wp\/v2\/product\/432785","targetHints":{"allow":["GET"]}}],"collection":[{"href":"https:\/\/www.claret.cat\/es\/wp-json\/wp\/v2\/product"}],"about":[{"href":"https:\/\/www.claret.cat\/es\/wp-json\/wp\/v2\/types\/product"}],"wp:featuredmedia":[{"embeddable":true,"href":"https:\/\/www.claret.cat\/es\/wp-json\/wp\/v2\/media\/432786"}],"wp:attachment":[{"href":"https:\/\/www.claret.cat\/es\/wp-json\/wp\/v2\/media?parent=432785"}],"wp:term":[{"taxonomy":"product_brand","embeddable":true,"href":"https:\/\/www.claret.cat\/es\/wp-json\/wp\/v2\/product_brand?post=432785"},{"taxonomy":"product_cat","embeddable":true,"href":"https:\/\/www.claret.cat\/es\/wp-json\/wp\/v2\/product_cat?post=432785"},{"taxonomy":"product_tag","embeddable":true,"href":"https:\/\/www.claret.cat\/es\/wp-json\/wp\/v2\/product_tag?post=432785"}],"curies":[{"name":"wp","href":"https:\/\/api.w.org\/{rel}","templated":true}]}}