{"id":432799,"date":"2023-05-18T17:39:33","date_gmt":"2023-05-18T15:39:33","guid":{"rendered":"https:\/\/www.claret.cat\/llibre\/despres-del-terratremol-9788499308623\/"},"modified":"2025-12-03T10:40:10","modified_gmt":"2025-12-03T09:40:10","slug":"despres-del-terratremol-9788499308623","status":"publish","type":"product","link":"https:\/\/www.claret.cat\/es\/libro\/despres-del-terratremol-9788499308623\/","title":{"rendered":"DESPR\u00c9S DEL TERRATR\u00c8MOL"},"content":{"rendered":"<p>El 1995, dos fets van transformar el paisatge f\u00edsic i social del Jap\u00f3: al gener, el terratr\u00e8mol de Kobe, que va destrossar milers de vides, i al mar\u00e7, l&#8217;atac amb gas enverinat al metro de T\u00f2quio. Arran d&#8217;aquestes trag\u00e8dies, Murakami va abandonar l&#8217;estranger i va tornar a casa perqu\u00e8 no podia desentendre&#8217;s del patiment del seu pa\u00eds. El terratr\u00e8mol va motivar aquest recull de relats: sis hist\u00f2ries que narren les vides trasbalsades d&#8217;uns personatges que s&#8217;enfronten amb esdeveniments tan surrealistes com cre\u00efbles, i que lluiten per tirar endavant en una situaci\u00f3 extrema. El terratr\u00e8mol mateix \u00e9s el personatge m\u00e9s esfere\u00efdor del llibre; apareix i desapareix de manera imperceptible per\u00f2 colpeix les vides dels seus personatges.<\/p>\n","protected":false},"excerpt":{"rendered":"<p>MURAKAMI, HARUKI<\/p>\n","protected":false},"featured_media":1032220,"template":"","meta":{"_acf_changed":false,"om_disable_all_campaigns":false,"rs_blank_template":"","rs_page_bg_color":"","slide_template_v7":"","inline_featured_image":false,"_monsterinsights_skip_tracking":false,"_monsterinsights_sitenote_active":false,"_monsterinsights_sitenote_note":"","_monsterinsights_sitenote_category":0},"product_brand":[],"product_cat":[127,357],"product_tag":[],"class_list":{"0":"post-432799","1":"product","2":"type-product","3":"status-publish","4":"has-post-thumbnail","6":"product_cat-novella-contemporania","7":"product_cat-novela-contemporanea","9":"first","10":"instock","11":"taxable","12":"shipping-taxable","13":"purchasable","14":"product-type-simple"},"acf":{"autor":"MURAKAMI, HARUKI","codart":"849930862","libros-coleccion":"","ediciones":"1","encuadernacion":"R\u00fastica","fecha_de_publicacion":"02\/06\/2014","novedad":"0","paginas":"155","subtitulo":"","orden":"999","portada":"0","idioma":"cat","editorial":[{"ID":6281,"post_author":"3","post_date":"2022-07-28 17:48:50","post_date_gmt":"2022-07-28 15:48:50","post_content":"","post_title":"LABUTXACA","post_excerpt":"","post_status":"publish","comment_status":"closed","ping_status":"closed","post_password":"","post_name":"labutxaca","to_ping":"","pinged":"","post_modified":"2022-07-28 17:48:50","post_modified_gmt":"2022-07-28 15:48:50","post_content_filtered":"","post_parent":0,"guid":"http:\/\/dev.claret.cat\/editorial\/labutxaca\/","menu_order":0,"post_type":"editorial","post_mime_type":"","comment_count":"0","filter":"raw"}],"autores-libros":[{"ID":157395,"post_author":"3","post_date":"2022-10-14 15:28:29","post_date_gmt":"2022-10-14 13:28:29","post_content":"","post_title":"HARUKI MURAKAMI","post_excerpt":"","post_status":"publish","comment_status":"closed","ping_status":"closed","post_password":"","post_name":"haruki-murakami","to_ping":"","pinged":"","post_modified":"2022-10-14 15:28:29","post_modified_gmt":"2022-10-14 13:28:29","post_content_filtered":"","post_parent":0,"guid":"http:\/\/dev.claret.cat\/autor\/haruki-murakami\/","menu_order":0,"post_type":"autor","post_mime_type":"","comment_count":"0","filter":"raw"}],"booktrailer":"","resenas":""},"aioseo_notices":[],"_links":{"self":[{"href":"https:\/\/www.claret.cat\/es\/wp-json\/wp\/v2\/product\/432799","targetHints":{"allow":["GET"]}}],"collection":[{"href":"https:\/\/www.claret.cat\/es\/wp-json\/wp\/v2\/product"}],"about":[{"href":"https:\/\/www.claret.cat\/es\/wp-json\/wp\/v2\/types\/product"}],"wp:featuredmedia":[{"embeddable":true,"href":"https:\/\/www.claret.cat\/es\/wp-json\/wp\/v2\/media\/1032220"}],"wp:attachment":[{"href":"https:\/\/www.claret.cat\/es\/wp-json\/wp\/v2\/media?parent=432799"}],"wp:term":[{"taxonomy":"product_brand","embeddable":true,"href":"https:\/\/www.claret.cat\/es\/wp-json\/wp\/v2\/product_brand?post=432799"},{"taxonomy":"product_cat","embeddable":true,"href":"https:\/\/www.claret.cat\/es\/wp-json\/wp\/v2\/product_cat?post=432799"},{"taxonomy":"product_tag","embeddable":true,"href":"https:\/\/www.claret.cat\/es\/wp-json\/wp\/v2\/product_tag?post=432799"}],"curies":[{"name":"wp","href":"https:\/\/api.w.org\/{rel}","templated":true}]}}