{"id":432800,"date":"2023-05-18T17:39:40","date_gmt":"2023-05-18T15:39:40","guid":{"rendered":"https:\/\/www.claret.cat\/llibre\/el-cacador-destels-9788499308630\/"},"modified":"2024-01-31T19:22:56","modified_gmt":"2024-01-31T18:22:56","slug":"el-cacador-destels-9788499308630","status":"publish","type":"product","link":"https:\/\/www.claret.cat\/es\/libro\/el-cacador-destels-9788499308630\/","title":{"rendered":"EL CA\u00c7ADOR D&#8221;ESTELS"},"content":{"rendered":"<p>Aquesta \u00e9s la inoblidable i colpidora hist\u00f2ria de l&#8221;amistat entre l&#8221;Amir i en Hassan, dos nens que creixen junts a Kabul durant els \u00faltims dies de la monarquia afganesa, un d&#8221;ells, fill d&#8221;un home ric i poder\u00f3s, i l&#8221;altre, un hazara de classe inferior. Despr\u00e9s de la invasi\u00f3 sovi\u00e8tica, l&#8221;Amir i el seu pare abandonen el pa\u00eds i comencen una nova vida a Calif\u00f2rnia. Per\u00f2 el passat sempre torna, i el pes de la tra\u00efci\u00f3 de vegades esdev\u00e9 massa feixuc. Una bell\u00edssima novel\u00b7la sobre l&#8221;amistat, la tra\u00efci\u00f3 i el preu de la lleialtat.<\/p>\n","protected":false},"excerpt":{"rendered":"<p>HOSSEINI, KHALED<\/p>\n","protected":false},"featured_media":946337,"template":"","meta":{"_acf_changed":false,"om_disable_all_campaigns":false,"rs_blank_template":"","rs_page_bg_color":"","slide_template_v7":"","inline_featured_image":false,"_monsterinsights_skip_tracking":false,"_monsterinsights_sitenote_active":false,"_monsterinsights_sitenote_note":"","_monsterinsights_sitenote_category":0},"product_brand":[],"product_cat":[90,540],"product_tag":[],"class_list":{"0":"post-432800","1":"product","2":"type-product","3":"status-publish","4":"has-post-thumbnail","6":"product_cat-altres","7":"product_cat-otros","9":"first","10":"instock","11":"taxable","12":"shipping-taxable","13":"purchasable","14":"product-type-simple"},"acf":{"autor":"HOSSEINI, KHALED","codart":"849930863","libros-coleccion":"LABUTXACA","ediciones":"1","encuadernacion":"R\u00fastica","fecha_de_publicacion":"01\/08\/2018","novedad":"0","paginas":"0","subtitulo":"","orden":"999","portada":"0","idioma":"cat","editorial":[{"ID":6281,"post_author":"3","post_date":"2022-07-28 17:48:50","post_date_gmt":"2022-07-28 15:48:50","post_content":"","post_title":"LABUTXACA","post_excerpt":"","post_status":"publish","comment_status":"closed","ping_status":"closed","post_password":"","post_name":"labutxaca","to_ping":"","pinged":"","post_modified":"2022-07-28 17:48:50","post_modified_gmt":"2022-07-28 15:48:50","post_content_filtered":"","post_parent":0,"guid":"http:\/\/dev.claret.cat\/editorial\/labutxaca\/","menu_order":0,"post_type":"editorial","post_mime_type":"","comment_count":"0","filter":"raw"}],"autores-libros":[{"ID":161659,"post_author":"3","post_date":"2022-10-14 17:20:00","post_date_gmt":"2022-10-14 15:20:00","post_content":"","post_title":"KHALED HOSSEINI","post_excerpt":"","post_status":"publish","comment_status":"closed","ping_status":"closed","post_password":"","post_name":"khaled-hosseini","to_ping":"","pinged":"","post_modified":"2022-10-14 17:20:00","post_modified_gmt":"2022-10-14 15:20:00","post_content_filtered":"","post_parent":0,"guid":"http:\/\/dev.claret.cat\/autor\/khaled-hosseini\/","menu_order":0,"post_type":"autor","post_mime_type":"","comment_count":"0","filter":"raw"}]},"aioseo_notices":[],"_links":{"self":[{"href":"https:\/\/www.claret.cat\/es\/wp-json\/wp\/v2\/product\/432800","targetHints":{"allow":["GET"]}}],"collection":[{"href":"https:\/\/www.claret.cat\/es\/wp-json\/wp\/v2\/product"}],"about":[{"href":"https:\/\/www.claret.cat\/es\/wp-json\/wp\/v2\/types\/product"}],"wp:featuredmedia":[{"embeddable":true,"href":"https:\/\/www.claret.cat\/es\/wp-json\/wp\/v2\/media\/946337"}],"wp:attachment":[{"href":"https:\/\/www.claret.cat\/es\/wp-json\/wp\/v2\/media?parent=432800"}],"wp:term":[{"taxonomy":"product_brand","embeddable":true,"href":"https:\/\/www.claret.cat\/es\/wp-json\/wp\/v2\/product_brand?post=432800"},{"taxonomy":"product_cat","embeddable":true,"href":"https:\/\/www.claret.cat\/es\/wp-json\/wp\/v2\/product_cat?post=432800"},{"taxonomy":"product_tag","embeddable":true,"href":"https:\/\/www.claret.cat\/es\/wp-json\/wp\/v2\/product_tag?post=432800"}],"curies":[{"name":"wp","href":"https:\/\/api.w.org\/{rel}","templated":true}]}}