{"id":432998,"date":"2023-05-18T17:52:05","date_gmt":"2023-05-18T15:52:05","guid":{"rendered":"https:\/\/www.claret.cat\/llibre\/turquia-9788499356921\/"},"modified":"2023-05-18T17:52:12","modified_gmt":"2023-05-18T15:52:12","slug":"turquia-9788499356921","status":"publish","type":"product","link":"https:\/\/www.claret.cat\/es\/libro\/turquia-9788499356921\/","title":{"rendered":"TURQU\u00cdA"},"content":{"rendered":"<p>Una gu\u00eda compacta, ideal para viajes ligeros, pero que contiene lo mejor de Turqu\u00eda y rebosa de informaci\u00f3n pr\u00e1ctica totalmente actualizada.<br \/> A trav\u00e9s de Una mirada a Turqu\u00eda, la gu\u00eda ofrece una breve historia del pa\u00eds con unas claves para entender la realidad actual y su perfil social y geogr\u00e1fico; tambi\u00e9n se incluye un art\u00edculo sobre celebridades turcas.<br \/> En el apartado Diez lugares inolvidables, se hace una propuesta en unas pocas hojas con lo mejor de Turqu\u00eda seg\u00fan el autor, para aquellos que prefieren ir directamente a lo fundamental: ciudades, pueblos, monumentos, ruinas, playas, parajes naturales&#8230;<br \/> Visita a Turqu\u00eda ofrece una visi\u00f3n m\u00e1s detenida de lo mejor del pa\u00eds. Divide su informaci\u00f3n en un cap\u00edtulo dedicado a Estambul (incluye alrededores) y otro dedicado al resto de localidades de inter\u00e9s. En ambos se eval\u00faan los destinos por un sistema de clasificaci\u00f3n por estrellas seg\u00fan su relevancia e inter\u00e9s.<br \/> D\u00f3nde&#8230; es una peque\u00f1a pero \u00fatil selecci\u00f3n de establecimientos donde Comer y beber, Alojarse, Comprar, Divertirse e Ir con ni\u00f1os, con toda la informaci\u00f3n que se necesita sobre \u00e9stos.<br \/> Por \u00faltimo, la secci\u00f3n Informaciones pr\u00e1cticas ofrece informaci\u00f3n de primera necesidad para moverse por el pa\u00eds, as\u00ed como recomendaciones y direcciones \u00fatiles, adem\u00e1s de un peque\u00f1o glosario de t\u00e9rminos en turco.<br \/> Junto con la gu\u00eda, se regala un plano desplegable de Estambul.<\/p>\n","protected":false},"excerpt":{"rendered":"<p>STRUBELL, PABLO<\/p>\n","protected":false},"featured_media":432999,"template":"","meta":{"_acf_changed":false,"om_disable_all_campaigns":false,"rs_blank_template":"","rs_page_bg_color":"","slide_template_v7":"","inline_featured_image":false,"_monsterinsights_skip_tracking":false,"_monsterinsights_sitenote_active":false,"_monsterinsights_sitenote_note":"","_monsterinsights_sitenote_category":0},"product_brand":[],"product_cat":[557,107],"product_tag":[],"class_list":{"0":"post-432998","1":"product","2":"type-product","3":"status-publish","4":"has-post-thumbnail","6":"product_cat-guias-de-viaje","7":"product_cat-guies-de-viatge","9":"first","10":"instock","11":"taxable","12":"shipping-taxable","13":"purchasable","14":"product-type-simple"},"acf":{"autor":"STRUBELL, PABLO","codart":"849935692","libros-coleccion":"","ediciones":"1","encuadernacion":"R\u00fastica","fecha_de_publicacion":"11\/03\/2016","novedad":"0","paginas":"143","subtitulo":"","orden":"999","portada":"0","idioma":"spa","editorial":[{"ID":261810,"post_author":"3","post_date":"2022-10-24 11:16:08","post_date_gmt":"2022-10-24 09:16:08","post_content":"","post_title":"ANAYA TOURING CLUB","post_excerpt":"","post_status":"publish","comment_status":"closed","ping_status":"closed","post_password":"","post_name":"anaya-touring-club-2","to_ping":"","pinged":"","post_modified":"2022-10-24 11:16:08","post_modified_gmt":"2022-10-24 09:16:08","post_content_filtered":"","post_parent":0,"guid":"http:\/\/dev.claret.cat\/editorial\/anaya-touring-club-2\/","menu_order":0,"post_type":"editorial","post_mime_type":"","comment_count":"0","filter":"raw"}],"autores-libros":[{"ID":166455,"post_author":"3","post_date":"2022-10-14 18:03:24","post_date_gmt":"2022-10-14 16:03:24","post_content":"","post_title":"PABLO STRUBELL","post_excerpt":"","post_status":"publish","comment_status":"closed","ping_status":"closed","post_password":"","post_name":"pablo-strubell","to_ping":"","pinged":"","post_modified":"2022-10-14 18:03:24","post_modified_gmt":"2022-10-14 16:03:24","post_content_filtered":"","post_parent":0,"guid":"http:\/\/dev.claret.cat\/autor\/pablo-strubell\/","menu_order":0,"post_type":"autor","post_mime_type":"","comment_count":"0","filter":"raw"}]},"aioseo_notices":[],"_links":{"self":[{"href":"https:\/\/www.claret.cat\/es\/wp-json\/wp\/v2\/product\/432998","targetHints":{"allow":["GET"]}}],"collection":[{"href":"https:\/\/www.claret.cat\/es\/wp-json\/wp\/v2\/product"}],"about":[{"href":"https:\/\/www.claret.cat\/es\/wp-json\/wp\/v2\/types\/product"}],"wp:featuredmedia":[{"embeddable":true,"href":"https:\/\/www.claret.cat\/es\/wp-json\/wp\/v2\/media\/432999"}],"wp:attachment":[{"href":"https:\/\/www.claret.cat\/es\/wp-json\/wp\/v2\/media?parent=432998"}],"wp:term":[{"taxonomy":"product_brand","embeddable":true,"href":"https:\/\/www.claret.cat\/es\/wp-json\/wp\/v2\/product_brand?post=432998"},{"taxonomy":"product_cat","embeddable":true,"href":"https:\/\/www.claret.cat\/es\/wp-json\/wp\/v2\/product_cat?post=432998"},{"taxonomy":"product_tag","embeddable":true,"href":"https:\/\/www.claret.cat\/es\/wp-json\/wp\/v2\/product_tag?post=432998"}],"curies":[{"name":"wp","href":"https:\/\/api.w.org\/{rel}","templated":true}]}}