{"id":433013,"date":"2023-05-18T17:53:05","date_gmt":"2023-05-18T15:53:05","guid":{"rendered":"https:\/\/www.claret.cat\/llibre\/guia-del-camino-de-santiago-camino-frances-9788499357522\/"},"modified":"2023-05-18T17:53:11","modified_gmt":"2023-05-18T15:53:11","slug":"guia-del-camino-de-santiago-camino-frances-9788499357522","status":"publish","type":"product","link":"https:\/\/www.claret.cat\/es\/libro\/guia-del-camino-de-santiago-camino-frances-9788499357522\/","title":{"rendered":"GU\u00cdA DEL CAMINO DE SANTIAGO. CAMINO FRANC\u00c9S"},"content":{"rendered":"<p>Ant\u00f3n Pombo (periodista e historiador), subdirector de la revista Camino de Santiago, ha recorrido la Ruta Jacobea en muchas ocasiones (cuatro veces s\u00f3lo para la realizaci\u00f3n de esta gu\u00eda). El Camino de Santiago en 66 etapas, paso a paso, incluidos los caminos en el sur de Francia y su prolongaci\u00f3n desde Santiago hasta Fisterra. Toda la informaci\u00f3n de inter\u00e9s para el peregrino organizada en torno a mapas del m\u00e1ximo detalle: calidad del suelo en cada tramo (pedregoso, tierra pisada, asfaltado&#8230;), gradiente de cuestas, perfiles altim\u00e9tricos, zonas en sombra, fuentes, albergues&#8230; Ciudades, pueblos y aldeas: su atm\u00f3sfera jacobea, los vestigios hist\u00f3ricos y art\u00edsticos de la peregrinaci\u00f3n&#8230; Albergues, hostales, restaurantes y todos los servicios para el peregrino disponibles en cada punto de las etapas.<\/p>\n","protected":false},"excerpt":{"rendered":"<p>POMBO RODR\u00cdGUEZ, ANT\u00d3N<\/p>\n","protected":false},"featured_media":433014,"template":"","meta":{"_acf_changed":false,"om_disable_all_campaigns":false,"rs_blank_template":"","rs_page_bg_color":"","slide_template_v7":"","inline_featured_image":false,"_monsterinsights_skip_tracking":false,"_monsterinsights_sitenote_active":false,"_monsterinsights_sitenote_note":"","_monsterinsights_sitenote_category":0},"product_brand":[],"product_cat":[557,107],"product_tag":[],"class_list":{"0":"post-433013","1":"product","2":"type-product","3":"status-publish","4":"has-post-thumbnail","6":"product_cat-guias-de-viaje","7":"product_cat-guies-de-viatge","9":"first","10":"instock","11":"taxable","12":"shipping-taxable","13":"purchasable","14":"product-type-simple"},"acf":{"autor":"POMBO RODR\u00cdGUEZ, ANT\u00d3N","codart":"849935752","libros-coleccion":"","ediciones":"1","encuadernacion":"R\u00fastica","fecha_de_publicacion":"11\/03\/2016","novedad":"0","paginas":"389","subtitulo":"CAMINO FRANCES","orden":"999","portada":"0","idioma":"spa","editorial":[{"ID":261810,"post_author":"3","post_date":"2022-10-24 11:16:08","post_date_gmt":"2022-10-24 09:16:08","post_content":"","post_title":"ANAYA TOURING CLUB","post_excerpt":"","post_status":"publish","comment_status":"closed","ping_status":"closed","post_password":"","post_name":"anaya-touring-club-2","to_ping":"","pinged":"","post_modified":"2022-10-24 11:16:08","post_modified_gmt":"2022-10-24 09:16:08","post_content_filtered":"","post_parent":0,"guid":"http:\/\/dev.claret.cat\/editorial\/anaya-touring-club-2\/","menu_order":0,"post_type":"editorial","post_mime_type":"","comment_count":"0","filter":"raw"}],"autores-libros":[{"ID":150794,"post_author":"3","post_date":"2022-10-14 14:35:48","post_date_gmt":"2022-10-14 12:35:48","post_content":"","post_title":"ANT\u00d3N POMBO RODR\u00cdGUEZ","post_excerpt":"","post_status":"publish","comment_status":"closed","ping_status":"closed","post_password":"","post_name":"anton-pombo-rodriguez","to_ping":"","pinged":"","post_modified":"2022-10-14 14:35:48","post_modified_gmt":"2022-10-14 12:35:48","post_content_filtered":"","post_parent":0,"guid":"http:\/\/dev.claret.cat\/autor\/anton-pombo-rodriguez\/","menu_order":0,"post_type":"autor","post_mime_type":"","comment_count":"0","filter":"raw"}]},"aioseo_notices":[],"_links":{"self":[{"href":"https:\/\/www.claret.cat\/es\/wp-json\/wp\/v2\/product\/433013","targetHints":{"allow":["GET"]}}],"collection":[{"href":"https:\/\/www.claret.cat\/es\/wp-json\/wp\/v2\/product"}],"about":[{"href":"https:\/\/www.claret.cat\/es\/wp-json\/wp\/v2\/types\/product"}],"wp:featuredmedia":[{"embeddable":true,"href":"https:\/\/www.claret.cat\/es\/wp-json\/wp\/v2\/media\/433014"}],"wp:attachment":[{"href":"https:\/\/www.claret.cat\/es\/wp-json\/wp\/v2\/media?parent=433013"}],"wp:term":[{"taxonomy":"product_brand","embeddable":true,"href":"https:\/\/www.claret.cat\/es\/wp-json\/wp\/v2\/product_brand?post=433013"},{"taxonomy":"product_cat","embeddable":true,"href":"https:\/\/www.claret.cat\/es\/wp-json\/wp\/v2\/product_cat?post=433013"},{"taxonomy":"product_tag","embeddable":true,"href":"https:\/\/www.claret.cat\/es\/wp-json\/wp\/v2\/product_tag?post=433013"}],"curies":[{"name":"wp","href":"https:\/\/api.w.org\/{rel}","templated":true}]}}