{"id":433040,"date":"2023-05-18T17:54:46","date_gmt":"2023-05-18T15:54:46","guid":{"rendered":"https:\/\/www.claret.cat\/llibre\/granada-urban-9788499357812\/"},"modified":"2023-05-18T17:54:52","modified_gmt":"2023-05-18T15:54:52","slug":"granada-urban-9788499357812","status":"publish","type":"product","link":"https:\/\/www.claret.cat\/es\/libro\/granada-urban-9788499357812\/","title":{"rendered":"GRANADA (URBAN)"},"content":{"rendered":"<p>&quot; Esta Gu\u00eda Total de Granada contiene la mejor informaci\u00f3n sobre la ciudad de Granada y su provincia totalmente actualizada. <br \/> En el primer cap\u00edtulo de esta gu\u00eda se describen cuatro Itinerarios por Granada, para recorrer los barrios y conocer los monumentos m\u00e1s caracter\u00edsticos e interesantes de la ciudad: el Albayz\u00edn, la Alhambra, la ciudad cristiana&#8230;.<br \/> En la secci\u00f3n titulada Granada de la A a la Z se describen las localidades y comarcas m\u00e1s significativas de la provincia, como Almu\u00f1\u00e9car, La Alpujarra, Baza, Guadix, Lorca, Motril o Sierra Nevada, entre otras. Los planos y mapas que se incluyen facilitar\u00e1n todos los desplazamientos.<br \/> El contexto, el tercer apartado, supone un buen modo de aproximarse a la historia, la arquitectura, la literatura, la artesan\u00eda, la gastronom\u00eda y las tradiciones de Granada. <br \/> En el cap\u00edtulo Informaciones pr\u00e1cticas se han seleccionado un buen n\u00famero de direcciones de hoteles, restaurantes, museos, comercios, etc.<br \/> El car\u00e1cter pr\u00e1ctico de la gu\u00eda se ve completado con un mapa de carreteras de la provincia en escala 1:400.000 y un plano desplegable de Granada de regalo. &quot;<\/p>\n","protected":false},"excerpt":{"rendered":"<p>ARJONA MOLINA, RAFAEL \/ WALS, LOLA<\/p>\n","protected":false},"featured_media":433041,"template":"","meta":{"_acf_changed":false,"om_disable_all_campaigns":false,"rs_blank_template":"","rs_page_bg_color":"","slide_template_v7":"","inline_featured_image":false,"_monsterinsights_skip_tracking":false,"_monsterinsights_sitenote_active":false,"_monsterinsights_sitenote_note":"","_monsterinsights_sitenote_category":0},"product_brand":[],"product_cat":[557,107],"product_tag":[],"class_list":{"0":"post-433040","1":"product","2":"type-product","3":"status-publish","4":"has-post-thumbnail","6":"product_cat-guias-de-viaje","7":"product_cat-guies-de-viatge","9":"first","10":"instock","11":"taxable","12":"shipping-taxable","13":"purchasable","14":"product-type-simple"},"acf":{"autor":"ARJONA MOLINA, RAFAEL \/ WALS, LOLA","codart":"849935781","libros-coleccion":"","ediciones":"1","encuadernacion":"R\u00fastica","fecha_de_publicacion":"11\/03\/2016","novedad":"0","paginas":"263","subtitulo":"","orden":"999","portada":"0","idioma":"spa","editorial":[{"ID":261810,"post_author":"3","post_date":"2022-10-24 11:16:08","post_date_gmt":"2022-10-24 09:16:08","post_content":"","post_title":"ANAYA TOURING CLUB","post_excerpt":"","post_status":"publish","comment_status":"closed","ping_status":"closed","post_password":"","post_name":"anaya-touring-club-2","to_ping":"","pinged":"","post_modified":"2022-10-24 11:16:08","post_modified_gmt":"2022-10-24 09:16:08","post_content_filtered":"","post_parent":0,"guid":"http:\/\/dev.claret.cat\/editorial\/anaya-touring-club-2\/","menu_order":0,"post_type":"editorial","post_mime_type":"","comment_count":"0","filter":"raw"}],"autores-libros":[{"ID":167561,"post_author":"3","post_date":"2022-10-14 18:12:11","post_date_gmt":"2022-10-14 16:12:11","post_content":"","post_title":"RAFAEL ARJONA MOLINA","post_excerpt":"","post_status":"publish","comment_status":"closed","ping_status":"closed","post_password":"","post_name":"rafael-arjona-molina","to_ping":"","pinged":"","post_modified":"2022-10-14 18:12:11","post_modified_gmt":"2022-10-14 16:12:11","post_content_filtered":"","post_parent":0,"guid":"http:\/\/dev.claret.cat\/autor\/rafael-arjona-molina\/","menu_order":0,"post_type":"autor","post_mime_type":"","comment_count":"0","filter":"raw"},{"ID":425557,"post_author":"3","post_date":"2023-05-16 08:24:11","post_date_gmt":"2023-05-16 06:24:11","post_content":"","post_title":"LOLA WALS","post_excerpt":"","post_status":"publish","comment_status":"closed","ping_status":"closed","post_password":"","post_name":"lola-wals","to_ping":"","pinged":"","post_modified":"2023-05-16 08:24:11","post_modified_gmt":"2023-05-16 06:24:11","post_content_filtered":"","post_parent":0,"guid":"https:\/\/www.claret.cat\/autor\/lola-wals\/","menu_order":0,"post_type":"autor","post_mime_type":"","comment_count":"0","filter":"raw"}]},"aioseo_notices":[],"_links":{"self":[{"href":"https:\/\/www.claret.cat\/es\/wp-json\/wp\/v2\/product\/433040","targetHints":{"allow":["GET"]}}],"collection":[{"href":"https:\/\/www.claret.cat\/es\/wp-json\/wp\/v2\/product"}],"about":[{"href":"https:\/\/www.claret.cat\/es\/wp-json\/wp\/v2\/types\/product"}],"wp:featuredmedia":[{"embeddable":true,"href":"https:\/\/www.claret.cat\/es\/wp-json\/wp\/v2\/media\/433041"}],"wp:attachment":[{"href":"https:\/\/www.claret.cat\/es\/wp-json\/wp\/v2\/media?parent=433040"}],"wp:term":[{"taxonomy":"product_brand","embeddable":true,"href":"https:\/\/www.claret.cat\/es\/wp-json\/wp\/v2\/product_brand?post=433040"},{"taxonomy":"product_cat","embeddable":true,"href":"https:\/\/www.claret.cat\/es\/wp-json\/wp\/v2\/product_cat?post=433040"},{"taxonomy":"product_tag","embeddable":true,"href":"https:\/\/www.claret.cat\/es\/wp-json\/wp\/v2\/product_tag?post=433040"}],"curies":[{"name":"wp","href":"https:\/\/api.w.org\/{rel}","templated":true}]}}