{"id":433055,"date":"2023-05-18T17:55:45","date_gmt":"2023-05-18T15:55:45","guid":{"rendered":"https:\/\/www.claret.cat\/llibre\/irlanda-9788499357898\/"},"modified":"2023-05-18T17:55:52","modified_gmt":"2023-05-18T15:55:52","slug":"irlanda-9788499357898","status":"publish","type":"product","link":"https:\/\/www.claret.cat\/es\/libro\/irlanda-9788499357898\/","title":{"rendered":"IRLANDA"},"content":{"rendered":"<p>&quot; Conoce Irlanda e Irlanda del Norte con este manual de car\u00e1cter eminentemente pr\u00e1ctico y con la informaci\u00f3n totalmente actualizada.<br \/> Contiene toda la informaci\u00f3n necesaria para preparar el viaje y, una vez all\u00ed, moverse libremente por el pa\u00eds; tambi\u00e9n un glosario de t\u00e9rminos \u00fatiles en ingl\u00e9s y ga\u00e9lico.<br \/> Las localidades y lugares de inter\u00e9s de las dos Irlandas, ordenados de la A a la Z, se describen siguiendo varias secciones fijas: Info, Transportes, La Visita, Comer, Dormir, La Noche, Compras&#8230; Adem\u00e1s se a\u00f1aden otras secciones espec\u00edficas en funci\u00f3n de las caracter\u00edsticas concretas de cada lugar: fiestas, tradiciones, historia&#8230; y se incluyen interesantes excursiones por los alrededores con sus correspondientes informaciones pr\u00e1cticas. <br \/> Para facilitar la visita se incluyen planos de las principales ciudades con los ambientes urbanos de d\u00eda y de noche, donde se se\u00f1alan las mejores zonas donde comprar, pasear o salir de noche.<br \/> La visita se completa con abundante informaci\u00f3n pr\u00e1ctica sobre hoteles, restaurantes y otros servicios tur\u00edsticos seleccionados siguiendo un riguroso criterio de calidad\/precio. <br \/> Finalmente, El Contexto comprende un resumen de la historia de Irlanda del norte y sur, as\u00ed como diversos art\u00edculos sobre religi\u00f3n, costumbres, cultura y otros aspectos interesantes.<br \/> Completa la informaci\u00f3n un mapa general de carreteras que se\u00f1ala todos los lugares de inter\u00e9s indicados en la gu\u00eda, as\u00ed como un plano desplegable de la ciudad de Dubl\u00edn. &quot;<\/p>\n","protected":false},"excerpt":{"rendered":"<p>TORRES, ANTONIO \/ BLANCO BARBA, ELISA<\/p>\n","protected":false},"featured_media":433056,"template":"","meta":{"_acf_changed":false,"om_disable_all_campaigns":false,"rs_blank_template":"","rs_page_bg_color":"","slide_template_v7":"","inline_featured_image":false,"_monsterinsights_skip_tracking":false,"_monsterinsights_sitenote_active":false,"_monsterinsights_sitenote_note":"","_monsterinsights_sitenote_category":0},"product_brand":[],"product_cat":[557,107],"product_tag":[],"class_list":{"0":"post-433055","1":"product","2":"type-product","3":"status-publish","4":"has-post-thumbnail","6":"product_cat-guias-de-viaje","7":"product_cat-guies-de-viatge","9":"first","10":"instock","11":"taxable","12":"shipping-taxable","13":"purchasable","14":"product-type-simple"},"acf":{"autor":"TORRES, ANTONIO \/ BLANCO BARBA, ELISA","codart":"849935789","libros-coleccion":"","ediciones":"1","encuadernacion":"R\u00fastica","fecha_de_publicacion":"11\/03\/2016","novedad":"0","paginas":"303","subtitulo":"","orden":"999","portada":"0","idioma":"spa","editorial":[{"ID":261810,"post_author":"3","post_date":"2022-10-24 11:16:08","post_date_gmt":"2022-10-24 09:16:08","post_content":"","post_title":"ANAYA TOURING CLUB","post_excerpt":"","post_status":"publish","comment_status":"closed","ping_status":"closed","post_password":"","post_name":"anaya-touring-club-2","to_ping":"","pinged":"","post_modified":"2022-10-24 11:16:08","post_modified_gmt":"2022-10-24 09:16:08","post_content_filtered":"","post_parent":0,"guid":"http:\/\/dev.claret.cat\/editorial\/anaya-touring-club-2\/","menu_order":0,"post_type":"editorial","post_mime_type":"","comment_count":"0","filter":"raw"}],"autores-libros":[{"ID":420486,"post_author":"3","post_date":"2023-05-16 00:51:40","post_date_gmt":"2023-05-15 22:51:40","post_content":"","post_title":"ANTONIO TORRES","post_excerpt":"","post_status":"publish","comment_status":"closed","ping_status":"closed","post_password":"","post_name":"antonio-torres","to_ping":"","pinged":"","post_modified":"2023-05-16 00:51:40","post_modified_gmt":"2023-05-15 22:51:40","post_content_filtered":"","post_parent":0,"guid":"https:\/\/www.claret.cat\/autor\/antonio-torres\/","menu_order":0,"post_type":"autor","post_mime_type":"","comment_count":"0","filter":"raw"},{"ID":154791,"post_author":"3","post_date":"2022-10-14 15:07:40","post_date_gmt":"2022-10-14 13:07:40","post_content":"","post_title":"ELISA BLANCO BARBA","post_excerpt":"","post_status":"publish","comment_status":"closed","ping_status":"closed","post_password":"","post_name":"elisa-blanco-barba","to_ping":"","pinged":"","post_modified":"2022-10-14 15:07:40","post_modified_gmt":"2022-10-14 13:07:40","post_content_filtered":"","post_parent":0,"guid":"http:\/\/dev.claret.cat\/autor\/elisa-blanco-barba\/","menu_order":0,"post_type":"autor","post_mime_type":"","comment_count":"0","filter":"raw"}]},"aioseo_notices":[],"_links":{"self":[{"href":"https:\/\/www.claret.cat\/es\/wp-json\/wp\/v2\/product\/433055","targetHints":{"allow":["GET"]}}],"collection":[{"href":"https:\/\/www.claret.cat\/es\/wp-json\/wp\/v2\/product"}],"about":[{"href":"https:\/\/www.claret.cat\/es\/wp-json\/wp\/v2\/types\/product"}],"wp:featuredmedia":[{"embeddable":true,"href":"https:\/\/www.claret.cat\/es\/wp-json\/wp\/v2\/media\/433056"}],"wp:attachment":[{"href":"https:\/\/www.claret.cat\/es\/wp-json\/wp\/v2\/media?parent=433055"}],"wp:term":[{"taxonomy":"product_brand","embeddable":true,"href":"https:\/\/www.claret.cat\/es\/wp-json\/wp\/v2\/product_brand?post=433055"},{"taxonomy":"product_cat","embeddable":true,"href":"https:\/\/www.claret.cat\/es\/wp-json\/wp\/v2\/product_cat?post=433055"},{"taxonomy":"product_tag","embeddable":true,"href":"https:\/\/www.claret.cat\/es\/wp-json\/wp\/v2\/product_tag?post=433055"}],"curies":[{"name":"wp","href":"https:\/\/api.w.org\/{rel}","templated":true}]}}