{"id":433061,"date":"2023-05-18T17:56:08","date_gmt":"2023-05-18T15:56:08","guid":{"rendered":"https:\/\/www.claret.cat\/llibre\/berlin-9788499358000\/"},"modified":"2023-05-18T17:56:13","modified_gmt":"2023-05-18T15:56:13","slug":"berlin-9788499358000","status":"publish","type":"product","link":"https:\/\/www.claret.cat\/es\/libro\/berlin-9788499358000\/","title":{"rendered":"BERL\u00cdN"},"content":{"rendered":"<p>La desmesurada ciudad que hoy recibe al turista con distancias de 45 km de este a oeste y 39 km de norte a sur, s\u00f3lo data de 1871, cuando Bismarck la convirti\u00f3 en capital de la Alemania imperial. Ten\u00eda entonces Berl\u00edn medio mill\u00f3n de habitantes y atrajo tal cantidad de industrias y emigrantes que, en 1920, cuando los pueblos circundantes fueron convertidos en los 20 barrios actuales, la ciudad amaneci\u00f3 con casi 4 millones de almas. El Berl\u00edn del siglo XXI se presenta con una nueva etapa de febril reconstrucci\u00f3n, sobre todo para borrar las cicatrices del Muro. Puede que para quien visita Berl\u00edn no sean f\u00e1ciles de entender los entresijos de este aparente caos. Si se logra vislumbrar qu\u00e9 intereses mueven este espect\u00e1culo reconstructor, Berl\u00edn no s\u00f3lo resulta un magn\u00edfico cat\u00e1logo de arquitectura, sino un manual abierto de c\u00f3mo funciona el mundo posmoderno.<br \/> Intercity Guides es la mejor gu\u00eda para conocer todas las claves de la singular capital de Alemania. Con un nuevo dise\u00f1o m\u00e1s pr\u00e1ctico y moderno, bellas fotograf\u00edas, la mejor informaci\u00f3n para dormir y comer al mejor precio, lugares de ocio nocturno, compras y mercadillos, y todo lo que no hay que perderse. Adem\u00e1s incluye planos desplegables de todos los barrios de la ciudad, con los ambientes se\u00f1alados, de d\u00eda y de noche.<\/p>\n","protected":false},"excerpt":{"rendered":"<p>CALVO L\u00d3PEZ-GUERRERO, GABRIEL \/ TZSCHASCHEL, SABINE<\/p>\n","protected":false},"featured_media":433062,"template":"","meta":{"_acf_changed":false,"om_disable_all_campaigns":false,"rs_blank_template":"","rs_page_bg_color":"","slide_template_v7":"","inline_featured_image":false,"_monsterinsights_skip_tracking":false,"_monsterinsights_sitenote_active":false,"_monsterinsights_sitenote_note":"","_monsterinsights_sitenote_category":0},"product_brand":[],"product_cat":[557,107],"product_tag":[],"class_list":{"0":"post-433061","1":"product","2":"type-product","3":"status-publish","4":"has-post-thumbnail","6":"product_cat-guias-de-viaje","7":"product_cat-guies-de-viatge","9":"first","10":"instock","11":"taxable","12":"shipping-taxable","13":"purchasable","14":"product-type-simple"},"acf":{"autor":"CALVO L\u00d3PEZ-GUERRERO, GABRIEL \/ TZSCHASCHEL, SABINE","codart":"849935800","libros-coleccion":"SUSHI BOOKS","ediciones":"1","encuadernacion":"Carpeta","fecha_de_publicacion":"01\/03\/2016","novedad":"1","paginas":"264","subtitulo":"","orden":"0","portada":"0","idioma":"spa","editorial":[{"ID":147435,"post_author":"3","post_date":"2022-10-14 11:50:33","post_date_gmt":"2022-10-14 09:50:33","post_content":"","post_title":"Anaya Touring","post_excerpt":"","post_status":"publish","comment_status":"closed","ping_status":"closed","post_password":"","post_name":"anaya-touring","to_ping":"","pinged":"","post_modified":"2022-10-14 11:50:33","post_modified_gmt":"2022-10-14 09:50:33","post_content_filtered":"","post_parent":0,"guid":"http:\/\/dev.claret.cat\/editorial\/anaya-touring\/","menu_order":0,"post_type":"editorial","post_mime_type":"","comment_count":"0","filter":"raw"}],"autores-libros":[{"ID":168771,"post_author":"3","post_date":"2022-10-14 22:21:49","post_date_gmt":"2022-10-14 20:21:49","post_content":"","post_title":"SABINE TZSCHASCHEL","post_excerpt":"","post_status":"publish","comment_status":"closed","ping_status":"closed","post_password":"","post_name":"sabine-tzschaschel","to_ping":"","pinged":"","post_modified":"2022-10-14 22:21:49","post_modified_gmt":"2022-10-14 20:21:49","post_content_filtered":"","post_parent":0,"guid":"http:\/\/dev.claret.cat\/autor\/sabine-tzschaschel\/","menu_order":0,"post_type":"autor","post_mime_type":"","comment_count":"0","filter":"raw"},{"ID":156510,"post_author":"3","post_date":"2022-10-14 15:21:23","post_date_gmt":"2022-10-14 13:21:23","post_content":"","post_title":"GABRIEL CALVO L\u00d3PEZ-GUERRERO","post_excerpt":"","post_status":"publish","comment_status":"closed","ping_status":"closed","post_password":"","post_name":"gabriel-calvo-lopez-guerrero","to_ping":"","pinged":"","post_modified":"2022-10-14 15:21:23","post_modified_gmt":"2022-10-14 13:21:23","post_content_filtered":"","post_parent":0,"guid":"http:\/\/dev.claret.cat\/autor\/gabriel-calvo-lopez-guerrero\/","menu_order":0,"post_type":"autor","post_mime_type":"","comment_count":"0","filter":"raw"}]},"aioseo_notices":[],"_links":{"self":[{"href":"https:\/\/www.claret.cat\/es\/wp-json\/wp\/v2\/product\/433061","targetHints":{"allow":["GET"]}}],"collection":[{"href":"https:\/\/www.claret.cat\/es\/wp-json\/wp\/v2\/product"}],"about":[{"href":"https:\/\/www.claret.cat\/es\/wp-json\/wp\/v2\/types\/product"}],"wp:featuredmedia":[{"embeddable":true,"href":"https:\/\/www.claret.cat\/es\/wp-json\/wp\/v2\/media\/433062"}],"wp:attachment":[{"href":"https:\/\/www.claret.cat\/es\/wp-json\/wp\/v2\/media?parent=433061"}],"wp:term":[{"taxonomy":"product_brand","embeddable":true,"href":"https:\/\/www.claret.cat\/es\/wp-json\/wp\/v2\/product_brand?post=433061"},{"taxonomy":"product_cat","embeddable":true,"href":"https:\/\/www.claret.cat\/es\/wp-json\/wp\/v2\/product_cat?post=433061"},{"taxonomy":"product_tag","embeddable":true,"href":"https:\/\/www.claret.cat\/es\/wp-json\/wp\/v2\/product_tag?post=433061"}],"curies":[{"name":"wp","href":"https:\/\/api.w.org\/{rel}","templated":true}]}}