{"id":433073,"date":"2023-05-18T17:56:49","date_gmt":"2023-05-18T15:56:49","guid":{"rendered":"https:\/\/www.claret.cat\/llibre\/budapest-9788499358147\/"},"modified":"2023-05-18T17:56:55","modified_gmt":"2023-05-18T15:56:55","slug":"budapest-9788499358147","status":"publish","type":"product","link":"https:\/\/www.claret.cat\/es\/libro\/budapest-9788499358147\/","title":{"rendered":"BUDAPEST"},"content":{"rendered":"<p>&quot; Una gu\u00eda compacta que concentra lo m\u00e1s interesante de la capital h\u00fangara, junto con abundante informaci\u00f3n pr\u00e1ctica totalmente actualizada. La mejor compa\u00f1\u00eda para un viaje fugaz a esta perla centroeuropea.<br \/> Una mirada a Budapest hace un breve recorrido por la historia de la ciudad, por su situaci\u00f3n econ\u00f3mica y sociopol\u00edtica actual, ofreciendo una panor\u00e1mica general.<br \/> En el apartado Diez lugares inolvidables, se propone una serie de monumentos que se consideran &#8216;imprescindibles&#8217; en la visita a la ciudad, todo ello con su correspondiente informaci\u00f3n pr\u00e1ctica.<br \/> En la secci\u00f3n Visita la ciudad se ofrece una visi\u00f3n pormenorizada de los distintos rincones de la ciudad con informaci\u00f3n m\u00e1s extensa. La informaci\u00f3n se divide en barrios; se proponen varios paseos a pie para recorrer los espacios m\u00e1s interesantes y tambi\u00e9n sobre excursiones a las afueras de la ciudad. Una sistema de clasificaci\u00f3n por estrellas eval\u00faa el inter\u00e9s de cada visita. Tambi\u00e9n se incluye informaci\u00f3n sobre gastronom\u00eda.<br \/> D\u00f3nde&#8230; es una peque\u00f1a pero \u00fatil selecci\u00f3n de establecimientos donde Comer y beber, Dormir, Comprar, Divertirse e Ir con ni\u00f1os, con toda la informaci\u00f3n que se necesita sobre \u00e9stos.<br \/> Por \u00faltimo, la secci\u00f3n Informaciones pr\u00e1cticas ofrece informaci\u00f3n de primera necesidad para preparar el viaje y moverse por la ciudad. Adem\u00e1s de un peque\u00f1o glosario de t\u00e9rminos en h\u00fangaro.<br \/> El car\u00e1cter pr\u00e1ctico de la gu\u00eda se ve reforzado con la cartograf\u00eda que se incluye: un plano desplegable de la ciudad. &quot;<\/p>\n","protected":false},"excerpt":{"rendered":"<p>G\u00d3MEZ, I\u00d1AKI \/ POMBO RODR\u00cdGUEZ, ANT\u00d3N \/ HATVANI, GY\u00d6NGYI<\/p>\n","protected":false},"featured_media":433074,"template":"","meta":{"_acf_changed":false,"om_disable_all_campaigns":false,"rs_blank_template":"","rs_page_bg_color":"","slide_template_v7":"","inline_featured_image":false,"_monsterinsights_skip_tracking":false,"_monsterinsights_sitenote_active":false,"_monsterinsights_sitenote_note":"","_monsterinsights_sitenote_category":0},"product_brand":[],"product_cat":[557,107],"product_tag":[],"class_list":{"0":"post-433073","1":"product","2":"type-product","3":"status-publish","4":"has-post-thumbnail","6":"product_cat-guias-de-viaje","7":"product_cat-guies-de-viatge","9":"first","10":"instock","11":"taxable","12":"shipping-taxable","13":"purchasable","14":"product-type-simple"},"acf":{"autor":"G\u00d3MEZ, I\u00d1AKI \/ POMBO RODR\u00cdGUEZ, ANT\u00d3N \/ HATVANI, GY\u00d6NGYI","codart":"849935814","libros-coleccion":"","ediciones":"1","encuadernacion":"R\u00fastica","fecha_de_publicacion":"11\/03\/2016","novedad":"0","paginas":"142","subtitulo":"","orden":"999","portada":"0","idioma":"spa","editorial":[{"ID":261810,"post_author":"3","post_date":"2022-10-24 11:16:08","post_date_gmt":"2022-10-24 09:16:08","post_content":"","post_title":"ANAYA TOURING CLUB","post_excerpt":"","post_status":"publish","comment_status":"closed","ping_status":"closed","post_password":"","post_name":"anaya-touring-club-2","to_ping":"","pinged":"","post_modified":"2022-10-24 11:16:08","post_modified_gmt":"2022-10-24 09:16:08","post_content_filtered":"","post_parent":0,"guid":"http:\/\/dev.claret.cat\/editorial\/anaya-touring-club-2\/","menu_order":0,"post_type":"editorial","post_mime_type":"","comment_count":"0","filter":"raw"}],"autores-libros":[{"ID":157950,"post_author":"3","post_date":"2022-10-14 15:32:57","post_date_gmt":"2022-10-14 13:32:57","post_content":"","post_title":"I\u00d1AKI G\u00d3MEZ","post_excerpt":"","post_status":"publish","comment_status":"closed","ping_status":"closed","post_password":"","post_name":"inaki-gomez","to_ping":"","pinged":"","post_modified":"2022-10-14 15:32:57","post_modified_gmt":"2022-10-14 13:32:57","post_content_filtered":"","post_parent":0,"guid":"http:\/\/dev.claret.cat\/autor\/inaki-gomez\/","menu_order":0,"post_type":"autor","post_mime_type":"","comment_count":"0","filter":"raw"},{"ID":150794,"post_author":"3","post_date":"2022-10-14 14:35:48","post_date_gmt":"2022-10-14 12:35:48","post_content":"","post_title":"ANT\u00d3N POMBO RODR\u00cdGUEZ","post_excerpt":"","post_status":"publish","comment_status":"closed","ping_status":"closed","post_password":"","post_name":"anton-pombo-rodriguez","to_ping":"","pinged":"","post_modified":"2022-10-14 14:35:48","post_modified_gmt":"2022-10-14 12:35:48","post_content_filtered":"","post_parent":0,"guid":"http:\/\/dev.claret.cat\/autor\/anton-pombo-rodriguez\/","menu_order":0,"post_type":"autor","post_mime_type":"","comment_count":"0","filter":"raw"},{"ID":423199,"post_author":"3","post_date":"2023-05-16 07:35:10","post_date_gmt":"2023-05-16 05:35:10","post_content":"","post_title":"GY\u00d6NGYI HATVANI","post_excerpt":"","post_status":"publish","comment_status":"closed","ping_status":"closed","post_password":"","post_name":"gyongyi-hatvani","to_ping":"","pinged":"","post_modified":"2023-05-16 07:35:10","post_modified_gmt":"2023-05-16 05:35:10","post_content_filtered":"","post_parent":0,"guid":"https:\/\/www.claret.cat\/autor\/gyongyi-hatvani\/","menu_order":0,"post_type":"autor","post_mime_type":"","comment_count":"0","filter":"raw"}]},"aioseo_notices":[],"_links":{"self":[{"href":"https:\/\/www.claret.cat\/es\/wp-json\/wp\/v2\/product\/433073","targetHints":{"allow":["GET"]}}],"collection":[{"href":"https:\/\/www.claret.cat\/es\/wp-json\/wp\/v2\/product"}],"about":[{"href":"https:\/\/www.claret.cat\/es\/wp-json\/wp\/v2\/types\/product"}],"wp:featuredmedia":[{"embeddable":true,"href":"https:\/\/www.claret.cat\/es\/wp-json\/wp\/v2\/media\/433074"}],"wp:attachment":[{"href":"https:\/\/www.claret.cat\/es\/wp-json\/wp\/v2\/media?parent=433073"}],"wp:term":[{"taxonomy":"product_brand","embeddable":true,"href":"https:\/\/www.claret.cat\/es\/wp-json\/wp\/v2\/product_brand?post=433073"},{"taxonomy":"product_cat","embeddable":true,"href":"https:\/\/www.claret.cat\/es\/wp-json\/wp\/v2\/product_cat?post=433073"},{"taxonomy":"product_tag","embeddable":true,"href":"https:\/\/www.claret.cat\/es\/wp-json\/wp\/v2\/product_tag?post=433073"}],"curies":[{"name":"wp","href":"https:\/\/api.w.org\/{rel}","templated":true}]}}