{"id":433091,"date":"2023-05-18T17:57:58","date_gmt":"2023-05-18T15:57:58","guid":{"rendered":"https:\/\/www.claret.cat\/llibre\/alicante-y-costa-blanca-9788499358307\/"},"modified":"2023-05-18T17:58:04","modified_gmt":"2023-05-18T15:58:04","slug":"alicante-y-costa-blanca-9788499358307","status":"publish","type":"product","link":"https:\/\/www.claret.cat\/es\/libro\/alicante-y-costa-blanca-9788499358307\/","title":{"rendered":"ALICANTE Y COSTA BLANCA"},"content":{"rendered":"<p>&quot; Una gu\u00eda pr\u00e1ctica y totalmente actualizada, ideal para realizar un corto viaje a Alicante ciudad y su provincia.<br \/> La gu\u00eda est\u00e1 dividida en cuatro apartados.<br \/> En el primero, titulado Diez Indispensables, se propone una selecci\u00f3n de los lugares, curiosidades y tradiciones de la zona que no hay que perderse: Playas de Alicante, Museo Arqueol\u00f3gico Provincial de Alicante, Benidorm, Terra M\u00edtica, Altea, Por la Marina Alta, El Palmeral de Elche, Turr\u00f3n de Jijona, Las Fogueres de Sant Joan, Orihuela y El encuentro de pueblos y culturas.<br \/> El segundo apartado, Visita a Alicante, consta de dos itinerarios a seguir, el itinerario b\u00e1sico y el complementario, donde se proporciona informaci\u00f3n detallada de los lugares con mayor inter\u00e9s. Tambi\u00e9n incluye un plano de la ciudad.<br \/> El siguiente apartado, Excursiones por Alicante, hace un recorrido por los lugares m\u00e1s emblem\u00e1ticos de la provincia: La isla de Tabarca, La Costa Blanca, Ruta de las palmeras, Ruta del r\u00edo Segura, Ruta de los almendros, Ruta de los castillos y Ruta del vino.<br \/> Finalmente, se incluye una amplia selecci\u00f3n de restaurantes, alojamientos, direcciones de museos y monumentos, as\u00ed como una exhaustiva informaci\u00f3n pr\u00e1ctica para moverse por la ciudad.<br \/> Con la gu\u00eda se regala un plano desplegable de la ciudad de Alicante con \u00edndice de calles y un mapa de carreteras de la provincia. &quot;<\/p>\n","protected":false},"excerpt":{"rendered":"<p>ESTEVE RAM\u00cdREZ, FRANCISCO \/ AVIS\u00d3N MART\u00cdNEZ, JUAN PABLO \/ DURO P\u00c9REZ, RUB\u00c9N \/ H<\/p>\n","protected":false},"featured_media":433092,"template":"","meta":{"_acf_changed":false,"om_disable_all_campaigns":false,"rs_blank_template":"","rs_page_bg_color":"","slide_template_v7":"","inline_featured_image":false,"_monsterinsights_skip_tracking":false,"_monsterinsights_sitenote_active":false,"_monsterinsights_sitenote_note":"","_monsterinsights_sitenote_category":0},"product_brand":[],"product_cat":[557,107],"product_tag":[],"class_list":{"0":"post-433091","1":"product","2":"type-product","3":"status-publish","4":"has-post-thumbnail","6":"product_cat-guias-de-viaje","7":"product_cat-guies-de-viatge","9":"first","10":"instock","11":"taxable","12":"shipping-taxable","13":"purchasable","14":"product-type-simple"},"acf":{"autor":"ESTEVE RAM\u00cdREZ, FRANCISCO \/ AVIS\u00d3N MART\u00cdNEZ, JUAN PABLO \/ DURO P\u00c9REZ, RUB\u00c9N \/ H","codart":"849935830","libros-coleccion":"","ediciones":"1","encuadernacion":"R\u00fastica","fecha_de_publicacion":"11\/03\/2016","novedad":"0","paginas":"142","subtitulo":"","orden":"999","portada":"0","idioma":"spa","editorial":[{"ID":261810,"post_author":"3","post_date":"2022-10-24 11:16:08","post_date_gmt":"2022-10-24 09:16:08","post_content":"","post_title":"ANAYA TOURING CLUB","post_excerpt":"","post_status":"publish","comment_status":"closed","ping_status":"closed","post_password":"","post_name":"anaya-touring-club-2","to_ping":"","pinged":"","post_modified":"2022-10-24 11:16:08","post_modified_gmt":"2022-10-24 09:16:08","post_content_filtered":"","post_parent":0,"guid":"http:\/\/dev.claret.cat\/editorial\/anaya-touring-club-2\/","menu_order":0,"post_type":"editorial","post_mime_type":"","comment_count":"0","filter":"raw"}],"autores-libros":[{"ID":428308,"post_author":"3","post_date":"2023-05-16 09:24:20","post_date_gmt":"2023-05-16 07:24:20","post_content":"","post_title":"RUB\u00c9N DURO P\u00c9REZ","post_excerpt":"","post_status":"publish","comment_status":"closed","ping_status":"closed","post_password":"","post_name":"ruben-duro-perez","to_ping":"","pinged":"","post_modified":"2023-05-16 09:24:20","post_modified_gmt":"2023-05-16 07:24:20","post_content_filtered":"","post_parent":0,"guid":"https:\/\/www.claret.cat\/autor\/ruben-duro-perez\/","menu_order":0,"post_type":"autor","post_mime_type":"","comment_count":"0","filter":"raw"},{"ID":161137,"post_author":"3","post_date":"2022-10-14 17:15:48","post_date_gmt":"2022-10-14 15:15:48","post_content":"","post_title":"JUAN PABLO AVIS\u00d3N MART\u00cdNEZ","post_excerpt":"","post_status":"publish","comment_status":"closed","ping_status":"closed","post_password":"","post_name":"juan-pablo-avison-martinez","to_ping":"","pinged":"","post_modified":"2022-10-14 17:15:48","post_modified_gmt":"2022-10-14 15:15:48","post_content_filtered":"","post_parent":0,"guid":"http:\/\/dev.claret.cat\/autor\/juan-pablo-avison-martinez\/","menu_order":0,"post_type":"autor","post_mime_type":"","comment_count":"0","filter":"raw"},{"ID":423200,"post_author":"3","post_date":"2023-05-16 07:35:11","post_date_gmt":"2023-05-16 05:35:11","post_content":"","post_title":"h","post_excerpt":"","post_status":"publish","comment_status":"closed","ping_status":"closed","post_password":"","post_name":"h","to_ping":"","pinged":"","post_modified":"2023-05-16 07:35:11","post_modified_gmt":"2023-05-16 05:35:11","post_content_filtered":"","post_parent":0,"guid":"https:\/\/www.claret.cat\/autor\/h\/","menu_order":0,"post_type":"autor","post_mime_type":"","comment_count":"0","filter":"raw"},{"ID":422758,"post_author":"3","post_date":"2023-05-16 07:25:29","post_date_gmt":"2023-05-16 05:25:29","post_content":"","post_title":"FRANCISCO ESTEVE RAM\u00cdREZ","post_excerpt":"","post_status":"publish","comment_status":"closed","ping_status":"closed","post_password":"","post_name":"francisco-esteve-ramirez","to_ping":"","pinged":"","post_modified":"2023-05-16 07:25:29","post_modified_gmt":"2023-05-16 05:25:29","post_content_filtered":"","post_parent":0,"guid":"https:\/\/www.claret.cat\/autor\/francisco-esteve-ramirez\/","menu_order":0,"post_type":"autor","post_mime_type":"","comment_count":"0","filter":"raw"}]},"aioseo_notices":[],"_links":{"self":[{"href":"https:\/\/www.claret.cat\/es\/wp-json\/wp\/v2\/product\/433091","targetHints":{"allow":["GET"]}}],"collection":[{"href":"https:\/\/www.claret.cat\/es\/wp-json\/wp\/v2\/product"}],"about":[{"href":"https:\/\/www.claret.cat\/es\/wp-json\/wp\/v2\/types\/product"}],"wp:featuredmedia":[{"embeddable":true,"href":"https:\/\/www.claret.cat\/es\/wp-json\/wp\/v2\/media\/433092"}],"wp:attachment":[{"href":"https:\/\/www.claret.cat\/es\/wp-json\/wp\/v2\/media?parent=433091"}],"wp:term":[{"taxonomy":"product_brand","embeddable":true,"href":"https:\/\/www.claret.cat\/es\/wp-json\/wp\/v2\/product_brand?post=433091"},{"taxonomy":"product_cat","embeddable":true,"href":"https:\/\/www.claret.cat\/es\/wp-json\/wp\/v2\/product_cat?post=433091"},{"taxonomy":"product_tag","embeddable":true,"href":"https:\/\/www.claret.cat\/es\/wp-json\/wp\/v2\/product_tag?post=433091"}],"curies":[{"name":"wp","href":"https:\/\/api.w.org\/{rel}","templated":true}]}}