{"id":433113,"date":"2023-05-18T17:59:21","date_gmt":"2023-05-18T15:59:21","guid":{"rendered":"https:\/\/www.claret.cat\/llibre\/el-youtuber-que-llego-en-patera-9788499424705\/"},"modified":"2023-05-18T17:59:28","modified_gmt":"2023-05-18T15:59:28","slug":"el-youtuber-que-llego-en-patera-9788499424705","status":"publish","type":"product","link":"https:\/\/www.claret.cat\/es\/libro\/el-youtuber-que-llego-en-patera-9788499424705\/","title":{"rendered":"EL YOUTUBER QUE LLEG\u00d3 EN PATERA"},"content":{"rendered":"<p>\u00abSi viene polic\u00eda, hago el Santa Claus\u00bb cantaba Lory Money en su primer v\u00eddeo de YouTube. Era 2011. Hab\u00eda llegado a Espa\u00f1a en patera cinco a\u00f1os antes, desde Senegal. Cada ma\u00f1ana plantaba su manta llena de CD y DVD junto al Mercado Central de Valencia. Bromeaba con los clientes, se re\u00eda de todo y de todos, tambi\u00e9n de s\u00ed mismo. Y cuando aparec\u00eda la autoridad sal\u00eda corriendo con la mercanc\u00eda al hombro. Como Santa Claus.<br \/> Compart\u00eda la afici\u00f3n por el rap con su amigo Cris. Fue \u00e9l quien le anim\u00f3 a reflejar su particular visi\u00f3n del mundo en letras de rap que luego los dos convert\u00edan en v\u00eddeos. Ten\u00eda flow. M\u00e1s que flow: Lory se cay\u00f3 de peque\u00f1o en una marmita de suaj, lo desprend\u00eda por todos los poros. \u00a1Suuuuuu! El mundo ten\u00eda que verlo. Y lo vio: en 2013 lleg\u00f3 Ola ke ase, su gran \u00e9xito. Tres millones de visitas en una semana. La locura. Los polic\u00edas que lo deten\u00edan por no tener la documentaci\u00f3n en regla acababan pidi\u00e9ndole que cantara para ellos en comisar\u00eda. De ah\u00ed a re\u00edrse del Peque\u00f1o Nicol\u00e1s, del \u00abrelaxing cup of caf\u00e9 con leche\u00bb y de las Fallas solo hab\u00eda un paso.<br \/> Hab\u00eda nacido Lory Money. Esta es su historia. Del top manta a monarca. Y no para: Lory sigue componiendo v\u00eddeos y canciones con guasa acerca de todo lo que pasa. Su misi\u00f3n es ponerles himnos a las modas. En estas p\u00e1ginas explica c\u00f3mo lo hace.<\/p>\n","protected":false},"excerpt":{"rendered":"<p>MONEY, LORY<\/p>\n","protected":false},"featured_media":433114,"template":"","meta":{"_acf_changed":false,"om_disable_all_campaigns":false,"rs_blank_template":"","rs_page_bg_color":"","slide_template_v7":"","inline_featured_image":false,"_monsterinsights_skip_tracking":false,"_monsterinsights_sitenote_active":false,"_monsterinsights_sitenote_note":"","_monsterinsights_sitenote_category":0},"product_brand":[],"product_cat":[549,99,353,87],"product_tag":[],"class_list":{"0":"post-433113","1":"product","2":"type-product","3":"status-publish","4":"has-post-thumbnail","6":"product_cat-biografias","7":"product_cat-biografies","8":"product_cat-literatura-2_humanidades","9":"product_cat-literatura","11":"first","12":"instock","13":"taxable","14":"shipping-taxable","15":"purchasable","16":"product-type-simple"},"acf":{"autor":"MONEY, LORY","codart":"849942470","libros-coleccion":"","ediciones":"1","encuadernacion":"R\u00fastica","fecha_de_publicacion":"10\/03\/2016","novedad":"0","paginas":"200","subtitulo":"","orden":"999","portada":"0","idioma":"spa","editorial":[{"ID":262387,"post_author":"3","post_date":"2022-10-24 11:23:43","post_date_gmt":"2022-10-24 09:23:43","post_content":"","post_title":"PENINSULA, EDITORIAL","post_excerpt":"","post_status":"publish","comment_status":"closed","ping_status":"closed","post_password":"","post_name":"peninsula-editorial","to_ping":"","pinged":"","post_modified":"2022-10-24 11:23:43","post_modified_gmt":"2022-10-24 09:23:43","post_content_filtered":"","post_parent":0,"guid":"http:\/\/dev.claret.cat\/editorial\/peninsula-editorial\/","menu_order":0,"post_type":"editorial","post_mime_type":"","comment_count":"0","filter":"raw"}],"autores-libros":[{"ID":425589,"post_author":"3","post_date":"2023-05-16 08:24:51","post_date_gmt":"2023-05-16 06:24:51","post_content":"","post_title":"LORY MONEY","post_excerpt":"","post_status":"publish","comment_status":"closed","ping_status":"closed","post_password":"","post_name":"lory-money","to_ping":"","pinged":"","post_modified":"2023-05-16 08:24:51","post_modified_gmt":"2023-05-16 06:24:51","post_content_filtered":"","post_parent":0,"guid":"https:\/\/www.claret.cat\/autor\/lory-money\/","menu_order":0,"post_type":"autor","post_mime_type":"","comment_count":"0","filter":"raw"}]},"aioseo_notices":[],"_links":{"self":[{"href":"https:\/\/www.claret.cat\/es\/wp-json\/wp\/v2\/product\/433113","targetHints":{"allow":["GET"]}}],"collection":[{"href":"https:\/\/www.claret.cat\/es\/wp-json\/wp\/v2\/product"}],"about":[{"href":"https:\/\/www.claret.cat\/es\/wp-json\/wp\/v2\/types\/product"}],"wp:featuredmedia":[{"embeddable":true,"href":"https:\/\/www.claret.cat\/es\/wp-json\/wp\/v2\/media\/433114"}],"wp:attachment":[{"href":"https:\/\/www.claret.cat\/es\/wp-json\/wp\/v2\/media?parent=433113"}],"wp:term":[{"taxonomy":"product_brand","embeddable":true,"href":"https:\/\/www.claret.cat\/es\/wp-json\/wp\/v2\/product_brand?post=433113"},{"taxonomy":"product_cat","embeddable":true,"href":"https:\/\/www.claret.cat\/es\/wp-json\/wp\/v2\/product_cat?post=433113"},{"taxonomy":"product_tag","embeddable":true,"href":"https:\/\/www.claret.cat\/es\/wp-json\/wp\/v2\/product_tag?post=433113"}],"curies":[{"name":"wp","href":"https:\/\/api.w.org\/{rel}","templated":true}]}}