{"id":433122,"date":"2023-05-18T17:59:55","date_gmt":"2023-05-18T15:59:55","guid":{"rendered":"https:\/\/www.claret.cat\/llibre\/entre-el-pasado-y-el-futuro-9788499424798\/"},"modified":"2023-05-18T18:00:03","modified_gmt":"2023-05-18T16:00:03","slug":"entre-el-pasado-y-el-futuro-9788499424798","status":"publish","type":"product","link":"https:\/\/www.claret.cat\/es\/libro\/entre-el-pasado-y-el-futuro-9788499424798\/","title":{"rendered":"ENTRE EL PASADO Y EL FUTURO"},"content":{"rendered":"<p>Justicia, raz\u00f3n, responsabilidad, virtud, gloria. Son palabras que han perdido vigencia en el moderno discurso pol\u00edtico. A trav\u00e9s de ocho ejercicios sobre la reflexi\u00f3n pol\u00edtica Hannah Arendt muestra c\u00f3mo podemos volver a destilar la esencia vital de esos conceptos tradicionales y emplearlos para valorar nuestra posici\u00f3n actual y recuperar un marco de referencia para el futuro. Su \u00fanico objetivo al redactarlos es \u00abadquirir experiencia en cuanto a c\u00f3mo pensar\u00bb y no \u00abinventar novedosos suced\u00e1neos con los que se pueda cerrar la brecha entre pasado y futuro\u00bb. En estos ejercicios \u00ablo que importa s\u00f3lo es c\u00f3mo moverse en esta brecha, la \u00fanica regi\u00f3n en la que, quiz\u00e1, al fin aparezca la verdad\u00bb. Participar en ellos constituye una forma activa de asociarse con una de las mentes m\u00e1s originales y fecundas de nuestro siglo.<\/p>\n","protected":false},"excerpt":{"rendered":"<p>ARENDT, HANNAH<\/p>\n","protected":false},"featured_media":433123,"template":"","meta":{"_acf_changed":false,"om_disable_all_campaigns":false,"rs_blank_template":"","rs_page_bg_color":"","slide_template_v7":"","inline_featured_image":false,"_monsterinsights_skip_tracking":false,"_monsterinsights_sitenote_active":false,"_monsterinsights_sitenote_note":"","_monsterinsights_sitenote_category":0},"product_brand":[],"product_cat":[83,349],"product_tag":[],"class_list":{"0":"post-433122","1":"product","2":"type-product","3":"status-publish","4":"has-post-thumbnail","6":"product_cat-filosofia","7":"product_cat-filosofia-2_humanidades","9":"first","10":"instock","11":"taxable","12":"shipping-taxable","13":"purchasable","14":"product-type-simple"},"acf":{"autor":"ARENDT, HANNAH","codart":"849942479","libros-coleccion":"","ediciones":"1","encuadernacion":"R\u00fastica","fecha_de_publicacion":"10\/02\/2016","novedad":"0","paginas":"430","subtitulo":"OCHO EJERCICIOS SOBRE LA REFLEXI\u00d3N POL\u00cdTICA","orden":"999","portada":"0","idioma":"spa","editorial":[{"ID":6327,"post_author":"3","post_date":"2022-07-28 17:49:48","post_date_gmt":"2022-07-28 15:49:48","post_content":"","post_title":"PENINSULA","post_excerpt":"","post_status":"publish","comment_status":"closed","ping_status":"closed","post_password":"","post_name":"peninsula","to_ping":"","pinged":"","post_modified":"2022-07-28 17:49:48","post_modified_gmt":"2022-07-28 15:49:48","post_content_filtered":"","post_parent":0,"guid":"http:\/\/dev.claret.cat\/editorial\/peninsula\/","menu_order":0,"post_type":"editorial","post_mime_type":"","comment_count":"0","filter":"raw"}],"autores-libros":[{"ID":157338,"post_author":"3","post_date":"2022-10-14 15:28:02","post_date_gmt":"2022-10-14 13:28:02","post_content":"","post_title":"HANNAH ARENDT","post_excerpt":"","post_status":"publish","comment_status":"closed","ping_status":"closed","post_password":"","post_name":"hannah-arendt","to_ping":"","pinged":"","post_modified":"2022-10-14 15:28:02","post_modified_gmt":"2022-10-14 13:28:02","post_content_filtered":"","post_parent":0,"guid":"http:\/\/dev.claret.cat\/autor\/hannah-arendt\/","menu_order":0,"post_type":"autor","post_mime_type":"","comment_count":"0","filter":"raw"}]},"aioseo_notices":[],"_links":{"self":[{"href":"https:\/\/www.claret.cat\/es\/wp-json\/wp\/v2\/product\/433122","targetHints":{"allow":["GET"]}}],"collection":[{"href":"https:\/\/www.claret.cat\/es\/wp-json\/wp\/v2\/product"}],"about":[{"href":"https:\/\/www.claret.cat\/es\/wp-json\/wp\/v2\/types\/product"}],"wp:featuredmedia":[{"embeddable":true,"href":"https:\/\/www.claret.cat\/es\/wp-json\/wp\/v2\/media\/433123"}],"wp:attachment":[{"href":"https:\/\/www.claret.cat\/es\/wp-json\/wp\/v2\/media?parent=433122"}],"wp:term":[{"taxonomy":"product_brand","embeddable":true,"href":"https:\/\/www.claret.cat\/es\/wp-json\/wp\/v2\/product_brand?post=433122"},{"taxonomy":"product_cat","embeddable":true,"href":"https:\/\/www.claret.cat\/es\/wp-json\/wp\/v2\/product_cat?post=433122"},{"taxonomy":"product_tag","embeddable":true,"href":"https:\/\/www.claret.cat\/es\/wp-json\/wp\/v2\/product_tag?post=433122"}],"curies":[{"name":"wp","href":"https:\/\/api.w.org\/{rel}","templated":true}]}}